{"id":3930,"date":"2019-07-12T10:26:43","date_gmt":"2019-07-12T08:26:43","guid":{"rendered":"https:\/\/fachschaft-wiwi.ms\/?page_id=3930"},"modified":"2026-03-10T22:58:09","modified_gmt":"2026-03-10T21:58:09","slug":"studierende","status":"publish","type":"page","link":"https:\/\/fachschaft-wiwi.ms\/en\/studierende\/","title":{"rendered":"Students"},"content":{"rendered":"<p>[et_pb_section fb_built=&#8220;1&#8243; _builder_version=&#8220;4.24.0&#8243; _dynamic_attributes=&#8220;background_image&#8220; _module_preset=&#8220;default&#8220; use_background_color_gradient=&#8220;on&#8220; background_color_gradient_stops=&#8220;rgba(27,52,88,0.75) 0%|rgba(27,52,88,0.75) 100%&#8220; background_color_gradient_overlays_image=&#8220;on&#8220; background_image=&#8220;@ET-DC@eyJkeW5hbWljIjp0cnVlLCJjb250ZW50IjoicG9zdF9mZWF0dXJlZF9pbWFnZSIsInNldHRpbmdzIjp7fX0=@&#8220; global_module=&#8220;28574&#8243; saved_tabs=&#8220;all&#8220; locked=&#8220;off&#8220; global_colors_info=&#8220;{}&#8220;][et_pb_row _builder_version=&#8220;4.24.0&#8243; _module_preset=&#8220;default&#8220; global_colors_info=&#8220;{}&#8220;][et_pb_column type=&#8220;4_4&#8243; _builder_version=&#8220;4.23.1&#8243; _module_preset=&#8220;default&#8220; global_colors_info=&#8220;{}&#8220;][et_pb_text _builder_version=&#8220;4.27.0&#8243; _dynamic_attributes=&#8220;content&#8220; _module_preset=&#8220;default&#8220; header_text_color=&#8220;#FFFFFF&#8220; custom_margin=&#8220;||-4px||false|false&#8220; global_colors_info=&#8220;{}&#8220;]@ET-DC@eyJkeW5hbWljIjp0cnVlLCJjb250ZW50IjoicG9zdF90aXRsZSIsInNldHRpbmdzIjp7ImJlZm9yZSI6IjxoMT4iLCJhZnRlciI6IjwvaDE+In19@[\/et_pb_text][\/et_pb_column][\/et_pb_row][\/et_pb_section][et_pb_section fb_built=&#8220;1&#8243; _builder_version=&#8220;4.23.1&#8243; _module_preset=&#8220;default&#8220; custom_padding=&#8220;||1px|||&#8220; global_colors_info=&#8220;{}&#8220;][et_pb_row _builder_version=&#8220;4.23.1&#8243; _module_preset=&#8220;default&#8220; global_colors_info=&#8220;{}&#8220;][et_pb_column type=&#8220;4_4&#8243; _builder_version=&#8220;4.23.1&#8243; _module_preset=&#8220;default&#8220; global_colors_info=&#8220;{}&#8220;][et_pb_text _builder_version=&#8220;4.23.1&#8243; _module_preset=&#8220;default&#8220; text_font=&#8220;|600|||||||&#8220; text_text_color=&#8220;#1B3458&#8243; text_font_size=&#8220;16px&#8220; global_colors_info=&#8220;{}&#8220;]<\/p>\n<p>Hier findest du Angebote und N\u00fctzliches zu deinem Studium.<br \/>Falls du Fragen zu deinem Studium oder einem anderen Thema hast, kontaktiere uns gerne!<\/p>\n<p>[\/et_pb_text][et_pb_button button_url=&#8220;mailto:fachschaft@wiwi.uni-muenster.de&#8220; button_text=&#8220;Kontakt&#8220; _builder_version=&#8220;4.23.1&#8243; _module_preset=&#8220;default&#8220; global_colors_info=&#8220;{}&#8220;][\/et_pb_button][\/et_pb_column][\/et_pb_row][\/et_pb_section][et_pb_section fb_built=&#8220;1&#8243; _builder_version=&#8220;4.23.1&#8243; _module_preset=&#8220;default&#8220; global_colors_info=&#8220;{}&#8220;][et_pb_row column_structure=&#8220;1_2,1_2&#8243; _builder_version=&#8220;4.23.1&#8243; _module_preset=&#8220;92a4378f-7d20-49d3-b8af-67c8a0db3eae&#8220; locked=&#8220;off&#8220; global_colors_info=&#8220;{}&#8220;][et_pb_column type=&#8220;1_2&#8243; _builder_version=&#8220;4.23.1&#8243; _module_preset=&#8220;12fddf23-f4b2-42a7-be14-7ea0f03fcd46&#8243; global_colors_info=&#8220;{}&#8220;][et_pb_text _builder_version=&#8220;4.23.1&#8243; _module_preset=&#8220;1026ff4e-a3a3-40e7-abba-8b82fa6c45d6&#8243; global_colors_info=&#8220;{}&#8220;]<\/p>\n<h2>FAGs<\/h2>\n<p>Der Verein \u201eWirtschafts\u00adwissenschaftliche Ferien\u00adarbeitsgemeinschaften M\u00fcnster\u201c veranstaltet f\u00fcr Studierende entgeltliche Ferien\u00adarbeitsgemeinschaften, die Inhalte des Studiums wiederholen.<\/p>\n<p>[\/et_pb_text][et_pb_button button_url=&#8220;@ET-DC@eyJkeW5hbWljIjp0cnVlLCJjb250ZW50IjoicG9zdF9saW5rX3VybF9wYWdlIiwic2V0dGluZ3MiOnsicG9zdF9pZCI6IjQwODgifX0=@&#8220; button_text=&#8220;Mehr zu den FAGs&#8220; _builder_version=&#8220;4.27.0&#8243; _dynamic_attributes=&#8220;button_url&#8220; _module_preset=&#8220;default&#8220; global_colors_info=&#8220;{}&#8220;][\/et_pb_button][\/et_pb_column][et_pb_column type=&#8220;1_2&#8243; _builder_version=&#8220;4.23.1&#8243; _module_preset=&#8220;12fddf23-f4b2-42a7-be14-7ea0f03fcd46&#8243; global_colors_info=&#8220;{}&#8220;][et_pb_text _builder_version=&#8220;4.23.1&#8243; _module_preset=&#8220;1026ff4e-a3a3-40e7-abba-8b82fa6c45d6&#8243; global_colors_info=&#8220;{}&#8220;]<\/p>\n<h2>Klausurarchiv<\/h2>\n<p>Unser Klausurarchivposten sorgt daf\u00fcr, dass ihr in unserem digitalen Klausurarchiv m\u00f6glichst viele Altklausuren findet. Nicht immer werden uns Klausuren zur Verf\u00fcgung gestellt.<\/p>\n<p>[\/et_pb_text][et_pb_button button_url=&#8220;https:\/\/klausurarchiv.fachschaft-wiwi.ms&#8220; url_new_window=&#8220;on&#8220; button_text=&#8220;Zum Klausurarchiv&#8220; _builder_version=&#8220;4.27.2&#8243; _module_preset=&#8220;default&#8220; button_icon=&#8220;&#x35;||divi||400&#8243; hover_enabled=&#8220;0&#8243; global_colors_info=&#8220;{}&#8220; button_text__hover_enabled=&#8220;on|desktop&#8220; sticky_enabled=&#8220;0&#8243; button_text__hover=&#8220;Zum Klausurarchiv&#8220;][\/et_pb_button][\/et_pb_column][\/et_pb_row][et_pb_row _builder_version=&#8220;4.27.2&#8243; _module_preset=&#8220;92a4378f-7d20-49d3-b8af-67c8a0db3eae&#8220; locked=&#8220;off&#8220; global_colors_info=&#8220;{}&#8220;][et_pb_column type=&#8220;4_4&#8243; _builder_version=&#8220;4.23.1&#8243; _module_preset=&#8220;12fddf23-f4b2-42a7-be14-7ea0f03fcd46&#8243; global_colors_info=&#8220;{}&#8220;][et_pb_text _builder_version=&#8220;4.23.1&#8243; _module_preset=&#8220;1026ff4e-a3a3-40e7-abba-8b82fa6c45d6&#8243; global_colors_info=&#8220;{}&#8220;]<\/p>\n<h2>Prof Gespr\u00e4che<\/h2>\n<p><span>Die Fachschaft trifft sich einmal im Semester mit den Professorinnen und Professoren des Fachbereichs, um aktuelle Themen und Probleme zu besprechen und L\u00f6sungen im Sinne der Studierenden zu finden. Bei aktuellen Themen kann man sich jederzeit an die entsprechenden Referent*innen wenden.<\/span><\/p>\n<p>[\/et_pb_text][et_pb_button button_url=&#8220;@ET-DC@eyJkeW5hbWljIjp0cnVlLCJjb250ZW50IjoicG9zdF9saW5rX3VybF9wYWdlIiwic2V0dGluZ3MiOnsicG9zdF9pZCI6IjI4NzkyIn19@&#8220; button_text=&#8220;Protokolle der letzten Prof Gespr\u00e4che&#8220; _builder_version=&#8220;4.27.2&#8243; _dynamic_attributes=&#8220;button_url&#8220; _module_preset=&#8220;default&#8220; global_colors_info=&#8220;{}&#8220;][\/et_pb_button][\/et_pb_column][\/et_pb_row][\/et_pb_section]<\/p>\n","protected":false},"excerpt":{"rendered":"<p>Hier findest du Angebote und N\u00fctzliches zu deinem Studium.Falls du Fragen zu deinem Studium oder einem anderen Thema hast, kontaktiere uns gerne!FAGs Der Verein \u201eWirtschafts\u00adwissenschaftliche Ferien\u00adarbeitsgemeinschaften M\u00fcnster\u201c veranstaltet f\u00fcr Studierende entgeltliche Ferien\u00adarbeitsgemeinschaften, die Inhalte des Studiums wiederholen.Klausurarchiv Unser Klausurarchivposten sorgt daf\u00fcr, dass ihr in unserem digitalen Klausurarchiv m\u00f6glichst viele Altklausuren findet. Nicht immer werden uns [&hellip;]<\/p>\n","protected":false},"author":1,"featured_media":4029,"parent":0,"menu_order":0,"comment_status":"closed","ping_status":"closed","template":"","meta":{"_et_pb_use_builder":"on","_et_pb_old_content":"","_et_gb_content_width":"","footnotes":""},"class_list":["post-3930","page","type-page","status-publish","has-post-thumbnail","hentry"],"_links":{"self":[{"href":"https:\/\/fachschaft-wiwi.ms\/en\/wp-json\/wp\/v2\/pages\/3930","targetHints":{"allow":["GET"]}}],"collection":[{"href":"https:\/\/fachschaft-wiwi.ms\/en\/wp-json\/wp\/v2\/pages"}],"about":[{"href":"https:\/\/fachschaft-wiwi.ms\/en\/wp-json\/wp\/v2\/types\/page"}],"author":[{"embeddable":true,"href":"https:\/\/fachschaft-wiwi.ms\/en\/wp-json\/wp\/v2\/users\/1"}],"replies":[{"embeddable":true,"href":"https:\/\/fachschaft-wiwi.ms\/en\/wp-json\/wp\/v2\/comments?post=3930"}],"version-history":[{"count":24,"href":"https:\/\/fachschaft-wiwi.ms\/en\/wp-json\/wp\/v2\/pages\/3930\/revisions"}],"predecessor-version":[{"id":29862,"href":"https:\/\/fachschaft-wiwi.ms\/en\/wp-json\/wp\/v2\/pages\/3930\/revisions\/29862"}],"wp:featuredmedia":[{"embeddable":true,"href":"https:\/\/fachschaft-wiwi.ms\/en\/wp-json\/wp\/v2\/media\/4029"}],"wp:attachment":[{"href":"https:\/\/fachschaft-wiwi.ms\/en\/wp-json\/wp\/v2\/media?parent=3930"}],"curies":[{"name":"wp","href":"https:\/\/api.w.org\/{rel}","templated":true}]}}