{"id":3928,"date":"2019-07-12T10:26:13","date_gmt":"2019-07-12T08:26:13","guid":{"rendered":"https:\/\/fachschaft-wiwi.ms\/?page_id=3928"},"modified":"2025-11-21T20:13:02","modified_gmt":"2025-11-21T19:13:02","slug":"fachschaft","status":"publish","type":"page","link":"https:\/\/fachschaft-wiwi.ms\/en\/fachschaft\/","title":{"rendered":"Student Council"},"content":{"rendered":"<p>[et_pb_section fb_built=&#8220;1&#8243; custom_padding_last_edited=&#8220;on|phone&#8220; next_background_color=&#8220;#1b3458&#8243; _builder_version=&#8220;4.27.2&#8243; background_image=&#8220;https:\/\/fachschaft-wiwi.ms\/wp-content\/uploads\/2025\/11\/Gruppenfoto-WS2526-scaled.jpg&#8220; height_last_edited=&#8220;off|desktop&#8220; custom_padding=&#8220;0px||339px|||&#8220; custom_padding_tablet=&#8220;0px||187px||false|false&#8220; custom_padding_phone=&#8220;||0px||false|false&#8220; bottom_divider_style=&#8220;ramp2&#8243; global_colors_info=&#8220;{}&#8220;][et_pb_row _builder_version=&#8220;4.19.1&#8243; min_height=&#8220;258px&#8220; custom_margin=&#8220;1px|auto||auto||&#8220; custom_padding=&#8220;249px||105px|||&#8220; global_colors_info=&#8220;{}&#8220;][et_pb_column type=&#8220;4_4&#8243; _builder_version=&#8220;4.16&#8243; global_colors_info=&#8220;{}&#8220;][\/et_pb_column][\/et_pb_row][\/et_pb_section][et_pb_section fb_built=&#8220;1&#8243; _builder_version=&#8220;4.16&#8243; background_color=&#8220;#1b3458&#8243; custom_margin=&#8220;-2px|||||&#8220; custom_padding=&#8220;0px||0px|||&#8220; global_colors_info=&#8220;{}&#8220;][et_pb_row _builder_version=&#8220;4.16&#8243; global_colors_info=&#8220;{}&#8220;][et_pb_column type=&#8220;4_4&#8243; _builder_version=&#8220;4.16&#8243; global_colors_info=&#8220;{}&#8220;][et_pb_cta title=&#8220;Wir sind deine Fachschaft!&#8220; _builder_version=&#8220;4.19.5&#8243; header_font_size=&#8220;37px&#8220; header_line_height=&#8220;1.9em&#8220; body_font=&#8220;||||||||&#8220; body_font_size=&#8220;17px&#8220; global_colors_info=&#8220;{}&#8220;]<\/p>\n<p style=\"text-align: justify;\">Wir, die Fachschaft Wirtschaftswissenschaften, sind mit 160 aktiven Mitgliedern die gr\u00f6\u00dfte Studierendeninitiative des FB4 und die gr\u00f6\u00dfte aktive Fachschaft an der Universit\u00e4t M\u00fcnster.<\/p>\n<p style=\"text-align: justify;\">Wir beraten euch bei Fragen im Studium, bieten aber auch Serviceleistungen wie FAGs und das Klausurarchiv und vertreten eure Interessen im Fachbereichsrat, dem Studienbeirat, der Pr\u00fcfungskommission und mehr.<\/p>\n<p style=\"text-align: justify;\">Dar\u00fcber hinaus organisieren wir Partys, die O-Wochen und eure Abschlussfeier oder veranstalten interne Events wie das Running Dinner oder die Fachschaftsfahrt.<\/p>\n<p><strong>Gemeinsam setzen wir uns f\u00fcr die Interessen der Studierenden ein!<\/strong><\/p>\n<h2 style=\"text-align: left;\"><strong><span style=\"font-size: x-large;\">Du hast Fragen rund ums Studium? <\/span><\/strong><\/h2>\n<p style=\"text-align: justify;\">Dann komm bei unserem B\u00fcro in der Universit\u00e4tsstra\u00dfe 18 vorbei, das rote Geb\u00e4ude beim Juridicum. Du kannst uns jederzeit erreichen unter <span style=\"text-decoration: underline;\"><span style=\"color: #ffffff; text-decoration: underline;\"><a href=\"tel:+492518322079\" style=\"color: #ffffff; text-decoration: underline;\">+492518322079<\/a><\/span><\/span> oder per E-Mail an <span style=\"text-decoration: underline;\"><span style=\"color: #ffffff; text-decoration: underline;\"><a href=\"mailto:fachschaft@wiwi.uni-muenster.de\" style=\"color: #ffffff; text-decoration: underline;\">fachschaft@wiwi.uni-muenster.de<\/a><\/span><\/span>.<\/p>\n<p style=\"text-align: justify;\">Du willst mitmachen? Dann komm zu unserer n\u00e4chsten Sitzung:<\/p>\n<p style=\"text-align: justify;\">Jeden Dienstag um 19:45 Uhr, treffen im Hauptgang vom Juridicum,\u00a0danach\u00a0im\u00a0J490.<\/p>\n<p>[\/et_pb_cta][\/et_pb_column][\/et_pb_row][\/et_pb_section]<\/p>\n","protected":false},"excerpt":{"rendered":"<p>Wir, die Fachschaft Wirtschaftswissenschaften, sind mit 160 aktiven Mitgliedern die gr\u00f6\u00dfte Studierendeninitiative des FB4 und die gr\u00f6\u00dfte aktive Fachschaft an der Universit\u00e4t M\u00fcnster. Wir beraten euch bei Fragen im Studium, bieten aber auch Serviceleistungen wie FAGs und das Klausurarchiv und vertreten eure Interessen im Fachbereichsrat, dem Studienbeirat, der Pr\u00fcfungskommission und mehr. Dar\u00fcber hinaus organisieren wir [&hellip;]<\/p>\n","protected":false},"author":1,"featured_media":0,"parent":0,"menu_order":0,"comment_status":"closed","ping_status":"closed","template":"","meta":{"_et_pb_use_builder":"on","_et_pb_old_content":"","_et_gb_content_width":"","footnotes":""},"class_list":["post-3928","page","type-page","status-publish","hentry"],"_links":{"self":[{"href":"https:\/\/fachschaft-wiwi.ms\/en\/wp-json\/wp\/v2\/pages\/3928","targetHints":{"allow":["GET"]}}],"collection":[{"href":"https:\/\/fachschaft-wiwi.ms\/en\/wp-json\/wp\/v2\/pages"}],"about":[{"href":"https:\/\/fachschaft-wiwi.ms\/en\/wp-json\/wp\/v2\/types\/page"}],"author":[{"embeddable":true,"href":"https:\/\/fachschaft-wiwi.ms\/en\/wp-json\/wp\/v2\/users\/1"}],"replies":[{"embeddable":true,"href":"https:\/\/fachschaft-wiwi.ms\/en\/wp-json\/wp\/v2\/comments?post=3928"}],"version-history":[{"count":39,"href":"https:\/\/fachschaft-wiwi.ms\/en\/wp-json\/wp\/v2\/pages\/3928\/revisions"}],"predecessor-version":[{"id":29725,"href":"https:\/\/fachschaft-wiwi.ms\/en\/wp-json\/wp\/v2\/pages\/3928\/revisions\/29725"}],"wp:attachment":[{"href":"https:\/\/fachschaft-wiwi.ms\/en\/wp-json\/wp\/v2\/media?parent=3928"}],"curies":[{"name":"wp","href":"https:\/\/api.w.org\/{rel}","templated":true}]}}