{"id":3926,"date":"2019-07-12T10:25:47","date_gmt":"2019-07-12T08:25:47","guid":{"rendered":"https:\/\/fachschaft-wiwi.ms\/?page_id=3926"},"modified":"2026-03-10T22:51:42","modified_gmt":"2026-03-10T21:51:42","slug":"veranstaltungen","status":"publish","type":"page","link":"https:\/\/fachschaft-wiwi.ms\/en\/veranstaltungen\/","title":{"rendered":"Events"},"content":{"rendered":"<p>[et_pb_section fb_built=&#8220;1&#8243; _builder_version=&#8220;4.24.0&#8243; _dynamic_attributes=&#8220;background_image&#8220; _module_preset=&#8220;default&#8220; use_background_color_gradient=&#8220;on&#8220; background_color_gradient_stops=&#8220;rgba(27,52,88,0.75) 0%|rgba(27,52,88,0.75) 100%&#8220; background_color_gradient_overlays_image=&#8220;on&#8220; background_image=&#8220;@ET-DC@eyJkeW5hbWljIjp0cnVlLCJjb250ZW50IjoicG9zdF9mZWF0dXJlZF9pbWFnZSIsInNldHRpbmdzIjp7fX0=@&#8220; global_module=&#8220;28574&#8243; saved_tabs=&#8220;all&#8220; locked=&#8220;off&#8220; global_colors_info=&#8220;{}&#8220;][et_pb_row _builder_version=&#8220;4.24.0&#8243; _module_preset=&#8220;default&#8220; global_colors_info=&#8220;{}&#8220;][et_pb_column type=&#8220;4_4&#8243; _builder_version=&#8220;4.23.1&#8243; _module_preset=&#8220;default&#8220; global_colors_info=&#8220;{}&#8220;][et_pb_text _builder_version=&#8220;4.27.0&#8243; _dynamic_attributes=&#8220;content&#8220; _module_preset=&#8220;default&#8220; header_text_color=&#8220;#FFFFFF&#8220; custom_margin=&#8220;||-4px||false|false&#8220; global_colors_info=&#8220;{}&#8220;]@ET-DC@eyJkeW5hbWljIjp0cnVlLCJjb250ZW50IjoicG9zdF90aXRsZSIsInNldHRpbmdzIjp7ImJlZm9yZSI6IjxoMT4iLCJhZnRlciI6IjwvaDE+In19@[\/et_pb_text][\/et_pb_column][\/et_pb_row][\/et_pb_section][et_pb_section fb_built=&#8220;1&#8243; _builder_version=&#8220;4.23.1&#8243; _module_preset=&#8220;default&#8220; global_colors_info=&#8220;{}&#8220;][et_pb_row _builder_version=&#8220;4.23.1&#8243; _module_preset=&#8220;default&#8220; global_colors_info=&#8220;{}&#8220;][et_pb_column type=&#8220;4_4&#8243; _builder_version=&#8220;4.23.1&#8243; _module_preset=&#8220;default&#8220; global_colors_info=&#8220;{}&#8220;][et_pb_text _builder_version=&#8220;4.23.1&#8243; _module_preset=&#8220;default&#8220; global_colors_info=&#8220;{}&#8220;]<\/p>\n<p><span class=\"et_pb_fullwidth_header_subhead et-fb-editable-element et-fb-editable-element__editing\" data-shortcode-id=\"0.0-1700417679077\" data-quickaccess-id=\"subhead\" contenteditable=\"true\">Auf dieser Seite findest du eine \u00dcbersicht \u00fcber alle Veranstaltungen der Fachschaft WiWi, die f\u00fcr die Studierenden des FB4 organisiert werden.<\/span><\/p>\n<p>[\/et_pb_text][\/et_pb_column][\/et_pb_row][et_pb_row column_structure=&#8220;1_2,1_2&#8243; _builder_version=&#8220;4.23.1&#8243; _module_preset=&#8220;92a4378f-7d20-49d3-b8af-67c8a0db3eae&#8220; global_colors_info=&#8220;{}&#8220;][et_pb_column type=&#8220;1_2&#8243; _builder_version=&#8220;4.23.1&#8243; _module_preset=&#8220;12fddf23-f4b2-42a7-be14-7ea0f03fcd46&#8243; global_colors_info=&#8220;{}&#8220;][et_pb_text _builder_version=&#8220;4.23.1&#8243; _module_preset=&#8220;1026ff4e-a3a3-40e7-abba-8b82fa6c45d6&#8243; global_colors_info=&#8220;{}&#8220;]<\/p>\n<h2>O-Woche<\/h2>\n<p>Die O-Woche wird am Anfang von jedem Semester f\u00fcr die neuen Erstsemester-Studierenden angeboten, um diesen einen optimalen Start ins Studium zu erm\u00f6glichen.<\/p>\n<p>[\/et_pb_text][et_pb_button button_url=&#8220;@ET-DC@eyJkeW5hbWljIjp0cnVlLCJjb250ZW50IjoicG9zdF9saW5rX3VybF9wYWdlIiwic2V0dGluZ3MiOnsicG9zdF9pZCI6IjI5MDUzIn19@&#8220; button_text=&#8220;Mehr zur O-Woche&#8220; _builder_version=&#8220;4.27.0&#8243; _dynamic_attributes=&#8220;button_url&#8220; _module_preset=&#8220;default&#8220; global_colors_info=&#8220;{}&#8220;][\/et_pb_button][\/et_pb_column][et_pb_column type=&#8220;1_2&#8243; _builder_version=&#8220;4.23.1&#8243; _module_preset=&#8220;12fddf23-f4b2-42a7-be14-7ea0f03fcd46&#8243; global_colors_info=&#8220;{}&#8220;][et_pb_text _builder_version=&#8220;4.23.1&#8243; _module_preset=&#8220;1026ff4e-a3a3-40e7-abba-8b82fa6c45d6&#8243; global_colors_info=&#8220;{}&#8220;]<\/p>\n<h2>Fachschaftspartys<\/h2>\n<p>In jedem Semester organisiert die Fachschaft in Kooperation mit den Clubs in M\u00fcnster mehrere Partys f\u00fcr die Studierenden.<\/p>\n<p>[\/et_pb_text][et_pb_button button_url=&#8220;https:\/\/die-wiwi-party.de&#8220; url_new_window=&#8220;on&#8220; button_text=&#8220;Mehr zu unseren Partys&#8220; _builder_version=&#8220;4.27.2&#8243; _module_preset=&#8220;default&#8220; global_colors_info=&#8220;{}&#8220;][\/et_pb_button][\/et_pb_column][\/et_pb_row][et_pb_row column_structure=&#8220;1_2,1_2&#8243; _builder_version=&#8220;4.23.1&#8243; _module_preset=&#8220;92a4378f-7d20-49d3-b8af-67c8a0db3eae&#8220; global_colors_info=&#8220;{}&#8220;][et_pb_column type=&#8220;1_2&#8243; _builder_version=&#8220;4.23.1&#8243; _module_preset=&#8220;12fddf23-f4b2-42a7-be14-7ea0f03fcd46&#8243; global_colors_info=&#8220;{}&#8220;][et_pb_text _builder_version=&#8220;4.23.1&#8243; _module_preset=&#8220;1026ff4e-a3a3-40e7-abba-8b82fa6c45d6&#8243; global_colors_info=&#8220;{}&#8220;]<\/p>\n<h2>Abschlussfeier<\/h2>\n<p>Die Abschlussfeier wird f\u00fcr die Bachelor- und Masterabsolvierenden des jeweiligen Semesters organisiert, um einen feierlichen Abschluss des eigenen Studiums zu erleben.<\/p>\n<p>[\/et_pb_text][et_pb_button button_url=&#8220;@ET-DC@eyJkeW5hbWljIjp0cnVlLCJjb250ZW50IjoicG9zdF9saW5rX3VybF9wYWdlIiwic2V0dGluZ3MiOnsicG9zdF9pZCI6IjI1NTkxIn19@&#8220; button_text=&#8220;Mehr zur Abschlussfeier&#8220; _builder_version=&#8220;4.27.2&#8243; _dynamic_attributes=&#8220;button_url&#8220; _module_preset=&#8220;default&#8220; global_colors_info=&#8220;{}&#8220; button_bg_color__hover_enabled=&#8220;off|desktop&#8220; button_bg_color__hover=&#8220;#001C44&#8243; button_bg_enable_color__hover=&#8220;on&#8220; button_border_width__hover_enabled=&#8220;off|desktop&#8220; button_border_width__hover=&#8220;0px&#8220;][\/et_pb_button][\/et_pb_column][et_pb_column type=&#8220;1_2&#8243; _builder_version=&#8220;4.23.1&#8243; _module_preset=&#8220;12fddf23-f4b2-42a7-be14-7ea0f03fcd46&#8243; global_colors_info=&#8220;{}&#8220;][et_pb_text _builder_version=&#8220;4.23.1&#8243; _module_preset=&#8220;1026ff4e-a3a3-40e7-abba-8b82fa6c45d6&#8243; global_colors_info=&#8220;{}&#8220;]<\/p>\n<h2>VWL &#8211; Was dann?<\/h2>\n<p>VWL &#8211; Was dann? ist eine speziell auf VWL-Studierende ausgerichtete Infoveranstaltung, in der die verschiedenen Berufsm\u00f6glichkeiten im Anschluss an ein VWL-Studium von Expert*innen aus der Praxis vorgestellt werden.<\/p>\n<p>[\/et_pb_text][et_pb_button button_url=&#8220;https:\/\/fachschaft-wiwi.ms\/vwl-was-dann\/&#8220; button_text=&#8220;Mehr zu VWL &#8211; Was dann?&#8220; _builder_version=&#8220;4.24.0&#8243; _module_preset=&#8220;default&#8220; hover_enabled=&#8220;0&#8243; global_colors_info=&#8220;{}&#8220; sticky_enabled=&#8220;0&#8243;][\/et_pb_button][\/et_pb_column][\/et_pb_row][et_pb_row column_structure=&#8220;1_2,1_2&#8243; _builder_version=&#8220;4.23.1&#8243; _module_preset=&#8220;92a4378f-7d20-49d3-b8af-67c8a0db3eae&#8220; global_colors_info=&#8220;{}&#8220;][et_pb_column type=&#8220;1_2&#8243; _builder_version=&#8220;4.23.1&#8243; _module_preset=&#8220;12fddf23-f4b2-42a7-be14-7ea0f03fcd46&#8243; global_colors_info=&#8220;{}&#8220;][et_pb_text _builder_version=&#8220;4.23.1&#8243; _module_preset=&#8220;1026ff4e-a3a3-40e7-abba-8b82fa6c45d6&#8243; global_colors_info=&#8220;{}&#8220;]<\/p>\n<h2>E-Woche<\/h2>\n<p>Die E-Woche ist eine Initiative zur Steigerung der R\u00fccklaufquote bei den Vorlesungsevaluationen. Dabei werden sowohl informative als auch unterhaltsame Beitr\u00e4ge zu den Evaluationen auf verschiedenen Kan\u00e4len geteilt.<\/p>\n<p>[\/et_pb_text][\/et_pb_column][et_pb_column type=&#8220;1_2&#8243; _builder_version=&#8220;4.23.1&#8243; _module_preset=&#8220;12fddf23-f4b2-42a7-be14-7ea0f03fcd46&#8243; global_colors_info=&#8220;{}&#8220;][et_pb_text _builder_version=&#8220;4.23.1&#8243; _module_preset=&#8220;1026ff4e-a3a3-40e7-abba-8b82fa6c45d6&#8243; global_colors_info=&#8220;{}&#8220;]<\/p>\n<h2>IS-Mastergrillen<\/h2>\n<p>Das IS-Mastergrillen soll den Studierenden des Masters Information Systems in jeden Semester im Anschluss an die O-Woche die M\u00f6glichkeit bieten, sich gegenseitig in entspannter Atmosph\u00e4re und bei kostenlosem Essen und Getr\u00e4nken besser kennenzulernen.<\/p>\n<p>[\/et_pb_text][\/et_pb_column][\/et_pb_row][et_pb_row column_structure=&#8220;1_2,1_2&#8243; _builder_version=&#8220;4.23.1&#8243; _module_preset=&#8220;92a4378f-7d20-49d3-b8af-67c8a0db3eae&#8220; global_colors_info=&#8220;{}&#8220;][et_pb_column type=&#8220;1_2&#8243; _builder_version=&#8220;4.23.1&#8243; _module_preset=&#8220;12fddf23-f4b2-42a7-be14-7ea0f03fcd46&#8243; global_colors_info=&#8220;{}&#8220;][et_pb_text _builder_version=&#8220;4.23.1&#8243; _module_preset=&#8220;1026ff4e-a3a3-40e7-abba-8b82fa6c45d6&#8243; global_colors_info=&#8220;{}&#8220;]<\/p>\n<h2>VWL-Mastergrillen<\/h2>\n<p>Das VWL-Mastergrillen ist genau wie das IS-Mastergrillen organisiert. Allerdings ist es f\u00fcr VWL-Masterstudierende angedacht und findet auf der Westerholtschen Wiese statt.<\/p>\n<p>[\/et_pb_text][\/et_pb_column][et_pb_column type=&#8220;1_2&#8243; _builder_version=&#8220;4.23.1&#8243; _module_preset=&#8220;12fddf23-f4b2-42a7-be14-7ea0f03fcd46&#8243; global_colors_info=&#8220;{}&#8220;][et_pb_text _builder_version=&#8220;4.23.1&#8243; _module_preset=&#8220;1026ff4e-a3a3-40e7-abba-8b82fa6c45d6&#8243; global_colors_info=&#8220;{}&#8220;]<\/p>\n<h2>Professorengespr\u00e4ch<\/h2>\n<p>In jedem Semester besprechen Mitglieder der Fachschaft mit den Professor*innen und Dozent*innen des jeweiligen Studiengangs den aktuellen Stand der Lehre und diskutieren Kritik sowie m\u00f6gliche Verbesserungsm\u00f6glichkeiten.<\/p>\n<p>[\/et_pb_text][et_pb_button button_text=&#8220;Protokolle der Prof-Gespr\u00e4che&#8220; _builder_version=&#8220;4.27.2&#8243; _module_preset=&#8220;default&#8220; button_url=&#8220;@ET-DC@eyJkeW5hbWljIjp0cnVlLCJjb250ZW50IjoicG9zdF9saW5rX3VybF9wYWdlIiwic2V0dGluZ3MiOnsicG9zdF9pZCI6IjI4NzkyIn19@&#8220; _dynamic_attributes=&#8220;button_url&#8220; hover_enabled=&#8220;0&#8243; sticky_enabled=&#8220;0&#8243;][\/et_pb_button][\/et_pb_column][\/et_pb_row][et_pb_row _builder_version=&#8220;4.27.2&#8243; _module_preset=&#8220;default&#8220; width=&#8220;100%&#8220; custom_padding=&#8220;|10px|22px|10px|false|false&#8220; border_width_all=&#8220;3px&#8220; border_color_all=&#8220;#1B3458&#8243; global_colors_info=&#8220;{}&#8220;][et_pb_column type=&#8220;4_4&#8243; _builder_version=&#8220;4.27.2&#8243; _module_preset=&#8220;default&#8220; global_colors_info=&#8220;{}&#8220;][et_pb_text _builder_version=&#8220;4.27.2&#8243; _module_preset=&#8220;default&#8220; global_colors_info=&#8220;{}&#8220;]<\/p>\n<p><strong>Studieren bedeutet mehr als nur Vorlesungen und Pr\u00fcfungen:<\/strong><\/p>\n<p>Uni ist vor allem ein sozialer Raum, in dem sich alle sicher und wohlf\u00fchlen sollen.<\/p>\n<p>Deshalb setzen wir uns f\u00fcr Awareness ein \u2013 f\u00fcr ein diskriminierungsfreies, inklusives und solidarisches Miteinander an unserem Fachbereich, auf all unserer Veranstaltungen und im t\u00e4glichen Uni Leben.<\/p>\n<p>Auf Veranstaltungen, wie den WiWi Partys oder der O-Woche, erkennst du Awareness Helfende an pinken Westen.<\/p>\n<p>Wenn dir etwas auf dem Herzen liegt, kannst du dich mit pers\u00f6nlichen Anliegen oder Fragen jederzeit vertraulich an die Inklusions- und Awareness Posten aus unserer Fachschaft wenden. Schreibe uns sehr gerne \u00fcber <a href=\"mailto:fs.inklusion@fachschaft-wiwi.ms\">fs.inklusion@fachschaft-wiwi.ms<\/a><\/p>\n<p>&nbsp;<\/p>\n<p><strong>Unterst\u00fctzung im Studium &#8211; Weiterf\u00fchrende Links<\/strong><em>\u00a0<\/em><\/p>\n<p>[\/et_pb_text][et_pb_button button_url=&#8220;https:\/\/www.uni-muenster.de\/studium\/hilfeundberatung\/studiummitbeeintraechtigung\/index.html&#8220; url_new_window=&#8220;on&#8220; button_text=&#8220;Studium mit Beeintr\u00e4chtigung&#8220; _builder_version=&#8220;4.27.2&#8243; _module_preset=&#8220;default&#8220; global_colors_info=&#8220;{}&#8220;][\/et_pb_button][et_pb_button button_url=&#8220;https:\/\/www.asta.ms\/autonome-referate\/referat-fuer-behinderte-und-chronisch-kranke-studierende&#8220; url_new_window=&#8220;on&#8220; button_text=&#8220;AStA Referat f\u00fcr behinderte und chronisch kranke Studierende&#8220; _builder_version=&#8220;4.27.2&#8243; _module_preset=&#8220;default&#8220; global_colors_info=&#8220;{}&#8220;][\/et_pb_button][et_pb_button button_url=&#8220;https:\/\/www.asta.ms\/psychologische-beratung&#8220; url_new_window=&#8220;on&#8220; button_text=&#8220;Psychische Beratung des AStA&#8220; _builder_version=&#8220;4.27.2&#8243; _module_preset=&#8220;default&#8220; global_colors_info=&#8220;{}&#8220;][\/et_pb_button][et_pb_button button_url=&#8220;https:\/\/www.uni-muenster.de\/ZSB\/psychologische-beratung\/psych.html&#8220; url_new_window=&#8220;on&#8220; button_text=&#8220;Psychologische Beratung der Zentralen Studienberatung Uni M\u00fcnster&#8220; _builder_version=&#8220;4.27.2&#8243; _module_preset=&#8220;default&#8220; global_colors_info=&#8220;{}&#8220;][\/et_pb_button][et_pb_button button_url=&#8220;https:\/\/nightline-muenster.de\/&#8220; url_new_window=&#8220;on&#8220; button_text=&#8220;Nightline M\u00fcnster&#8220; _builder_version=&#8220;4.27.2&#8243; _module_preset=&#8220;default&#8220; global_colors_info=&#8220;{}&#8220;][\/et_pb_button][\/et_pb_column][\/et_pb_row][\/et_pb_section]<\/p>\n","protected":false},"excerpt":{"rendered":"<p>Auf dieser Seite findest du eine \u00dcbersicht \u00fcber alle Veranstaltungen der Fachschaft WiWi, die f\u00fcr die Studierenden des FB4 organisiert werden.O-Woche Die O-Woche wird am Anfang von jedem Semester f\u00fcr die neuen Erstsemester-Studierenden angeboten, um diesen einen optimalen Start ins Studium zu erm\u00f6glichen.Fachschaftspartys In jedem Semester organisiert die Fachschaft in Kooperation mit den Clubs in [&hellip;]<\/p>\n","protected":false},"author":1,"featured_media":25477,"parent":0,"menu_order":0,"comment_status":"closed","ping_status":"closed","template":"","meta":{"_et_pb_use_builder":"on","_et_pb_old_content":"<!-- wp:divi\/placeholder \/-->","_et_gb_content_width":"","footnotes":""},"class_list":["post-3926","page","type-page","status-publish","has-post-thumbnail","hentry"],"_links":{"self":[{"href":"https:\/\/fachschaft-wiwi.ms\/en\/wp-json\/wp\/v2\/pages\/3926","targetHints":{"allow":["GET"]}}],"collection":[{"href":"https:\/\/fachschaft-wiwi.ms\/en\/wp-json\/wp\/v2\/pages"}],"about":[{"href":"https:\/\/fachschaft-wiwi.ms\/en\/wp-json\/wp\/v2\/types\/page"}],"author":[{"embeddable":true,"href":"https:\/\/fachschaft-wiwi.ms\/en\/wp-json\/wp\/v2\/users\/1"}],"replies":[{"embeddable":true,"href":"https:\/\/fachschaft-wiwi.ms\/en\/wp-json\/wp\/v2\/comments?post=3926"}],"version-history":[{"count":31,"href":"https:\/\/fachschaft-wiwi.ms\/en\/wp-json\/wp\/v2\/pages\/3926\/revisions"}],"predecessor-version":[{"id":29857,"href":"https:\/\/fachschaft-wiwi.ms\/en\/wp-json\/wp\/v2\/pages\/3926\/revisions\/29857"}],"wp:featuredmedia":[{"embeddable":true,"href":"https:\/\/fachschaft-wiwi.ms\/en\/wp-json\/wp\/v2\/media\/25477"}],"wp:attachment":[{"href":"https:\/\/fachschaft-wiwi.ms\/en\/wp-json\/wp\/v2\/media?parent=3926"}],"curies":[{"name":"wp","href":"https:\/\/api.w.org\/{rel}","templated":true}]}}