{"id":28896,"date":"2024-05-24T00:21:36","date_gmt":"2024-05-23T22:21:36","guid":{"rendered":"https:\/\/fachschaft-wiwi.ms\/?page_id=28896"},"modified":"2026-04-25T11:45:22","modified_gmt":"2026-04-25T09:45:22","slug":"vwl-was-dann","status":"publish","type":"page","link":"https:\/\/fachschaft-wiwi.ms\/en\/vwl-was-dann\/","title":{"rendered":"Economics \u2013 What's Next?"},"content":{"rendered":"<p>[et_pb_section fb_built=&#8220;1&#8243; _builder_version=&#8220;4.27.6&#8243; _module_preset=&#8220;default&#8220; use_background_color_gradient=&#8220;on&#8220; background_color_gradient_stops=&#8220;rgba(27,52,88,0.75) 0%|rgba(27,52,88,0.75) 100%&#8220; background_color_gradient_overlays_image=&#8220;on&#8220; background_image=&#8220;https:\/\/fachschaft-wiwi.ms\/wp-content\/uploads\/2021\/01\/schloss-panorama_2_1_761x381.jpg&#8220; background_enable_image=&#8220;off&#8220; background_position=&#8220;bottom_center&#8220; background_vertical_offset=&#8220;31%&#8220; global_module=&#8220;28574&#8243; saved_tabs=&#8220;all&#8220; locked=&#8220;off&#8220; global_colors_info=&#8220;{}&#8220;][et_pb_row _builder_version=&#8220;4.24.0&#8243; _module_preset=&#8220;default&#8220; global_colors_info=&#8220;{}&#8220;][et_pb_column type=&#8220;4_4&#8243; _builder_version=&#8220;4.23.1&#8243; _module_preset=&#8220;default&#8220; global_colors_info=&#8220;{}&#8220;][et_pb_text _builder_version=&#8220;4.27.0&#8243; _dynamic_attributes=&#8220;content&#8220; _module_preset=&#8220;default&#8220; header_text_color=&#8220;#FFFFFF&#8220; custom_margin=&#8220;||-4px||false|false&#8220; global_colors_info=&#8220;{}&#8220;]@ET-DC@eyJkeW5hbWljIjp0cnVlLCJjb250ZW50IjoicG9zdF90aXRsZSIsInNldHRpbmdzIjp7ImJlZm9yZSI6IjxoMT4iLCJhZnRlciI6IjwvaDE+In19@[\/et_pb_text][\/et_pb_column][\/et_pb_row][\/et_pb_section][et_pb_section fb_built=&#8220;1&#8243; _builder_version=&#8220;4.16&#8243; custom_margin=&#8220;-1px|||||&#8220; custom_padding=&#8220;0px|||||&#8220; global_colors_info=&#8220;{}&#8220;][et_pb_row _builder_version=&#8220;4.16&#8243; global_colors_info=&#8220;{}&#8220;][et_pb_column type=&#8220;4_4&#8243; _builder_version=&#8220;4.16&#8243; global_colors_info=&#8220;{}&#8220;][et_pb_text _builder_version=&#8220;4.16&#8243; global_colors_info=&#8220;{}&#8220;]<\/p>\n<p style=\"text-align: center;\">English version below \u2193<\/p>\n<p>[\/et_pb_text][\/et_pb_column][\/et_pb_row][et_pb_row column_structure=&#8220;1_3,2_3&#8243; _builder_version=&#8220;4.16&#8243; global_colors_info=&#8220;{}&#8220;][et_pb_column type=&#8220;1_3&#8243; _builder_version=&#8220;4.16&#8243; global_colors_info=&#8220;{}&#8220;][et_pb_image src=&#8220;https:\/\/fachschaft-wiwi.ms\/wp-content\/uploads\/2026\/04\/VWL-Was-dann.jpeg&#8220; title_text=&#8220;VWL &#8211; Was dann? 2026&#8243; _builder_version=&#8220;4.27.6&#8243; _module_preset=&#8220;default&#8220; hover_enabled=&#8220;0&#8243; global_colors_info=&#8220;{}&#8220; sticky_enabled=&#8220;0&#8243;][\/et_pb_image][\/et_pb_column][et_pb_column type=&#8220;2_3&#8243; _builder_version=&#8220;4.16&#8243; global_colors_info=&#8220;{}&#8220;][et_pb_text _builder_version=&#8220;4.24.0&#8243; width=&#8220;100%&#8220; custom_margin=&#8220;|||3px||&#8220; global_colors_info=&#8220;{}&#8220;]<\/p>\n<h2 style=\"text-align: justify;\">Was mache ich nach meinem VWL-Studium?<\/h2>\n<p style=\"text-align: justify;\"><span style=\"font-size: 14px;\">Diese Frage stellen sich bestimmt einige. Eine Frage die man h\u00e4ufig von seinen Eltern, Freunden und Bekannten gestellt bekommt, aber nat\u00fcrlich auch viele Studis besch\u00e4ftigt. Die Antwort der meisten Studis <\/span>ist darauf aber gar nicht mal so klar und eindeutig.<\/p>\n<p style=\"text-align: justify;\">Genau dieselbe Frage haben wir uns auch gestellt und uns gedacht, das k\u00f6nnen wir als Fachschaft doch beantworten. Wohlgemerkt nicht wir pers\u00f6nlich, aber wir k\u00f6nnen Leute aus dem Berufsleben mit abgeschlossenem VWL-Studium einladen und einen Austausch erm\u00f6glichen. Genau das soll das &#8222;VWL &#8211; Was dann?&#8220; sein: ein Event bei dem sich angehende Volkswirt*innen \u00fcber ihre Optionen des sp\u00e4teren Berufslebens informieren k\u00f6nnen und vielleicht schon erste Kontakte kn\u00fcpfen.<\/p>\n<p style=\"text-align: justify;\">Warum unserer Veranstaltung nicht einfach eine weitere Jobmesse ist? Es gibt ja schon gen\u00fcgend Berufsmessen und Praktika \u2013 doch wir legen explizit den Fokus auf die VWL. Wir wollen konkret Wege von VWL-Alumni aufzeigen, die nicht so h\u00e4ufig gesehen werden. Ein weiterer Grund f\u00fcr unser Event, bei dem Du n\u00e4chstes Mal vorbei schauen solltest!<\/p>\n<p style=\"text-align: left;\">Lies dir gerne die Seite durch und falls es noch Fragen gibt, kontaktiere gerne unseren VWL-Ref per Mail unter: <a href=\"mailto:fs.vwl@wiwi.uni-muenster.de\">fs.vwl@wiwi.uni-muenster.de<\/a><\/p>\n<p style=\"text-align: justify;\">\n<p>[\/et_pb_text][\/et_pb_column][\/et_pb_row][et_pb_row _builder_version=&#8220;4.24.0&#8243; _module_preset=&#8220;default&#8220; global_colors_info=&#8220;{}&#8220;][et_pb_column type=&#8220;4_4&#8243; _builder_version=&#8220;4.24.0&#8243; _module_preset=&#8220;default&#8220; global_colors_info=&#8220;{}&#8220;][et_pb_divider _builder_version=&#8220;4.24.0&#8243; _module_preset=&#8220;default&#8220; global_colors_info=&#8220;{}&#8220;][\/et_pb_divider][\/et_pb_column][\/et_pb_row][et_pb_row column_structure=&#8220;1_4,1_4,1_4,1_4&#8243; _builder_version=&#8220;4.24.0&#8243; _module_preset=&#8220;default&#8220; module_alignment=&#8220;center&#8220; min_height=&#8220;74.8px&#8220; custom_margin=&#8220;-17px|auto||auto||&#8220; border_color_all=&#8220;#1B3458&#8243; global_colors_info=&#8220;{}&#8220;][et_pb_column type=&#8220;1_4&#8243; _builder_version=&#8220;4.24.0&#8243; _module_preset=&#8220;default&#8220; global_colors_info=&#8220;{}&#8220;][et_pb_text _builder_version=&#8220;4.24.0&#8243; _module_preset=&#8220;default&#8220; global_colors_info=&#8220;{}&#8220;]<\/p>\n<h5 style=\"text-align: center;\"><strong>Das n\u00e4chste<br \/><\/strong><strong>&#8222;VWL &#8211; Was dann?&#8220;:<\/strong><\/h5>\n<p>[\/et_pb_text][\/et_pb_column][et_pb_column type=&#8220;1_4&#8243; _builder_version=&#8220;4.24.0&#8243; _module_preset=&#8220;default&#8220; global_colors_info=&#8220;{}&#8220;][et_pb_text _builder_version=&#8220;4.27.6&#8243; _module_preset=&#8220;default&#8220; global_colors_info=&#8220;{}&#8220;]<\/p>\n<h5 style=\"text-align: center;\"><strong>Datum?<\/strong><\/h5>\n<p style=\"text-align: center;\"><strong>1. Juni 2026<\/strong><\/p>\n<p>[\/et_pb_text][\/et_pb_column][et_pb_column type=&#8220;1_4&#8243; _builder_version=&#8220;4.24.0&#8243; _module_preset=&#8220;default&#8220; global_colors_info=&#8220;{}&#8220;][et_pb_text _builder_version=&#8220;4.24.0&#8243; _module_preset=&#8220;default&#8220; global_colors_info=&#8220;{}&#8220;]<\/p>\n<h5 style=\"text-align: center;\"><strong>Uhrzeit?<\/strong><\/h5>\n<p style=\"text-align: center;\"><strong>Start um 16 Uhr<\/strong><\/p>\n<p>[\/et_pb_text][\/et_pb_column][et_pb_column type=&#8220;1_4&#8243; _builder_version=&#8220;4.24.0&#8243; _module_preset=&#8220;default&#8220; global_colors_info=&#8220;{}&#8220;][et_pb_text _builder_version=&#8220;4.27.6&#8243; _module_preset=&#8220;default&#8220; global_colors_info=&#8220;{}&#8220;]<\/p>\n<h5 style=\"text-align: center;\"><strong>Ort?<\/strong><\/h5>\n<p style=\"text-align: center;\"><b>S1 und Foyer im Schloss<br \/><\/b><\/p>\n<p>[\/et_pb_text][\/et_pb_column][\/et_pb_row][et_pb_row _builder_version=&#8220;4.24.0&#8243; _module_preset=&#8220;default&#8220; global_colors_info=&#8220;{}&#8220;][et_pb_column type=&#8220;4_4&#8243; _builder_version=&#8220;4.24.0&#8243; _module_preset=&#8220;default&#8220; global_colors_info=&#8220;{}&#8220;][et_pb_divider _builder_version=&#8220;4.24.0&#8243; _module_preset=&#8220;default&#8220; min_height=&#8220;18.8px&#8220; global_colors_info=&#8220;{}&#8220;][\/et_pb_divider][\/et_pb_column][\/et_pb_row][et_pb_row _builder_version=&#8220;4.24.0&#8243; _module_preset=&#8220;default&#8220; min_height=&#8220;294.2px&#8220; global_colors_info=&#8220;{}&#8220;][et_pb_column type=&#8220;4_4&#8243; _builder_version=&#8220;4.24.0&#8243; _module_preset=&#8220;default&#8220; global_colors_info=&#8220;{}&#8220;][et_pb_text _builder_version=&#8220;4.27.6&#8243; _module_preset=&#8220;default&#8220; width=&#8220;100%&#8220; global_colors_info=&#8220;{}&#8220;]<\/p>\n<h4><strong>Der allgemeine Ablauf:<\/strong><\/h4>\n<p>Zun\u00e4chst werden die Referierenden jeweils etwa 5-10-min\u00fctige Vortr\u00e4ge \u00fcber ihren Lebensweg nach dem Studium zu ihrem jetzigen Beruf darlege. Auch sprechen die Referierenden \u00fcber den VWL-Bezug ihres Jobs. Was haben sie aus dem Studium f\u00fcr ihren Beruf mitnehmen k\u00f6nnen? Woraus besteht ihr Beruf? Was bewirken sie? So k\u00f6nnen sich die interessierten Studierenden einen \u00dcberblick verschaffen, wie sie an den entsprechenden Beruf kommen k\u00f6nnten.<\/p>\n<p>Nach den Vortr\u00e4gen aller Referierende vorgetragen haben, gibt es ein Get-Together mit Kaltgetr\u00e4nken und kleinen Snacks. Hier kann der direkte Kontakt zu den Refererienden entstehen. Hat dich jemand besonders interessiert? Sprich die Person an und stell deine wichtigsten Fragen! Oder gesell dich zu einem Gespr\u00e4chskreis, an dem die Person beteiligt ist! Alle Referierende sind nahbar und k\u00f6nnen direkt angesprochen werden k\u00f6nnen.<\/p>\n<p>Nach dem kleinen Empfang endet die Veranstaltung gegen ca. 18:00 Uhr, dann sind hoffentlich die meisten Fragen beantwortet.<\/p>\n<p>[\/et_pb_text][\/et_pb_column][\/et_pb_row][et_pb_row _builder_version=&#8220;4.16&#8243; custom_margin=&#8220;|auto|-87px|auto||&#8220; global_colors_info=&#8220;{}&#8220;][et_pb_column type=&#8220;4_4&#8243; _builder_version=&#8220;4.16&#8243; global_colors_info=&#8220;{}&#8220;][et_pb_divider _builder_version=&#8220;4.16&#8243; custom_padding=&#8220;||0px|||&#8220; global_colors_info=&#8220;{}&#8220;][\/et_pb_divider][\/et_pb_column][\/et_pb_row][et_pb_row _builder_version=&#8220;4.16&#8243; min_height=&#8220;141.1px&#8220; global_colors_info=&#8220;{}&#8220;][et_pb_column type=&#8220;4_4&#8243; _builder_version=&#8220;4.16&#8243; global_colors_info=&#8220;{}&#8220;][et_pb_text _builder_version=&#8220;4.24.0&#8243; custom_padding=&#8220;10px|30px|10px|30px|false|false&#8220; global_colors_info=&#8220;{}&#8220;]<\/p>\n<p style=\"text-align: center;\"><span style=\"color: #000000;\"><strong>Wenn ihr noch mehr dar\u00fcber wissen wollt, was die Fachschaft macht, klickt euch einfach durch diese Webseite.<br \/><\/strong><\/span><\/p>\n<p>[\/et_pb_text][et_pb_button button_url=&#8220;@ET-DC@eyJkeW5hbWljIjp0cnVlLCJjb250ZW50IjoicG9zdF9saW5rX3VybF9wYWdlIiwic2V0dGluZ3MiOnsicG9zdF9pZCI6IjM5MjYifX0=@&#8220; button_text=&#8220;Unsere Veranstaltungen&#8220; button_alignment=&#8220;center&#8220; _builder_version=&#8220;4.23.1&#8243; _dynamic_attributes=&#8220;button_url&#8220; global_colors_info=&#8220;{}&#8220;][\/et_pb_button][\/et_pb_column][\/et_pb_row][\/et_pb_section][et_pb_section fb_built=&#8220;1&#8243; _builder_version=&#8220;4.16&#8243; custom_margin=&#8220;-1px|||||&#8220; custom_padding=&#8220;0px|||||&#8220; border_width_top=&#8220;3px&#8220; border_color_top=&#8220;#1B3458&#8243; global_colors_info=&#8220;{}&#8220;][et_pb_row _builder_version=&#8220;4.16&#8243; global_colors_info=&#8220;{}&#8220;][et_pb_column type=&#8220;4_4&#8243; _builder_version=&#8220;4.16&#8243; _module_preset=&#8220;default&#8220; global_colors_info=&#8220;{}&#8220;][et_pb_text _builder_version=&#8220;4.16&#8243; text_font_size=&#8220;22px&#8220; global_colors_info=&#8220;{}&#8220;]<\/p>\n<p style=\"text-align: center;\"><strong>English version<\/strong><\/p>\n<p>[\/et_pb_text][\/et_pb_column][\/et_pb_row][et_pb_row column_structure=&#8220;1_3,2_3&#8243; _builder_version=&#8220;4.16&#8243; global_colors_info=&#8220;{}&#8220;][et_pb_column type=&#8220;1_3&#8243; _builder_version=&#8220;4.16&#8243; global_colors_info=&#8220;{}&#8220;][et_pb_image src=&#8220;https:\/\/fachschaft-wiwi.ms\/wp-content\/uploads\/2026\/04\/VWL-Was-dann.jpeg&#8220; title_text=&#8220;VWL &#8211; Was dann? 2026&#8243; _builder_version=&#8220;4.27.6&#8243; _module_preset=&#8220;default&#8220; hover_enabled=&#8220;0&#8243; global_colors_info=&#8220;{}&#8220; sticky_enabled=&#8220;0&#8243;][\/et_pb_image][\/et_pb_column][et_pb_column type=&#8220;2_3&#8243; _builder_version=&#8220;4.16&#8243; global_colors_info=&#8220;{}&#8220;][et_pb_text _builder_version=&#8220;4.24.0&#8243; width=&#8220;100%&#8220; custom_margin=&#8220;|||3px||&#8220; global_colors_info=&#8220;{}&#8220;]<\/p>\n<h2 style=\"text-align: justify;\">What do I do after my Economics studies?<\/h2>\n<p style=\"text-align: justify;\">I&#8217;m sure some people ask themselves this question. A question you get asked by your parents, friends and acquaintances, but one that most students naturally also ask themselves. The answer for most students is not so clear and obivous.<\/p>\n<p style=\"text-align: justify;\">We asked ourselves exactly the same question and thought that we as the student council can answer it. Not us personally, mind you, but we can invite people from professional life who have completed an economics degree and facilitate exchange. This is exactly what \u201cAfter Economics\u201d is supposed to be: an event where future economists can find out about their options for their future careers and perhaps even make their first contacts.<\/p>\n<p style=\"text-align: justify;\">Why is our event not just another job fair? There are already enough job fairs and internships &#8211; but we are explicitly focussing on economics. We want to show possible paths of economics alumni that are not so often seen. Another reason for our event that you should attend next time!<\/p>\n<p style=\"text-align: left;\">Please read through the page and if you have any questions, please contact us by e-mail at: <a href=\"mailto:fs.vwl@wiwi.uni-muenster.de\">fs.vwl@wiwi.uni-muenster.de<\/a><\/p>\n<p style=\"text-align: justify;\">\n<p>[\/et_pb_text][\/et_pb_column][\/et_pb_row][et_pb_row _builder_version=&#8220;4.24.0&#8243; _module_preset=&#8220;default&#8220; global_colors_info=&#8220;{}&#8220;][et_pb_column type=&#8220;4_4&#8243; _builder_version=&#8220;4.24.0&#8243; _module_preset=&#8220;default&#8220; global_colors_info=&#8220;{}&#8220;][et_pb_divider _builder_version=&#8220;4.24.0&#8243; _module_preset=&#8220;default&#8220; global_colors_info=&#8220;{}&#8220;][\/et_pb_divider][\/et_pb_column][\/et_pb_row][et_pb_row column_structure=&#8220;1_4,1_4,1_4,1_4&#8243; _builder_version=&#8220;4.24.0&#8243; _module_preset=&#8220;default&#8220; module_alignment=&#8220;center&#8220; min_height=&#8220;74.8px&#8220; custom_margin=&#8220;-17px|auto||auto||&#8220; border_color_all=&#8220;#1B3458&#8243; global_colors_info=&#8220;{}&#8220;][et_pb_column type=&#8220;1_4&#8243; _builder_version=&#8220;4.24.0&#8243; _module_preset=&#8220;default&#8220; global_colors_info=&#8220;{}&#8220;][et_pb_text _builder_version=&#8220;4.24.0&#8243; _module_preset=&#8220;default&#8220; global_colors_info=&#8220;{}&#8220;]<\/p>\n<h5 style=\"text-align: center;\"><strong>The next<\/strong><br \/><strong>&#8222;After Economics&#8220;:<\/strong><\/h5>\n<p>[\/et_pb_text][\/et_pb_column][et_pb_column type=&#8220;1_4&#8243; _builder_version=&#8220;4.24.0&#8243; _module_preset=&#8220;default&#8220; global_colors_info=&#8220;{}&#8220;][et_pb_text _builder_version=&#8220;4.27.6&#8243; _module_preset=&#8220;default&#8220; global_colors_info=&#8220;{}&#8220;]<\/p>\n<h5 style=\"text-align: center;\"><strong>Date?<\/strong><\/h5>\n<p style=\"text-align: center;\"><strong>1. June 2026<\/strong><\/p>\n<p>[\/et_pb_text][\/et_pb_column][et_pb_column type=&#8220;1_4&#8243; _builder_version=&#8220;4.24.0&#8243; _module_preset=&#8220;default&#8220; global_colors_info=&#8220;{}&#8220;][et_pb_text _builder_version=&#8220;4.24.0&#8243; _module_preset=&#8220;default&#8220; global_colors_info=&#8220;{}&#8220;]<\/p>\n<h5 style=\"text-align: center;\"><strong>Time?<\/strong><\/h5>\n<p style=\"text-align: center;\"><strong>Starting at 4 pm<\/strong><\/p>\n<p>[\/et_pb_text][\/et_pb_column][et_pb_column type=&#8220;1_4&#8243; _builder_version=&#8220;4.24.0&#8243; _module_preset=&#8220;default&#8220; global_colors_info=&#8220;{}&#8220;][et_pb_text _builder_version=&#8220;4.27.6&#8243; _module_preset=&#8220;default&#8220; global_colors_info=&#8220;{}&#8220;]<\/p>\n<h5 style=\"text-align: center;\"><strong>Where?<\/strong><\/h5>\n<p style=\"text-align: center;\"><b>S1 and Foyer of Castle<br \/><\/b><\/p>\n<p>[\/et_pb_text][\/et_pb_column][\/et_pb_row][et_pb_row _builder_version=&#8220;4.24.0&#8243; _module_preset=&#8220;default&#8220; global_colors_info=&#8220;{}&#8220;][et_pb_column type=&#8220;4_4&#8243; _builder_version=&#8220;4.24.0&#8243; _module_preset=&#8220;default&#8220; global_colors_info=&#8220;{}&#8220;][et_pb_divider _builder_version=&#8220;4.24.0&#8243; _module_preset=&#8220;default&#8220; global_colors_info=&#8220;{}&#8220;][\/et_pb_divider][\/et_pb_column][\/et_pb_row][et_pb_row _builder_version=&#8220;4.24.0&#8243; _module_preset=&#8220;default&#8220; min_height=&#8220;459.2px&#8220; global_colors_info=&#8220;{}&#8220;][et_pb_column type=&#8220;4_4&#8243; _builder_version=&#8220;4.24.0&#8243; _module_preset=&#8220;default&#8220; global_colors_info=&#8220;{}&#8220;][et_pb_text _builder_version=&#8220;4.24.0&#8243; _module_preset=&#8220;default&#8220; width=&#8220;100%&#8220; global_colors_info=&#8220;{}&#8220;]<\/p>\n<h4><strong>The general procedure:<\/strong><\/h4>\n<p>First, the speakers will each give about 5-10 minute presentations about their life path after graduation to their current job. The speakers will also talk about the relevance of economics to their job. What have they been able to take away from their studies for their profession? What does their job consist of? What do they achieve?<\/p>\n<p>In this way, interested studetns can get an overview of how they could get into the relevant job.<\/p>\n<p>After all the speakers have spoken, there is a get-together with cold drinks and snacks. This is a great opportunity to make direct contact with the speakers. Were you particularly interested in someone? Talk to the person and ask questions! Or join a discussion group in which the person is involved! It is important here that you can approach the each speaker directly.<\/p>\n<p>&nbsp;<\/p>\n<p>After the small reception, the event will end at around 6.00pmm by which hopefully most of the questions will have been answered.<\/p>\n<p>[\/et_pb_text][\/et_pb_column][\/et_pb_row][et_pb_row _builder_version=&#8220;4.16&#8243; custom_margin=&#8220;|auto|-87px|auto||&#8220; global_colors_info=&#8220;{}&#8220;][et_pb_column type=&#8220;4_4&#8243; _builder_version=&#8220;4.16&#8243; global_colors_info=&#8220;{}&#8220;][et_pb_divider _builder_version=&#8220;4.16&#8243; custom_padding=&#8220;||0px|||&#8220; global_colors_info=&#8220;{}&#8220;][\/et_pb_divider][\/et_pb_column][\/et_pb_row][et_pb_row _builder_version=&#8220;4.16&#8243; global_colors_info=&#8220;{}&#8220;][et_pb_column type=&#8220;4_4&#8243; _builder_version=&#8220;4.16&#8243; global_colors_info=&#8220;{}&#8220;][et_pb_text _builder_version=&#8220;4.23.1&#8243; custom_padding=&#8220;10px|30px|10px|30px|false|false&#8220; global_colors_info=&#8220;{}&#8220;]<\/p>\n<p style=\"text-align: center;\"><span style=\"color: #000000;\"><strong><\/strong><\/span><\/p>\n<p style=\"text-align: center;\"><span style=\"color: #000000;\"><strong>If you want to know more about what the student council is up to, just click through this website.<\/strong><\/span><\/p>\n<p>[\/et_pb_text][et_pb_button button_url=&#8220;@ET-DC@eyJkeW5hbWljIjp0cnVlLCJjb250ZW50IjoicG9zdF9saW5rX3VybF9wYWdlIiwic2V0dGluZ3MiOnsicG9zdF9pZCI6IjM5MjYifX0=@&#8220; button_text=&#8220;Our events&#8220; button_alignment=&#8220;center&#8220; _builder_version=&#8220;4.23.1&#8243; _dynamic_attributes=&#8220;button_url&#8220; global_colors_info=&#8220;{}&#8220;][\/et_pb_button][\/et_pb_column][\/et_pb_row][\/et_pb_section]<\/p>\n","protected":false},"excerpt":{"rendered":"<p>English version below \u2193Was mache ich nach meinem VWL-Studium? Diese Frage stellen sich bestimmt einige. Eine Frage die man h\u00e4ufig von seinen Eltern, Freunden und Bekannten gestellt bekommt, aber nat\u00fcrlich auch viele Studis besch\u00e4ftigt. Die Antwort der meisten Studis ist darauf aber gar nicht mal so klar und eindeutig. Genau dieselbe Frage haben wir uns [&hellip;]<\/p>\n","protected":false},"author":3,"featured_media":0,"parent":0,"menu_order":0,"comment_status":"closed","ping_status":"closed","template":"","meta":{"_et_pb_use_builder":"on","_et_pb_old_content":"","_et_gb_content_width":"","footnotes":""},"class_list":["post-28896","page","type-page","status-publish","hentry"],"_links":{"self":[{"href":"https:\/\/fachschaft-wiwi.ms\/en\/wp-json\/wp\/v2\/pages\/28896","targetHints":{"allow":["GET"]}}],"collection":[{"href":"https:\/\/fachschaft-wiwi.ms\/en\/wp-json\/wp\/v2\/pages"}],"about":[{"href":"https:\/\/fachschaft-wiwi.ms\/en\/wp-json\/wp\/v2\/types\/page"}],"author":[{"embeddable":true,"href":"https:\/\/fachschaft-wiwi.ms\/en\/wp-json\/wp\/v2\/users\/3"}],"replies":[{"embeddable":true,"href":"https:\/\/fachschaft-wiwi.ms\/en\/wp-json\/wp\/v2\/comments?post=28896"}],"version-history":[{"count":10,"href":"https:\/\/fachschaft-wiwi.ms\/en\/wp-json\/wp\/v2\/pages\/28896\/revisions"}],"predecessor-version":[{"id":29924,"href":"https:\/\/fachschaft-wiwi.ms\/en\/wp-json\/wp\/v2\/pages\/28896\/revisions\/29924"}],"wp:attachment":[{"href":"https:\/\/fachschaft-wiwi.ms\/en\/wp-json\/wp\/v2\/media?parent=28896"}],"curies":[{"name":"wp","href":"https:\/\/api.w.org\/{rel}","templated":true}]}}