{"id":28627,"date":"2024-01-29T15:42:11","date_gmt":"2024-01-29T14:42:11","guid":{"rendered":"https:\/\/fachschaft-wiwi.ms\/?page_id=28627"},"modified":"2026-03-10T22:37:59","modified_gmt":"2026-03-10T21:37:59","slug":"jahresbericht-2","status":"publish","type":"page","link":"https:\/\/fachschaft-wiwi.ms\/en\/jahresbericht-2\/","title":{"rendered":"Annual report"},"content":{"rendered":"<p>[et_pb_section fb_built=&#8220;1&#8243; _builder_version=&#8220;4.24.0&#8243; _dynamic_attributes=&#8220;background_image&#8220; _module_preset=&#8220;default&#8220; use_background_color_gradient=&#8220;on&#8220; background_color_gradient_stops=&#8220;rgba(27,52,88,0.75) 0%|rgba(27,52,88,0.75) 100%&#8220; background_color_gradient_overlays_image=&#8220;on&#8220; background_image=&#8220;@ET-DC@eyJkeW5hbWljIjp0cnVlLCJjb250ZW50IjoicG9zdF9mZWF0dXJlZF9pbWFnZSIsInNldHRpbmdzIjp7fX0=@&#8220; global_module=&#8220;28574&#8243; saved_tabs=&#8220;all&#8220; locked=&#8220;off&#8220; global_colors_info=&#8220;{}&#8220;][et_pb_row _builder_version=&#8220;4.24.0&#8243; _module_preset=&#8220;default&#8220; global_colors_info=&#8220;{}&#8220;][et_pb_column type=&#8220;4_4&#8243; _builder_version=&#8220;4.23.1&#8243; _module_preset=&#8220;default&#8220; global_colors_info=&#8220;{}&#8220;][et_pb_text _builder_version=&#8220;4.27.0&#8243; _dynamic_attributes=&#8220;content&#8220; _module_preset=&#8220;default&#8220; header_text_color=&#8220;#FFFFFF&#8220; custom_margin=&#8220;||-4px||false|false&#8220; global_colors_info=&#8220;{}&#8220;]@ET-DC@eyJkeW5hbWljIjp0cnVlLCJjb250ZW50IjoicG9zdF90aXRsZSIsInNldHRpbmdzIjp7ImJlZm9yZSI6IjxoMT4iLCJhZnRlciI6IjwvaDE+In19@[\/et_pb_text][\/et_pb_column][\/et_pb_row][\/et_pb_section][et_pb_section fb_built=&#8220;1&#8243; _builder_version=&#8220;4.19.5&#8243; _module_preset=&#8220;default&#8220; global_colors_info=&#8220;{}&#8220;][et_pb_row _builder_version=&#8220;4.23.1&#8243; _module_preset=&#8220;default&#8220; global_colors_info=&#8220;{}&#8220;][et_pb_column type=&#8220;4_4&#8243; _builder_version=&#8220;4.19.5&#8243; _module_preset=&#8220;default&#8220; global_colors_info=&#8220;{}&#8220;][et_pb_cta title=&#8220;Allgemeine Information&#8220; button_text=&#8220;Klicks&#8220; _builder_version=&#8220;4.27.2&#8243; _module_preset=&#8220;default&#8220; header_text_align=&#8220;left&#8220; background_color=&#8220;RGBA(0,28,68,0.66)&#8220; global_colors_info=&#8220;{}&#8220;]<\/p>\n<p style=\"text-align: left;\">Die Fachschaft erstellt am Ende eines jeden Jahres einen Jahresbericht, um ihre Aktivit\u00e4ten transparent zu machen und der \u00d6ffentlichkeit mitzuteilen, welche Projekte sie im vergangenen Jahr durchgef\u00fchrt hat.<\/p>\n<p style=\"text-align: left;\">Auf dieser Seite sind die Jahresberichte der vergangenen Jahre zu finden.<\/p>\n<p>[\/et_pb_cta][\/et_pb_column][\/et_pb_row][\/et_pb_section][et_pb_section fb_built=&#8220;1&#8243; _builder_version=&#8220;4.19.5&#8243; _module_preset=&#8220;default&#8220; global_colors_info=&#8220;{}&#8220;][et_pb_row _builder_version=&#8220;4.19.5&#8243; _module_preset=&#8220;default&#8220; global_colors_info=&#8220;{}&#8220;][et_pb_column type=&#8220;4_4&#8243; _builder_version=&#8220;4.19.5&#8243; _module_preset=&#8220;default&#8220; global_colors_info=&#8220;{}&#8220;][et_pb_text _builder_version=&#8220;4.21.2&#8243; _module_preset=&#8220;default&#8220; global_colors_info=&#8220;{}&#8220;]<\/p>\n<h1>Jahresberichte der Fachschaft WiWi<\/h1>\n<p>[\/et_pb_text][et_pb_cta title=&#8220;Jahresbericht 2025&#8243; button_url=&#8220;https:\/\/fachschaft-wiwi.ms\/wp-content\/uploads\/2026\/03\/Jahresbericht_2025_Fachschaft_WiWi_Final.pdf&#8220; url_new_window=&#8220;on&#8220; button_text=&#8220;Download&#8220; _builder_version=&#8220;4.27.2&#8243; hover_enabled=&#8220;0&#8243; locked=&#8220;off&#8220; global_colors_info=&#8220;{}&#8220; sticky_enabled=&#8220;0&#8243;][\/et_pb_cta][et_pb_cta title=&#8220;Jahresbericht 2024&#8243; button_url=&#8220;https:\/\/fachschaft-wiwi.ms\/wp-content\/uploads\/2025\/09\/Jahresbericht_2024_Fachschaft_WiWi_Final.pdf&#8220; url_new_window=&#8220;on&#8220; button_text=&#8220;Download&#8220; _builder_version=&#8220;4.27.2&#8243; locked=&#8220;off&#8220; global_colors_info=&#8220;{}&#8220;][\/et_pb_cta][et_pb_cta title=&#8220;Jahresbericht 2023&#8243; button_url=&#8220;@ET-DC@eyJkeW5hbWljIjp0cnVlLCJjb250ZW50IjoicG9zdF9saW5rX3VybF9hdHRhY2htZW50Iiwic2V0dGluZ3MiOnsicG9zdF9pZCI6IjI4ODMxIn19@&#8220; url_new_window=&#8220;on&#8220; button_text=&#8220;Download&#8220; _builder_version=&#8220;4.24.0&#8243; _dynamic_attributes=&#8220;button_url&#8220; locked=&#8220;off&#8220; global_colors_info=&#8220;{}&#8220;][\/et_pb_cta][et_pb_cta title=&#8220;Jahresbericht 2022&#8243; button_url=&#8220;@ET-DC@eyJkeW5hbWljIjp0cnVlLCJjb250ZW50IjoicG9zdF9saW5rX3VybF9hdHRhY2htZW50Iiwic2V0dGluZ3MiOnsicG9zdF9pZCI6IjI4NjYwIn19@&#8220; url_new_window=&#8220;on&#8220; button_text=&#8220;Download&#8220; _builder_version=&#8220;4.24.0&#8243; _dynamic_attributes=&#8220;button_url&#8220; locked=&#8220;off&#8220; global_colors_info=&#8220;{}&#8220;][\/et_pb_cta][\/et_pb_column][\/et_pb_row][\/et_pb_section]<\/p>\n","protected":false},"excerpt":{"rendered":"<p>Die Fachschaft erstellt am Ende eines jeden Jahres einen Jahresbericht, um ihre Aktivit\u00e4ten transparent zu machen und der \u00d6ffentlichkeit mitzuteilen, welche Projekte sie im vergangenen Jahr durchgef\u00fchrt hat. Auf dieser Seite sind die Jahresberichte der vergangenen Jahre zu finden.Jahresberichte der Fachschaft WiWi<\/p>","protected":false},"author":16,"featured_media":28655,"parent":0,"menu_order":0,"comment_status":"closed","ping_status":"closed","template":"","meta":{"_et_pb_use_builder":"on","_et_pb_old_content":"","_et_gb_content_width":"","footnotes":""},"class_list":["post-28627","page","type-page","status-publish","has-post-thumbnail","hentry"],"_links":{"self":[{"href":"https:\/\/fachschaft-wiwi.ms\/en\/wp-json\/wp\/v2\/pages\/28627","targetHints":{"allow":["GET"]}}],"collection":[{"href":"https:\/\/fachschaft-wiwi.ms\/en\/wp-json\/wp\/v2\/pages"}],"about":[{"href":"https:\/\/fachschaft-wiwi.ms\/en\/wp-json\/wp\/v2\/types\/page"}],"author":[{"embeddable":true,"href":"https:\/\/fachschaft-wiwi.ms\/en\/wp-json\/wp\/v2\/users\/16"}],"replies":[{"embeddable":true,"href":"https:\/\/fachschaft-wiwi.ms\/en\/wp-json\/wp\/v2\/comments?post=28627"}],"version-history":[{"count":14,"href":"https:\/\/fachschaft-wiwi.ms\/en\/wp-json\/wp\/v2\/pages\/28627\/revisions"}],"predecessor-version":[{"id":29856,"href":"https:\/\/fachschaft-wiwi.ms\/en\/wp-json\/wp\/v2\/pages\/28627\/revisions\/29856"}],"wp:featuredmedia":[{"embeddable":true,"href":"https:\/\/fachschaft-wiwi.ms\/en\/wp-json\/wp\/v2\/media\/28655"}],"wp:attachment":[{"href":"https:\/\/fachschaft-wiwi.ms\/en\/wp-json\/wp\/v2\/media?parent=28627"}],"curies":[{"name":"wp","href":"https:\/\/api.w.org\/{rel}","templated":true}]}}