{"id":28263,"date":"2023-11-19T12:58:12","date_gmt":"2023-11-19T11:58:12","guid":{"rendered":"https:\/\/fachschaft-wiwi.ms\/?page_id=28263"},"modified":"2025-11-23T19:29:16","modified_gmt":"2025-11-23T18:29:16","slug":"privacy","status":"publish","type":"page","link":"https:\/\/fachschaft-wiwi.ms\/en\/privacy\/","title":{"rendered":"Datenschutzerkl\u00e4rung"},"content":{"rendered":"<p>[et_pb_section fb_built=&#8220;1&#8243; _builder_version=&#8220;4.16&#8243; custom_padding=&#8220;0px||1px|||&#8220; global_colors_info=&#8220;{}&#8220;][et_pb_row _builder_version=&#8220;4.16&#8243; background_size=&#8220;initial&#8220; background_position=&#8220;top_left&#8220; background_repeat=&#8220;repeat&#8220; global_colors_info=&#8220;{}&#8220;][et_pb_column type=&#8220;4_4&#8243; _builder_version=&#8220;4.16&#8243; custom_padding=&#8220;|||&#8220; global_colors_info=&#8220;{}&#8220; custom_padding__hover=&#8220;|||&#8220;][et_pb_text _builder_version=&#8220;4.24.0&#8243; background_size=&#8220;initial&#8220; background_position=&#8220;top_left&#8220; background_repeat=&#8220;repeat&#8220; global_colors_info=&#8220;{}&#8220;]<!-- divi:heading --><\/p>\n<h2>Datenschutzerkl\u00e4rung<\/h2>\n<p>Wir verarbeiten personenbezogene Daten (im Folgenden &#8222;Daten&#8220; genannt) nur soweit dies erforderlich und umsetzbar ist, um eine funktionale und benutzerfreundliche Webseite sowie die angebotenen Dienstleistungen bereitzustellen.<\/p>\n<p>Gem\u00e4\u00df Art. 4 Ziffer 1 der Datenschutz-Grundverordnung (Verordnung (EU) 2016\/679, im Folgenden &#8222;DSGVO&#8220;) umfasst der Begriff &#8222;Verarbeitung&#8220; alle Vorg\u00e4nge oder Vorgangsreihen im Zusammenhang mit personenbezogenen Daten, unabh\u00e4ngig davon, ob sie automatisiert ausgef\u00fchrt werden. Dazu geh\u00f6ren das Erheben, Erfassen, Organisieren, Ordnen, Speichern, Anpassen, Ver\u00e4ndern, Auslesen, Abfragen, Verwenden, Offenlegen durch \u00dcbermitteln, Verbreiten, Abgleichen, Verkn\u00fcpfen, Einschr\u00e4nken, L\u00f6schen oder Vernichten von Daten.<\/p>\n<p>Im Folgenden informieren wir Sie \u00fcber Art, Umfang, Zweck, Dauer und Rechtsgrundlage der Verarbeitung von personenbezogenen Daten in unserem Verantwortungsbereich. Zus\u00e4tzlich informieren wir Sie \u00fcber eingesetzte Fremdkomponenten zur Optimierung und Verbesserung der Nutzungsqualit\u00e4t, soweit hierbei Dritte Daten in eigener Verantwortung verarbeiten.<\/p>\n<p>Unsere Datenschutzerkl\u00e4rung gliedert sich wie folgt:<\/p>\n<p>Unsere Datenschutzerkl\u00e4rung ist wie folgt gegliedert:<\/p>\n<p>I. Informationen \u00fcber uns als Verantwortliche<br \/>II. Rechte der Nutzer und Betroffenen<br \/>III. Informationen zur Datenverarbeitung<\/p>\n<p>&nbsp;<\/p>\n<h3 class=\"wp-block-heading\">I. Informationen \u00fcber uns als Verantwortliche<\/h3>\n<p>Verantwortlich f\u00fcr diesen Webauftritt im Sinne des Datenschutzes ist:<\/p>\n<p><span>Fachschaft WiWi<\/span><br \/><span>Universit\u00e4tsstrasse 18<\/span><br \/><span>48143 M\u00fcnster<\/span><br \/><span>E-Mail:<\/span><span>\u00a0<\/span><a href=\"mailto:fachschaft@wiwi.uni-muenster.de\">fachschaft@wiwi.uni-muenster.de<\/a><br \/><span>Telefon: 0251-83-22079<\/span><\/p>\n<p><em>Fachschaftsleitung:<\/em><br \/>Finn Nils M\u00fcller<br \/>Benedikt Stefan Mai<\/p>\n<p>&nbsp;<\/p>\n<h3 class=\"wp-block-heading\">II. Rechte der Nutzer und Betroffenen<\/h3>\n<p>Bez\u00fcglich der nachfolgend beschriebenen Datenverarbeitung haben Nutzer und Betroffene folgende Rechte:<\/p>\n<ul>\n<li><strong>Auskunftsrecht<\/strong>: Best\u00e4tigung, ob Daten verarbeitet werden, Information \u00fcber die verarbeiteten Daten, weitere Informationen zur Datenverarbeitung und Kopien der Daten (siehe Art. 15 DSGVO).<\/li>\n<li><strong>Berichtigungsrecht<\/strong>: Korrektur unrichtiger oder Vervollst\u00e4ndigung unvollst\u00e4ndiger Daten (siehe Art. 16 DSGVO).<\/li>\n<li><strong>L\u00f6schungsrecht<\/strong>: Unverz\u00fcgliche L\u00f6schung der sie betreffenden Daten (siehe Art. 17 DSGVO), oder alternativ Einschr\u00e4nkung der Verarbeitung, wenn eine weitergehende Verarbeitung erforderlich ist (siehe Art. 18 DSGVO).<\/li>\n<li><strong>Recht auf Daten\u00fcbertragbarkeit<\/strong>: Erhalt der bereitgestellten Daten und deren \u00dcbermittlung an andere Verantwortliche (siehe Art. 20 DSGVO).<\/li>\n<li><strong>Beschwerderecht<\/strong>: Beschwerde bei einer Aufsichtsbeh\u00f6rde, wenn die Datenverarbeitung gegen datenschutzrechtliche Bestimmungen verst\u00f6\u00dft (siehe Art. 77 DSGVO).<\/li>\n<\/ul>\n<p>Wir sind verpflichtet, allen Empf\u00e4ngern von Daten, die von uns berichtigt, gel\u00f6scht oder eingeschr\u00e4nkt wurden, Mitteilung zu machen, es sei denn, der Aufwand ist unverh\u00e4ltnism\u00e4\u00dfig. Nutzer haben au\u00dferdem das Recht, Informationen \u00fcber diese Empf\u00e4nger zu erhalten.<\/p>\n<p><strong>Au\u00dferdem haben Nutzer gem. Art. 21 DSGVO das Recht, der Verarbeitung ihrer Daten zu widersprechen, insbesondere wenn diese zu Zwecken der Direktwerbung verwendet werden.<\/strong><\/p>\n<h3 class=\"wp-block-heading\">III. Informationen zur Datenverarbeitung<\/h3>\n<p>Die bei der Nutzung unseres Internetangebots verarbeiteten Daten werden gel\u00f6scht oder gesperrt, wenn der Zweck der Speicherung entf\u00e4llt oder gesetzliche Aufbewahrungspflichten nicht mehr gegeben sind, sofern untenstehend nichts anderes angegeben wird.<\/p>\n<h4 class=\"wp-block-heading\">Serverdaten<\/h4>\n<p>Technisch bedingt \u00fcbertr\u00e4gt Ihr Internet-Browser Daten an uns oder unseren Webhosting-Provider. In den sogenannten Server-Logfiles werden z.B. Browsertyp und -version, das Betriebssystem, die Webseite, von der Sie auf unsere Webseite gelangt sind (Referrer URL), die besuchten Seiten auf unserer Webseite, Datum und Uhrzeit des Zugriffs sowie die IP-Adresse erhoben.<\/p>\n<p>Diese Daten werden tempor\u00e4r gespeichert, nicht jedoch mit anderen Daten von Ihnen verkn\u00fcpft.<\/p>\n<p>Rechtsgrundlage f\u00fcr diese Datenverarbeitung ist Art. 6 Abs. 1 lit. f DSGVO. Unser berechtigtes Interesse besteht in der Verbesserung, Stabilit\u00e4t, Funktionalit\u00e4t und Sicherheit der Webseite.<\/p>\n<p>Die Daten werden sp\u00e4testens nach sieben Tagen gel\u00f6scht, au\u00dfer eine Speicherung zu Beweiszwecken ist erforderlich. Andernfalls sind die Daten bis zur Kl\u00e4rung eines Vorfalls von einer L\u00f6schung ausgenommen.<\/p>\n<p>&nbsp;<\/p>\n<h4 class=\"wp-block-heading\">Plugins<\/h4>\n<p>F\u00fcr die Webseite verwenden wir sogenannte Plugins, die in unserem Fall keine personenbezogenen Daten sammeln.<\/p>\n<h5 class=\"wp-block-heading\">Instagram Feed<\/h5>\n<p>Wir nutzen ein Instagram Feed Plugin, um Inhalte anzuzeigen. Deshalb sendet unsere Website Anfragen an Instragram\u2019s Server, um die Daten zum Ver\u00f6ffentlichen des Feeds und zum Darstellen von Bildern und Videos zu erhalten. Diese Anfragen senden Ihre IP-Adresse an Instagram. Diese nutzen die IP-Adresse nach der Datenschutzerkl\u00e4rung von Instagram, welche Sie hier vorfinden: <a href=\"https:\/\/help.instagram.com\/519522125107875\">https:\/\/help.instagram.com\/519522125107875<\/a>. Weitere Informationen zum Datenschutz bez\u00fcglich des Instagram Feed Plugins finden Sie hier: <a href=\"https:\/\/smashballoon.com\/gdpr-and-our-plugins\/\">https:\/\/smashballoon.com\/gdpr-and-our-plugins\/<\/a>.<\/p>\n<p>&nbsp;<\/p>\n<h4 class=\"wp-block-heading\">Kontaktanfragen \/ Kontaktm\u00f6glichkeit<\/h4>\n<p>Bei Kontaktaufnahme \u00fcber E-Mail oder Kontaktformular speichern wir die von Ihnen bereitgestellten Daten zur Bearbeitung der Anfrage. Ohne Bereitstellung dieser Daten k\u00f6nnen wir Ihre Anfrage nicht oder nur eingeschr\u00e4nkt beantworten.<\/p>\n<p>Die Verarbeitung basiert auf Art. 6 Abs. 1 lit. b DSGVO. Ihre Daten werden gel\u00f6scht, sobald die Bearbeitung Ihrer Anfrage abgeschlossen ist und keine gesetzlichen Aufbewahrungspflichten entgegenstehen.<\/p>\n<p>&nbsp;<\/p>\n<h4>Soziale Medien und Netzwerke (Social Media)<\/h4>\n<h5>Instagram<\/h5>\n<p>Instagram ist ein Dienst der Instagram Inc., 1601 Willow Road, Menlo Park CA 94025 \u2013 USA.<\/p>\n<p>Die Datenschutzerkl\u00e4rung ist abrufbar unter:\u00a0 <a href=\"http:\/\/instagram.com\/about\/legal\/privacy\">http:\/\/instagram.com\/about\/legal\/privacy<\/a><\/p>\n<p>&nbsp;<\/p>\n<h4>Anmeldung O-Woche<\/h4>\n<p>Das Anmeldeportal ist unter <a href=\"https:\/\/owoche.fachschaft-wiwi.ms\">https:\/\/owoche.fachschaft-wiwi.ms<\/a> aufrufbar.<\/p>\n<p>Bei einer Kontaktaufnahme durch den Nutzer nutzen wir die bereitgestellten personenbezogenen Daten (wie E-Mail-Adresse, Name sowie Datum und Uhrzeit der Kontaktaufnahme oder Einwilligung) zur Bearbeitung der Anfrage. Diese Datenangaben sind notwendig, um die Anfrage bearbeiten und beantworten zu k\u00f6nnen. Ohne diese Informationen ist eine vollst\u00e4ndige Bearbeitung eventuell nicht m\u00f6glich. Die Datennutzung erfolgt ausschlie\u00dflich zur \u00dcbermittlung von Informationen \u00fcber die O-Woche der Fachschaft Wirtschaftswissenschaften an der Universit\u00e4t M\u00fcnster.<\/p>\n<p>Wenn die Kontaktaufnahme dazu dient, einen Vertrag zu erf\u00fcllen oder vorvertragliche Ma\u00dfnahmen durchzuf\u00fchren, basiert die Datenverarbeitung auf Art. 6 Abs. 1 lit. b DSGVO.<\/p>\n<p>Die Nutzerinformationen werden gel\u00f6scht, sobald die Anfrage abschlie\u00dfend bearbeitet wurde und keine gesetzlichen Aufbewahrungspflichten, beispielsweise im Rahmen einer Vertragsabwicklung, bestehen.<\/p>\n<p>In bestimmten F\u00e4llen kann die Verarbeitung auch auf einer Einwilligung des Nutzers basieren, gem\u00e4\u00df Art. 6 Abs. 1 lit. a DSGVO. Diese Einwilligung wird gegebenenfalls im Rahmen des Kontaktformulars eingeholt und verweist auf diese Datenschutzerkl\u00e4rung.<\/p>\n<p>Nutzer k\u00f6nnen eine erteilte Einwilligung zur Kontaktanfrage jederzeit gem\u00e4\u00df Art. 7 Abs. 3 DSGVO widerrufen. Verarbeitete Daten werden gel\u00f6scht, sobald ihre Aufbewahrung nicht mehr notwendig ist.<\/p>\n<p>&nbsp;<\/p>\n<p>&nbsp;<\/p>\n<p>&nbsp;<\/p>\n<p>&nbsp;<\/p>\n<p>&nbsp;<\/p>\n<p><!-- \/divi:heading -->[\/et_pb_text][\/et_pb_column][\/et_pb_row][\/et_pb_section]<\/p>\n","protected":false},"excerpt":{"rendered":"<p>Datenschutzerkl\u00e4rung Wir verarbeiten personenbezogene Daten (im Folgenden &#8222;Daten&#8220; genannt) nur soweit dies erforderlich und umsetzbar ist, um eine funktionale und benutzerfreundliche Webseite sowie die angebotenen Dienstleistungen bereitzustellen. Gem\u00e4\u00df Art. 4 Ziffer 1 der Datenschutz-Grundverordnung (Verordnung (EU) 2016\/679, im Folgenden &#8222;DSGVO&#8220;) umfasst der Begriff &#8222;Verarbeitung&#8220; alle Vorg\u00e4nge oder Vorgangsreihen im Zusammenhang mit personenbezogenen Daten, unabh\u00e4ngig davon, [&hellip;]<\/p>\n","protected":false},"author":17,"featured_media":0,"parent":0,"menu_order":0,"comment_status":"closed","ping_status":"closed","template":"","meta":{"_et_pb_use_builder":"on","_et_pb_old_content":"","_et_gb_content_width":"","footnotes":""},"class_list":["post-28263","page","type-page","status-publish","hentry"],"_links":{"self":[{"href":"https:\/\/fachschaft-wiwi.ms\/en\/wp-json\/wp\/v2\/pages\/28263","targetHints":{"allow":["GET"]}}],"collection":[{"href":"https:\/\/fachschaft-wiwi.ms\/en\/wp-json\/wp\/v2\/pages"}],"about":[{"href":"https:\/\/fachschaft-wiwi.ms\/en\/wp-json\/wp\/v2\/types\/page"}],"author":[{"embeddable":true,"href":"https:\/\/fachschaft-wiwi.ms\/en\/wp-json\/wp\/v2\/users\/17"}],"replies":[{"embeddable":true,"href":"https:\/\/fachschaft-wiwi.ms\/en\/wp-json\/wp\/v2\/comments?post=28263"}],"version-history":[{"count":11,"href":"https:\/\/fachschaft-wiwi.ms\/en\/wp-json\/wp\/v2\/pages\/28263\/revisions"}],"predecessor-version":[{"id":29713,"href":"https:\/\/fachschaft-wiwi.ms\/en\/wp-json\/wp\/v2\/pages\/28263\/revisions\/29713"}],"wp:attachment":[{"href":"https:\/\/fachschaft-wiwi.ms\/en\/wp-json\/wp\/v2\/media?parent=28263"}],"curies":[{"name":"wp","href":"https:\/\/api.w.org\/{rel}","templated":true}]}}