{"id":28203,"date":"2024-01-29T16:18:51","date_gmt":"2024-01-29T15:18:51","guid":{"rendered":"https:\/\/fachschaft-wiwi.ms\/?page_id=28203"},"modified":"2026-04-02T14:50:12","modified_gmt":"2026-04-02T12:50:12","slug":"kommissionen","status":"publish","type":"page","link":"https:\/\/fachschaft-wiwi.ms\/en\/kommissionen\/","title":{"rendered":"Commissions"},"content":{"rendered":"<p>[et_pb_section fb_built=&#8220;1&#8243; _builder_version=&#8220;4.24.0&#8243; _dynamic_attributes=&#8220;background_image&#8220; _module_preset=&#8220;default&#8220; use_background_color_gradient=&#8220;on&#8220; background_color_gradient_stops=&#8220;rgba(27,52,88,0.75) 0%|rgba(27,52,88,0.75) 100%&#8220; background_color_gradient_overlays_image=&#8220;on&#8220; background_image=&#8220;@ET-DC@eyJkeW5hbWljIjp0cnVlLCJjb250ZW50IjoicG9zdF9mZWF0dXJlZF9pbWFnZSIsInNldHRpbmdzIjp7fX0=@&#8220; global_module=&#8220;28574&#8243; saved_tabs=&#8220;all&#8220; locked=&#8220;off&#8220; global_colors_info=&#8220;{}&#8220;][et_pb_row _builder_version=&#8220;4.24.0&#8243; _module_preset=&#8220;default&#8220; global_colors_info=&#8220;{}&#8220;][et_pb_column type=&#8220;4_4&#8243; _builder_version=&#8220;4.23.1&#8243; _module_preset=&#8220;default&#8220; global_colors_info=&#8220;{}&#8220;][et_pb_text _builder_version=&#8220;4.27.0&#8243; _dynamic_attributes=&#8220;content&#8220; _module_preset=&#8220;default&#8220; header_text_color=&#8220;#FFFFFF&#8220; custom_margin=&#8220;||-4px||false|false&#8220; global_colors_info=&#8220;{}&#8220;]@ET-DC@eyJkeW5hbWljIjp0cnVlLCJjb250ZW50IjoicG9zdF90aXRsZSIsInNldHRpbmdzIjp7ImJlZm9yZSI6IjxoMT4iLCJhZnRlciI6IjwvaDE+In19@[\/et_pb_text][\/et_pb_column][\/et_pb_row][\/et_pb_section][et_pb_section fb_built=&#8220;1&#8243; _builder_version=&#8220;4.23.1&#8243; _module_preset=&#8220;default&#8220; global_colors_info=&#8220;{}&#8220;][et_pb_row column_structure=&#8220;1_3,1_3,1_3&#8243; _builder_version=&#8220;4.23.1&#8243; _module_preset=&#8220;default&#8220; global_colors_info=&#8220;{}&#8220;][et_pb_column type=&#8220;1_3&#8243; _builder_version=&#8220;4.23.1&#8243; _module_preset=&#8220;default&#8220; global_colors_info=&#8220;{}&#8220;][et_pb_blurb title=&#8220;Studienbeirat&#8220; _builder_version=&#8220;4.27.2&#8243; _module_preset=&#8220;default&#8220; header_text_align=&#8220;center&#8220; body_text_align=&#8220;left&#8220; global_colors_info=&#8220;{}&#8220;]<\/p>\n<div class=\"a_a_50a7110f a_a_50a7110f root-150 CanvasZone row CanvasZone--alignment CanvasZone--noMargin CanvasZone--read\" data-automation-id=\"CanvasZone\" data-theme-emphasis=\"2\">\n<div class=\"f_a_50a7110f\">\n<div class=\"a_b_50a7110f k_b_50a7110f CanvasSection CanvasSection-col CanvasSection-sm12 CanvasSection--read CanvasSection-xl12 l_b_50a7110f\" data-automation-id=\"CanvasSection\">\n<div class=\"ControlZone ControlZone--clean a_e_50a7110f\" data-automation-id=\"CanvasControl\" id=\"1212fc8d-dd6b-408a-8d5d-9f1cc787efbb\">\n<div class=\"ControlZone--control\">\n<div data-sp-feature-tag=\"Rich Text Editor\" class=\"rte-webpart rte--ck5 rte--read-ck5\" data-sp-feature-instance-id=\"1212fc8d-dd6b-408a-8d5d-9f1cc787efbb\" dir=\"auto\">\n<div data-automation-id=\"textBox\" class=\"ck-content rteEmphasis root-151\">\n<p><span class=\"fontSizeLarge\"><span>Der Studienbeirat besch\u00e4ftigt sich mit allen Belangen, die die Studierenden und die Lehre direkt betreffen. Zu den Inhalten der Sitzungen geh\u00f6ren z.B. \u00c4nderungen an Pr\u00fcfungsordnungen, aber auch Diskussionen \u00fcber digitale Lehre oder den Einfluss von ChatGPT auf Abschlussarbeiten. In der Regel trifft sich der Studienbeirat zwei bis drei Mal im Semester, dabei teilweise auch digital.\u00a0<\/span><\/span><\/p>\n<\/div>\n<\/div>\n<\/div>\n<\/div>\n<\/div>\n<\/div>\n<\/div>\n<div class=\"a_a_50a7110f a_a_50a7110f root-152 CanvasZone row CanvasZone--alignment CanvasZone--noMargin CanvasZone--read\" data-automation-id=\"CanvasZone\">\n<div class=\"f_a_50a7110f\">\n<div class=\"a_b_50a7110f k_b_50a7110f CanvasSection CanvasSection-col CanvasSection-sm12 CanvasSection--read CanvasSection-xl12 l_b_50a7110f\" data-automation-id=\"CanvasSection\">\n<div class=\"ControlZone ControlZone--clean a_e_50a7110f\" data-automation-id=\"CanvasControl\" id=\"3a59ecd1-e10a-46f2-abf3-4f25af7288e1\">\n<div class=\"ControlZone--control\">\n<div data-sp-feature-tag=\"Rich Text Editor\" class=\"rte-webpart rte--ck5 rte--read-ck5\" data-sp-feature-instance-id=\"3a59ecd1-e10a-46f2-abf3-4f25af7288e1\" dir=\"auto\">\n<div data-automation-id=\"textBox\" class=\"ck-content rteEmphasis root-153\"><\/div>\n<\/div>\n<\/div>\n<\/div>\n<\/div>\n<\/div>\n<\/div>\n<p>[\/et_pb_blurb][\/et_pb_column][et_pb_column type=&#8220;1_3&#8243; _builder_version=&#8220;4.23.1&#8243; _module_preset=&#8220;default&#8220; global_colors_info=&#8220;{}&#8220;][et_pb_blurb title=&#8220;Pr\u00fcfungsausschuss&#8220; _builder_version=&#8220;4.27.2&#8243; _module_preset=&#8220;default&#8220; header_font=&#8220;||||||||&#8220; header_text_align=&#8220;center&#8220; global_colors_info=&#8220;{}&#8220;]<\/p>\n<p style=\"text-align: left;\"><span>Der Pr\u00fcfungsausschuss entscheidet \u00fcber die Regelungen zur Durchf\u00fchrung von Pr\u00fcfungen. Au\u00dferdem entscheidet er \u00fcber Antr\u00e4ge von Studierenden, welche mit Pr\u00fcfungen zu tun haben. H\u00e4ufige Beispiele solcher Antr\u00e4ge sind die Nachmeldung zu einer Pr\u00fcfung, bei der die Anmeldung vergessen wurde, oder der Antrag auf eine Verbesserung der Note.\u00a0<\/span><\/p>\n<p>[\/et_pb_blurb][\/et_pb_column][et_pb_column type=&#8220;1_3&#8243; _builder_version=&#8220;4.23.1&#8243; _module_preset=&#8220;default&#8220; global_colors_info=&#8220;{}&#8220;][et_pb_blurb title=&#8220;Fachbereichsrat (FBR)&#8220; _builder_version=&#8220;4.27.2&#8243; _module_preset=&#8220;default&#8220; header_text_align=&#8220;center&#8220; global_colors_info=&#8220;{}&#8220;]<\/p>\n<p><span>Der Fachbereichsrat ist das h\u00f6chste und beschlussfassende Organ am Fachbereich und unterst\u00fctzt den Dekan bei seiner Arbeit. Im FBR muss alles, was in verschiedenen Aussch\u00fcssen und Kommissionen an der Fakult\u00e4t erarbeitet wird, final beschlossen werden. Dazu geh\u00f6ren z.B. \u00c4nderungen der Pr\u00fcfungsordnungen, Best\u00e4tigungen der Mitglieder s\u00e4mtlicher Gremien und Semestertermine.<\/span><\/p>\n<p>[\/et_pb_blurb][\/et_pb_column][\/et_pb_row][et_pb_row column_structure=&#8220;1_3,1_3,1_3&#8243; _builder_version=&#8220;4.23.1&#8243; _module_preset=&#8220;default&#8220; locked=&#8220;off&#8220; global_colors_info=&#8220;{}&#8220;][et_pb_column type=&#8220;1_3&#8243; _builder_version=&#8220;4.23.1&#8243; _module_preset=&#8220;default&#8220; global_colors_info=&#8220;{}&#8220;][et_pb_blurb title=&#8220;Berufungskommissionen&#8220; _builder_version=&#8220;4.27.2&#8243; _module_preset=&#8220;default&#8220; header_text_align=&#8220;center&#8220; global_colors_info=&#8220;{}&#8220;]<\/p>\n<div class=\"a_a_50a7110f a_a_50a7110f root-150 CanvasZone row CanvasZone--alignment CanvasZone--noMargin CanvasZone--read\" data-automation-id=\"CanvasZone\" data-theme-emphasis=\"2\">\n<div class=\"f_a_50a7110f\">\n<div class=\"a_b_50a7110f k_b_50a7110f CanvasSection CanvasSection-col CanvasSection-sm12 CanvasSection--read CanvasSection-xl12 l_b_50a7110f\" data-automation-id=\"CanvasSection\">\n<div class=\"ControlZone ControlZone--clean a_e_50a7110f\" data-automation-id=\"CanvasControl\" id=\"1212fc8d-dd6b-408a-8d5d-9f1cc787efbb\">\n<div class=\"ControlZone--control\">\n<div data-sp-feature-tag=\"Rich Text Editor\" class=\"rte-webpart rte--ck5 rte--read-ck5\" data-sp-feature-instance-id=\"1212fc8d-dd6b-408a-8d5d-9f1cc787efbb\" dir=\"auto\">\n<div data-automation-id=\"textBox\" class=\"ck-content rteEmphasis root-151\">\n<p><span class=\"fontSizeLarge\">Aufgabe der Berufungskommission ist es, geeignete Professor*innen zu finden, die\u00a0 Forschung und Lehre des jeweiligen Instituts sinnvoll erg\u00e4nzen und voranbringen k\u00f6nnen.<\/span><\/p>\n<\/div>\n<\/div>\n<\/div>\n<\/div>\n<\/div>\n<\/div>\n<\/div>\n<div class=\"a_a_50a7110f a_a_50a7110f root-152 CanvasZone row CanvasZone--alignment CanvasZone--noMargin CanvasZone--read\" data-automation-id=\"CanvasZone\">\n<div class=\"f_a_50a7110f\">\n<div class=\"a_b_50a7110f k_b_50a7110f CanvasSection CanvasSection-col CanvasSection-sm12 CanvasSection--read CanvasSection-xl12 l_b_50a7110f\" data-automation-id=\"CanvasSection\">\n<div class=\"ControlZone ControlZone--clean a_e_50a7110f\" data-automation-id=\"CanvasControl\" id=\"3a59ecd1-e10a-46f2-abf3-4f25af7288e1\">\n<div class=\"ControlZone--control\">\n<div data-sp-feature-tag=\"Rich Text Editor\" class=\"rte-webpart rte--ck5 rte--read-ck5\" data-sp-feature-instance-id=\"3a59ecd1-e10a-46f2-abf3-4f25af7288e1\" dir=\"auto\">\n<div data-automation-id=\"textBox\" class=\"ck-content rteEmphasis root-153\">\n<p>Die Rolle der Studierenden in den Berufungskommission ist es, die studentische Perspektive zu vertreten und zu schauen, ob die Bewerber*innen als Lehrende an der Universit\u00e4t M\u00fcnster geeignet sind.\u00a0<\/p>\n<\/div>\n<\/div>\n<\/div>\n<\/div>\n<\/div>\n<\/div>\n<\/div>\n<p>[\/et_pb_blurb][\/et_pb_column][et_pb_column type=&#8220;1_3&#8243; _builder_version=&#8220;4.23.1&#8243; _module_preset=&#8220;default&#8220; global_colors_info=&#8220;{}&#8220;][et_pb_blurb title=&#8220;Qualit\u00e4tssicherungskommission Promotionsstudium&#8220; _builder_version=&#8220;4.27.2&#8243; _module_preset=&#8220;default&#8220; header_font=&#8220;||||||||&#8220; header_text_align=&#8220;center&#8220; global_colors_info=&#8220;{}&#8220;]<\/p>\n<p style=\"text-align: left;\">Das Ziel der Qualit\u00e4tssicherungskommission Promotionsstudium ist es, die Qualit\u00e4t des Promotionsstudiums zu gew\u00e4hrleisten. Dies geschieht durch die Evaluierung der internen und externen Doktorandenkurse. Weiter Informationen gibt es auf der <a href=\"https:\/\/www.wiwi.uni-muenster.de\/fakultaet\/de\/die-fakultaet\/dekanat-und-gremien\/gremien\/qualitaetssicherungskommission-promotionsstudium\">Website des Fachbreichs<\/a>.<\/p>\n<p>[\/et_pb_blurb][\/et_pb_column][et_pb_column type=&#8220;1_3&#8243; _builder_version=&#8220;4.23.1&#8243; _module_preset=&#8220;default&#8220; global_colors_info=&#8220;{}&#8220;][et_pb_blurb title=&#8220;Ausschuss f\u00fcr Wissenschafts- und Transferpreise&#8220; _builder_version=&#8220;4.27.2&#8243; _module_preset=&#8220;default&#8220; header_text_align=&#8220;center&#8220; global_colors_info=&#8220;{}&#8220;]<\/p>\n<p><span>Der Ausschuss f\u00fcr Wissenschafts- und Transferpreise\u00a0 ber\u00e4t \u00fcber die Vergabe von m\u00f6glichen Preisen an der Uni. Als studentische Vertreter*innen sitzen je zwei ordentliche und zwei stellvertretende Mitglieder in dem Ausschuss.<\/span><\/p>\n<p>[\/et_pb_blurb][\/et_pb_column][\/et_pb_row][et_pb_row column_structure=&#8220;1_3,1_3,1_3&#8243; _builder_version=&#8220;4.27.2&#8243; _module_preset=&#8220;default&#8220; hover_enabled=&#8220;0&#8243; locked=&#8220;off&#8220; global_colors_info=&#8220;{}&#8220; sticky_enabled=&#8220;0&#8243;][et_pb_column _builder_version=&#8220;4.27.2&#8243; _module_preset=&#8220;default&#8220; type=&#8220;1_3&#8243;][et_pb_blurb title=&#8220;Fachschaftsvertretung (FSV)&#8220; _builder_version=&#8220;4.27.2&#8243; _module_preset=&#8220;default&#8220; header_text_align=&#8220;center&#8220; global_colors_info=&#8220;{}&#8220;]<\/p>\n<p class=\"cvGsUA direction-ltr align-center para-style-body\"><span class=\"a_GcMg font-feature-liga-off font-feature-clig-off font-feature-calt-off text-decoration-none text-strikethrough-none\">Die Fachschaftsvertretung legitimiert die Entscheidungen der Fachschaft. <\/span><span style=\"font-size: 14px;\">Sie best\u00e4tigt den Vorstand, den Fachschaftsrat und Entscheidungen der gro\u00dfen Sitzung und<\/span><span style=\"font-size: 14px;\">\u00a0hat die Macht, Personen aus dem Fachschaftsrat und Vorstand abzuw\u00e4hlen oder zu ersetzen. <\/span>Die Mitglieder sind Studierende des Fachbereichs und werden j\u00e4hrlich bei den studentischen Wahlen gew\u00e4hlt.<span style=\"font-size: 14px;\"><\/span><\/p>\n<p class=\"cvGsUA direction-ltr align-center para-style-body\">\n<p class=\"cvGsUA direction-ltr align-center para-style-body\">Protokolle der FSV Sitzungen k\u00f6nnen auf Anfrage bei der Fachschaft eingesehen werden.<\/p>\n<p class=\"cvGsUA direction-ltr align-center para-style-body\"><span style=\"font-size: 14px;\"><\/span><\/p>\n<p>[\/et_pb_blurb][\/et_pb_column][et_pb_column _builder_version=&#8220;4.27.2&#8243; _module_preset=&#8220;default&#8220; type=&#8220;1_3&#8243;][et_pb_blurb title=&#8220;Gleichstellungskommission&#8220; _builder_version=&#8220;4.27.2&#8243; _module_preset=&#8220;default&#8220; header_text_align=&#8220;center&#8220; global_colors_info=&#8220;{}&#8220;]<\/p>\n<p>Die Gleichstellungskommission befasst sich mit den Themen der Gleichstellung: Von der Bereitstellung von Menstruationsprodukten, bis hin zu der Besetzung neuer Professor*innen im Kontext der Parit\u00e4t. Wir stellen 4 Studierende in die Kommission.<\/p>\n<p>[\/et_pb_blurb][\/et_pb_column][et_pb_column _builder_version=&#8220;4.27.2&#8243; _module_preset=&#8220;default&#8220; type=&#8220;1_3&#8243;][\/et_pb_column][\/et_pb_row][\/et_pb_section]<\/p>\n","protected":false},"excerpt":{"rendered":"<p>Der Studienbeirat besch\u00e4ftigt sich mit allen Belangen, die die Studierenden und die Lehre direkt betreffen. Zu den Inhalten der Sitzungen geh\u00f6ren z.B. \u00c4nderungen an Pr\u00fcfungsordnungen, aber auch Diskussionen \u00fcber digitale Lehre oder den Einfluss von ChatGPT auf Abschlussarbeiten. In der Regel trifft sich der Studienbeirat zwei bis drei Mal im Semester, dabei teilweise auch digital.\u00a0 [&hellip;]<\/p>\n","protected":false},"author":17,"featured_media":28677,"parent":0,"menu_order":0,"comment_status":"closed","ping_status":"closed","template":"","meta":{"_et_pb_use_builder":"on","_et_pb_old_content":"","_et_gb_content_width":"","footnotes":""},"class_list":["post-28203","page","type-page","status-publish","has-post-thumbnail","hentry"],"_links":{"self":[{"href":"https:\/\/fachschaft-wiwi.ms\/en\/wp-json\/wp\/v2\/pages\/28203","targetHints":{"allow":["GET"]}}],"collection":[{"href":"https:\/\/fachschaft-wiwi.ms\/en\/wp-json\/wp\/v2\/pages"}],"about":[{"href":"https:\/\/fachschaft-wiwi.ms\/en\/wp-json\/wp\/v2\/types\/page"}],"author":[{"embeddable":true,"href":"https:\/\/fachschaft-wiwi.ms\/en\/wp-json\/wp\/v2\/users\/17"}],"replies":[{"embeddable":true,"href":"https:\/\/fachschaft-wiwi.ms\/en\/wp-json\/wp\/v2\/comments?post=28203"}],"version-history":[{"count":14,"href":"https:\/\/fachschaft-wiwi.ms\/en\/wp-json\/wp\/v2\/pages\/28203\/revisions"}],"predecessor-version":[{"id":29895,"href":"https:\/\/fachschaft-wiwi.ms\/en\/wp-json\/wp\/v2\/pages\/28203\/revisions\/29895"}],"wp:featuredmedia":[{"embeddable":true,"href":"https:\/\/fachschaft-wiwi.ms\/en\/wp-json\/wp\/v2\/media\/28677"}],"wp:attachment":[{"href":"https:\/\/fachschaft-wiwi.ms\/en\/wp-json\/wp\/v2\/media?parent=28203"}],"curies":[{"name":"wp","href":"https:\/\/api.w.org\/{rel}","templated":true}]}}