{"id":27046,"date":"2022-01-28T10:09:15","date_gmt":"2022-01-28T09:09:15","guid":{"rendered":"https:\/\/fachschaft-wiwi.ms\/?page_id=27046"},"modified":"2024-09-01T12:30:59","modified_gmt":"2024-09-01T10:30:59","slug":"__trashed-3","status":"publish","type":"page","link":"https:\/\/fachschaft-wiwi.ms\/en\/veranstaltungen\/o-woche\/__trashed-3\/","title":{"rendered":"O-Woche SS21"},"content":{"rendered":"<p>[et_pb_section fb_built=&#8220;1&#8243; fullwidth=&#8220;on&#8220; _builder_version=&#8220;4.0.6&#8243; global_colors_info=&#8220;{}&#8220;][et_pb_fullwidth_header title=&#8220;O-Woche&#8220; _builder_version=&#8220;4.0.6&#8243; use_background_color_gradient=&#8220;on&#8220; background_color_gradient_start=&#8220;rgba(27,52,88,0.71)&#8220; background_color_gradient_end=&#8220;rgba(27,52,88,0.71)&#8220; background_color_gradient_overlays_image=&#8220;on&#8220; background_image=&#8220;https:\/\/fachschaft-wiwi.ms\/wp-content\/uploads\/2019\/07\/DSC_2065.jpg&#8220; background_position=&#8220;top_left&#8220; custom_margin=&#8220;||-3px|||&#8220; custom_padding=&#8220;99px||79px|||&#8220; global_colors_info=&#8220;{}&#8220;][\/et_pb_fullwidth_header][\/et_pb_section][et_pb_section fb_built=&#8220;1&#8243; _builder_version=&#8220;4.11.4&#8243; _module_preset=&#8220;default&#8220; custom_margin=&#8220;-1px||||false|false&#8220; custom_padding=&#8220;0px||||false|false&#8220; global_colors_info=&#8220;{}&#8220;][et_pb_row _builder_version=&#8220;4.11.4&#8243; _module_preset=&#8220;default&#8220; min_height=&#8220;79.8px&#8220; custom_margin=&#8220;0px||||false|false&#8220; global_colors_info=&#8220;{}&#8220;][et_pb_column type=&#8220;4_4&#8243; _builder_version=&#8220;4.11.4&#8243; _module_preset=&#8220;default&#8220; global_colors_info=&#8220;{}&#8220;][et_pb_text _builder_version=&#8220;4.11.4&#8243; _module_preset=&#8220;default&#8220; text_font_size=&#8220;33px&#8220; global_colors_info=&#8220;{}&#8220;]<\/p>\n<p style=\"text-align: center;\"><em><strong>O-WOCHE SOMMERSEMESTER 2021<\/strong><\/em><\/p>\n<p>[\/et_pb_text][\/et_pb_column][\/et_pb_row][et_pb_row column_structure=&#8220;1_3,2_3&#8243; _builder_version=&#8220;4.11.4&#8243; _module_preset=&#8220;default&#8220; global_colors_info=&#8220;{}&#8220;][et_pb_column type=&#8220;1_3&#8243; _builder_version=&#8220;4.11.4&#8243; _module_preset=&#8220;default&#8220; global_colors_info=&#8220;{}&#8220;][et_pb_image src=&#8220;https:\/\/fachschaft-wiwi.ms\/wp-content\/uploads\/2020\/09\/O-Woche.jpeg&#8220; title_text=&#8220;O-Woche&#8220; _builder_version=&#8220;4.11.4&#8243; _module_preset=&#8220;default&#8220; global_colors_info=&#8220;{}&#8220;][\/et_pb_image][\/et_pb_column][et_pb_column type=&#8220;2_3&#8243; _builder_version=&#8220;4.11.4&#8243; _module_preset=&#8220;default&#8220; global_colors_info=&#8220;{}&#8220;][et_pb_text _builder_version=&#8220;4.11.4&#8243; _module_preset=&#8220;default&#8220; hover_enabled=&#8220;0&#8243; global_colors_info=&#8220;{}&#8220; sticky_enabled=&#8220;0&#8243;]<\/p>\n<h3>Herzlich Willkommen, liebe Erstis am FB4!<\/h3>\n<p>Um euch einen m\u00f6glichst reibungslosen Start ins Studium zu erm\u00f6glichen, veranstalten wir jedes Semester f\u00fcr alle Neustarter an unserem Fachbereich (FB4) eine Orientierungswoche (kurz O-Woche). Die O-Woche dient dazu, dass ihr einen \u00dcberblick \u00fcber euer Studium erhaltet und alles was zum Studienalltag in M\u00fcnster noch dazugeh\u00f6rt, einmal kennenlernen k\u00f6nnt. Dabei werdet ihr in dieser Zeit eine Menge neue Leute kennenlernen und k\u00f6nnt euch bestimmt auch den ein oder anderen Insider-Tipp von \u00e4lteren Semestern abholen. Na was meinst du &#8211; bist du bereit f\u00fcr die O-Woche? Wir von der O-Wochen Orga auf jeden Fall schon und freuen uns auf eine Menge Spa\u00df mit Euch!<\/p>\n<p>Hier einmal die wichtigsten Infos auf einen Blick:<\/p>\n<p dir=\"ltr\"><strong>Wann?<\/strong><span> Dienstag, <strong>06.04.<\/strong>2021, bis Freitag, <strong>09.04.<\/strong>2021<\/span><\/p>\n<p dir=\"ltr\"><strong>Wo? Online <\/strong>(leider)<\/p>\n<p dir=\"ltr\"><strong>F\u00fcr wen?\u00a0<\/strong><span>Alle die jetzt<strong> im Sommersemester 2021<\/strong>\u00a0ihr Studium am <strong>FB4<\/strong> (BWL, VWL oder WI) beginnen<\/span><\/p>\n<div><\/div>\n<div><\/div>\n<div>Bis ganz bald an unserem Fachbereich!<\/div>\n<div>Euer O-Wochen Orga Team<\/div>\n<p>&nbsp;<\/p>\n<p>Falls ihr irgendwelche Fragen und Probleme rund ums Themas Studienstart \/ O-Woche habt, schreibt uns gern unter <a href=\"mailto:owoche@fachschaft-wiwi.ms\">owoche@fachschaft-wiwi.ms!<\/a><\/p>\n<p>&nbsp;<\/p>\n<p>&nbsp;<\/p>\n<p>[\/et_pb_text][\/et_pb_column][\/et_pb_row][et_pb_row column_structure=&#8220;1_2,1_2&#8243; _builder_version=&#8220;4.11.4&#8243; _module_preset=&#8220;default&#8220; global_colors_info=&#8220;{}&#8220;][et_pb_column type=&#8220;1_2&#8243; _builder_version=&#8220;4.11.4&#8243; _module_preset=&#8220;default&#8220; global_colors_info=&#8220;{}&#8220;][et_pb_accordion _builder_version=&#8220;4.11.4&#8243; _module_preset=&#8220;default&#8220; global_colors_info=&#8220;{}&#8220;][et_pb_accordion_item title=&#8220;Infoveranstaltung&#8220; open=&#8220;on&#8220; _builder_version=&#8220;4.11.4&#8243; _module_preset=&#8220;default&#8220; global_colors_info=&#8220;{}&#8220;]<\/p>\n<p><span>Die Infoveranstaltung bringt Euch einen kurzen und guten \u00dcberblick \u00fcber das Studium und an wen ihr euch bei Fragen und Probleme wenden k\u00f6nnt.<\/span><\/p>\n<p>[\/et_pb_accordion_item][et_pb_accordion_item title=&#8220;Learnweb-Kurs %22O-Woche WiWi FB4%22&#8243; _builder_version=&#8220;4.11.4&#8243; _module_preset=&#8220;default&#8220; global_colors_info=&#8220;{}&#8220; open=&#8220;off&#8220;]<\/p>\n<p>Alle Infos f\u00fcr die O-Woche, eurer Studium und noch mehr findet ihr in dem Learnweb-Kurs unter<span>\u00a0<\/span><a href=\"https:\/\/sso.uni-muenster.de\/LearnWeb\/learnweb2\/course\/view.php?id=46600\" target=\"_blank\" rel=\"noopener noreferrer\">O-Woche FB4<\/a><span>\u00a0<\/span>. Hier findet ihr auch die Zoom-Links zu allen Meetings w\u00e4hrend der O-Woche.<\/p>\n<p>Loggt Euch mit eurer ZIV-Kennung ein, klickt auf \u201eeinschreiben\u201c und schon seid ihr drin!<\/p>\n<p>Falls ihr noch keinen Zugang zum Learnweb haben solltet, schreibt uns gerne eine Mail an:<span>\u00a0<\/span><a href=\"mailto:owoche@fachschaft-wiwi.ms\">owoche@fachschaft-wiwi.ms<\/a><\/p>\n<p>[\/et_pb_accordion_item][et_pb_accordion_item title=&#8220;Was es leider nicht gibt&#8220; _builder_version=&#8220;4.11.4&#8243; _module_preset=&#8220;default&#8220; global_colors_info=&#8220;{}&#8220; open=&#8220;off&#8220;]<\/p>\n<p>Leider erm\u00f6glicht uns die aktuelle Situation die Durchf\u00fchrung von Aktionen wie die Aasee-Rallye, coolen Partys und vielem mehr nicht \ud83d\ude41<br \/>Trotzdem haben wir ein buntes Programm f\u00fcr euch zusammengestellt und hoffen, das ihr daran jede Menge Spa\u00df haben werdet.<\/p>\n<p>[\/et_pb_accordion_item][et_pb_accordion_item title=&#8220;Links&#8220; _builder_version=&#8220;4.11.4&#8243; _module_preset=&#8220;default&#8220; global_colors_info=&#8220;{}&#8220; open=&#8220;off&#8220;]<\/p>\n<p>Um keine Infos zu verpassen, schaut auch auf unsere Social-Media-Kan\u00e4le vorbei.<\/p>\n<p><a href=\"https:\/\/www.facebook.com\/groups\/wiwiersti2021\" target=\"_blank\" rel=\"noopener noreferrer\"><img decoding=\"async\" loading=\"lazy\" src=\"https:\/\/fachschaft-wiwi.ms\/wp-content\/uploads\/2020\/09\/Facebook_Logo_2019-300x300.png\" alt=\"\" class=\"wp-image-26176 alignnone size-medium\" width=\"55\" height=\"55\" \/><\/a><a href=\"https:\/\/www.instagram.com\/owoche.wiwi.ms\/?hl=de\" target=\"_blank\" rel=\"noopener noreferrer\"><img decoding=\"async\" loading=\"lazy\" src=\"https:\/\/fachschaft-wiwi.ms\/wp-content\/uploads\/2020\/09\/image003.png\" alt=\"\" class=\"wp-image-26175 alignnone size-full\" width=\"54\" height=\"54\" \/><\/a><\/p>\n<p>[\/et_pb_accordion_item][et_pb_accordion_item title=&#8220;Disclaimer&#8220; _builder_version=&#8220;4.11.4&#8243; _module_preset=&#8220;default&#8220; global_colors_info=&#8220;{}&#8220; open=&#8220;off&#8220;]<\/p>\n<p>Wir planen alles mit gr\u00f6\u00dfter Sorgfalt, um keinen unn\u00f6tig zu gef\u00e4hrden und trotzdem euch eine gute Zeit zu verschaffen.<\/p>\n<p>Aber leider k\u00f6nnen wir nicht in die Zukunft sehen. Daher kann es zu kurzfristigen \u00c4nderungen im Ablauf kommen. \u00dcber das werden wir Euch nat\u00fcrlich auf allen gewohnten Kan\u00e4len informieren!<\/p>\n<p>[\/et_pb_accordion_item][\/et_pb_accordion][\/et_pb_column][et_pb_column type=&#8220;1_2&#8243; _builder_version=&#8220;4.11.4&#8243; _module_preset=&#8220;default&#8220; global_colors_info=&#8220;{}&#8220;][et_pb_accordion _builder_version=&#8220;4.11.4&#8243; _module_preset=&#8220;default&#8220; global_colors_info=&#8220;{}&#8220;][et_pb_accordion_item title=&#8220;Online-Fahrplan&#8220; open=&#8220;on&#8220; _builder_version=&#8220;4.11.4&#8243; _module_preset=&#8220;default&#8220; global_colors_info=&#8220;{}&#8220;]<\/p>\n<p>Leider muss die O-Wochen vorr\u00fcbergehend weiterhin online stattfinden.<\/p>\n<p>Aber kein Grund f\u00fcr Traurigkeit! Bereits in der letzten Winter O-Woche 20\/21 haben wir ein einzigartiges Online-Konzept auf die Beine gestellt mit vielen spannenden Programmpunkten wie zahlreichen Kennenlern-Sessions, einer Pub Quiz Night, Spieleabenden, gemeinsamen Cocktail mixen und sogar einem Party-Live Stream aus den Uferstudios in M\u00fcnster.<\/p>\n<p>Und f\u00fcr die kommenden Sommersemester O-Woche haben wir wieder ein spannendes Programm zusammengestellt. Es wird auf jeden Fall alles andere als Langweilig mit unserem Mix aus Info, Leute kennenlernen und ordentlich Spa\u00df!<\/p>\n<p>Ein Highlight schon mal vorab: am <strong>Freitagabend, 09. April 2021<\/strong> wird es wieder einen <strong>Party-Live Stream\u00a0<\/strong>geben. Dann schicken wir euch eine Portion Partystimmung nach Hause und feiern gemeinsam mit euch und auf Abstand eure O-Woche!<\/p>\n<p>Weitere Infos zum konkreten Programm folgen kurz vor der O-Woche auf Social Media und im Learnweb.<\/p>\n<p>[\/et_pb_accordion_item][\/et_pb_accordion][\/et_pb_column][\/et_pb_row][et_pb_row column_structure=&#8220;2_3,1_3&#8243; _builder_version=&#8220;4.11.4&#8243; _module_preset=&#8220;default&#8220; border_width_top=&#8220;1px&#8220; global_colors_info=&#8220;{}&#8220;][et_pb_column type=&#8220;2_3&#8243; _builder_version=&#8220;4.11.4&#8243; _module_preset=&#8220;default&#8220; global_colors_info=&#8220;{}&#8220;][et_pb_text _builder_version=&#8220;4.11.4&#8243; _module_preset=&#8220;default&#8220; custom_margin=&#8220;12px||||false|false&#8220; global_colors_info=&#8220;{}&#8220;]<\/p>\n<p>Fragen \u00fcber Fragen? Hier sind unsere Antworten zu den h\u00e4ufigsten Fragen:<\/p>\n<p>[\/et_pb_text][\/et_pb_column][et_pb_column type=&#8220;1_3&#8243; _builder_version=&#8220;4.11.4&#8243; _module_preset=&#8220;default&#8220; global_colors_info=&#8220;{}&#8220;][et_pb_button button_url=&#8220;@ET-DC@eyJkeW5hbWljIjp0cnVlLCJjb250ZW50IjoicG9zdF9saW5rX3VybF9wb3N0Iiwic2V0dGluZ3MiOnsicG9zdF9pZCI6IjI2MTk5In19@&#8220; button_text=&#8220;FAQs&#8220; _builder_version=&#8220;4.11.4&#8243; _dynamic_attributes=&#8220;button_url&#8220; _module_preset=&#8220;default&#8220; custom_button=&#8220;on&#8220; button_text_color=&#8220;#001C44&#8243; button_icon=&#8220;%%20%%&#8220; global_colors_info=&#8220;{}&#8220;][\/et_pb_button][\/et_pb_column][\/et_pb_row][et_pb_row column_structure=&#8220;1_2,1_2&#8243; _builder_version=&#8220;4.11.4&#8243; _module_preset=&#8220;default&#8220; border_width_top=&#8220;1px&#8220; global_colors_info=&#8220;{}&#8220;][et_pb_column type=&#8220;1_2&#8243; _builder_version=&#8220;4.11.4&#8243; _module_preset=&#8220;default&#8220; global_colors_info=&#8220;{}&#8220;][et_pb_text _builder_version=&#8220;4.11.4&#8243; _module_preset=&#8220;default&#8220; custom_padding=&#8220;||0px|||&#8220; global_colors_info=&#8220;{}&#8220;]<\/p>\n<p>Hey zusammen,<\/p>\n<p>Wir\u00a0 sind das aktuelle O-Wochen-Team und sind daf\u00fcr da euch eine geile O-Woche in diesem Wintersemester zu organisieren und damit den Studienstart in M\u00fcnster zu erleichtern. Trotz Corona haben wir euch ein buntes Programm zusammengestellt und hoffen, dass ihr einen unvergesslichen Start erleben werdet.<\/p>\n<p>Wir freuen uns riesig, euch bald vor Ort oder digital kennenzulernen!<\/p>\n<p><span>Viktoria, Marei und Janine (O-Wochen Orga Team SS 21)<\/span><\/p>\n<p>[\/et_pb_text][\/et_pb_column][et_pb_column type=&#8220;1_2&#8243; _builder_version=&#8220;4.11.4&#8243; _module_preset=&#8220;default&#8220; global_colors_info=&#8220;{}&#8220;][et_pb_image src=&#8220;https:\/\/fachschaft-wiwi.ms\/wp-content\/uploads\/2020\/09\/DSC_0158-scaled.jpg&#8220; title_text=&#8220;DSC_0158&#8243; _builder_version=&#8220;4.11.4&#8243; _module_preset=&#8220;default&#8220; global_colors_info=&#8220;{}&#8220;][\/et_pb_image][et_pb_text _builder_version=&#8220;4.11.4&#8243; _module_preset=&#8220;default&#8220; global_colors_info=&#8220;{}&#8220;]<\/p>\n<p><span>O-Wochen Orga Team WS 20\/21: Janine, Sandra &amp; Marei<\/span><\/p>\n<p>[\/et_pb_text][\/et_pb_column][\/et_pb_row][et_pb_row _builder_version=&#8220;4.11.4&#8243; _module_preset=&#8220;default&#8220; global_colors_info=&#8220;{}&#8220;][et_pb_column type=&#8220;4_4&#8243; _builder_version=&#8220;4.11.4&#8243; _module_preset=&#8220;default&#8220; global_colors_info=&#8220;{}&#8220;][et_pb_button button_url=&#8220;@ET-DC@eyJkeW5hbWljIjp0cnVlLCJjb250ZW50IjoicG9zdF9saW5rX3VybF9wYWdlIiwic2V0dGluZ3MiOnsicG9zdF9pZCI6IjI1NDk1In19@&#8220; button_text=&#8220;zur\u00fcck&#8220; button_alignment=&#8220;center&#8220; _builder_version=&#8220;4.11.4&#8243; _dynamic_attributes=&#8220;button_url&#8220; _module_preset=&#8220;default&#8220; custom_button=&#8220;on&#8220; button_text_color=&#8220;#001C44&#8243; button_icon=&#8220;%%19%%&#8220; button_icon_placement=&#8220;left&#8220; global_colors_info=&#8220;{}&#8220;][\/et_pb_button][\/et_pb_column][\/et_pb_row][\/et_pb_section]<\/p>\n","protected":false},"excerpt":{"rendered":"<p>O-WOCHE SOMMERSEMESTER 2021Herzlich Willkommen, liebe Erstis am FB4! Um euch einen m\u00f6glichst reibungslosen Start ins Studium zu erm\u00f6glichen, veranstalten wir jedes Semester f\u00fcr alle Neustarter an unserem Fachbereich (FB4) eine Orientierungswoche (kurz O-Woche). Die O-Woche dient dazu, dass ihr einen \u00dcberblick \u00fcber euer Studium erhaltet und alles was zum Studienalltag in M\u00fcnster noch dazugeh\u00f6rt, einmal [&hellip;]<\/p>\n","protected":false},"author":3,"featured_media":0,"parent":29053,"menu_order":0,"comment_status":"closed","ping_status":"closed","template":"","meta":{"_et_pb_use_builder":"on","_et_pb_old_content":"","_et_gb_content_width":"","footnotes":""},"class_list":["post-27046","page","type-page","status-publish","hentry"],"_links":{"self":[{"href":"https:\/\/fachschaft-wiwi.ms\/en\/wp-json\/wp\/v2\/pages\/27046","targetHints":{"allow":["GET"]}}],"collection":[{"href":"https:\/\/fachschaft-wiwi.ms\/en\/wp-json\/wp\/v2\/pages"}],"about":[{"href":"https:\/\/fachschaft-wiwi.ms\/en\/wp-json\/wp\/v2\/types\/page"}],"author":[{"embeddable":true,"href":"https:\/\/fachschaft-wiwi.ms\/en\/wp-json\/wp\/v2\/users\/3"}],"replies":[{"embeddable":true,"href":"https:\/\/fachschaft-wiwi.ms\/en\/wp-json\/wp\/v2\/comments?post=27046"}],"version-history":[{"count":4,"href":"https:\/\/fachschaft-wiwi.ms\/en\/wp-json\/wp\/v2\/pages\/27046\/revisions"}],"predecessor-version":[{"id":27111,"href":"https:\/\/fachschaft-wiwi.ms\/en\/wp-json\/wp\/v2\/pages\/27046\/revisions\/27111"}],"up":[{"embeddable":true,"href":"https:\/\/fachschaft-wiwi.ms\/en\/wp-json\/wp\/v2\/pages\/29053"}],"wp:attachment":[{"href":"https:\/\/fachschaft-wiwi.ms\/en\/wp-json\/wp\/v2\/media?parent=27046"}],"curies":[{"name":"wp","href":"https:\/\/api.w.org\/{rel}","templated":true}]}}