{"id":26468,"date":"2021-03-22T23:09:35","date_gmt":"2021-03-22T22:09:35","guid":{"rendered":"https:\/\/fachschaft-wiwi.ms\/?page_id=26468"},"modified":"2024-09-01T12:31:02","modified_gmt":"2024-09-01T10:31:02","slug":"26468-2","status":"publish","type":"page","link":"https:\/\/fachschaft-wiwi.ms\/en\/veranstaltungen\/o-woche\/26468-2\/","title":{"rendered":"O-Woche WS 21\/22"},"content":{"rendered":"<p>[et_pb_section fb_built=&#8220;1&#8243; fullwidth=&#8220;on&#8220; _builder_version=&#8220;4.16&#8243; global_colors_info=&#8220;{}&#8220;][et_pb_fullwidth_header title=&#8220;O-Woche&#8220; _builder_version=&#8220;4.16&#8243; use_background_color_gradient=&#8220;on&#8220; background_color_gradient_stops=&#8220;rgba(27,52,88,0.71) 0%|rgba(27,52,88,0.71) 100%&#8220; background_color_gradient_overlays_image=&#8220;on&#8220; background_color_gradient_start=&#8220;rgba(27,52,88,0.71)&#8220; background_color_gradient_end=&#8220;rgba(27,52,88,0.71)&#8220; background_image=&#8220;https:\/\/fachschaft-wiwi.ms\/wp-content\/uploads\/2019\/07\/DSC_2065.jpg&#8220; background_position=&#8220;top_left&#8220; custom_margin=&#8220;||-3px|||&#8220; custom_padding=&#8220;99px||79px|||&#8220; global_colors_info=&#8220;{}&#8220;][\/et_pb_fullwidth_header][\/et_pb_section][et_pb_section fb_built=&#8220;1&#8243; _builder_version=&#8220;4.16&#8243; width=&#8220;100%&#8220; custom_margin=&#8220;-1px|||||&#8220; custom_padding=&#8220;0px|||||&#8220; global_colors_info=&#8220;{}&#8220;][et_pb_row _builder_version=&#8220;4.16&#8243; _module_preset=&#8220;default&#8220; global_colors_info=&#8220;{}&#8220;][et_pb_column type=&#8220;4_4&#8243; _builder_version=&#8220;4.16&#8243; _module_preset=&#8220;default&#8220; global_colors_info=&#8220;{}&#8220;][et_pb_text _builder_version=&#8220;4.16&#8243; text_font=&#8220;||on|on|||||&#8220; text_font_size=&#8220;33px&#8220; locked=&#8220;off&#8220; global_colors_info=&#8220;{}&#8220;]<\/p>\n<p style=\"text-align: center;\"><strong>&nbsp;O-Woche Wintersemester 2021\/2022<br \/>\n<\/strong><\/p>\n<p>[\/et_pb_text][\/et_pb_column][\/et_pb_row][et_pb_row column_structure=&#8220;1_3,2_3&#8243; _builder_version=&#8220;4.16&#8243; _module_preset=&#8220;default&#8220; width=&#8220;72%&#8220; custom_padding=&#8220;|4px|0px|||&#8220; global_colors_info=&#8220;{}&#8220;][et_pb_column type=&#8220;1_3&#8243; _builder_version=&#8220;4.16&#8243; _module_preset=&#8220;default&#8220; global_colors_info=&#8220;{}&#8220;][et_pb_image src=&#8220;https:\/\/fachschaft-wiwi.ms\/wp-content\/uploads\/2020\/09\/O-Woche.jpeg&#8220; title_text=&#8220;O-Woche&#8220; _builder_version=&#8220;4.16&#8243; _module_preset=&#8220;default&#8220; global_colors_info=&#8220;{}&#8220;][\/et_pb_image][\/et_pb_column][et_pb_column type=&#8220;2_3&#8243; _builder_version=&#8220;4.16&#8243; _module_preset=&#8220;default&#8220; global_colors_info=&#8220;{}&#8220;][et_pb_text _builder_version=&#8220;4.16&#8243; _module_preset=&#8220;default&#8220; custom_margin=&#8220;||52px|||&#8220; global_colors_info=&#8220;{}&#8220;]&nbsp;<\/p>\n<h3>Herzlich Willkommen, liebe Erstis am FB4!<\/h3>\n<p>Um euch einen m\u00f6glichst reibungslosen Start ins Studium zu erm\u00f6glichen, veranstalten wir jedes Semester f\u00fcr alle Neustarter an unserem Fachbereich (FB4) eine Orientierungswoche (kurz O-Woche). Die O-Woche dient dazu, dass ihr einen \u00dcberblick \u00fcber euer Studium erhaltet und alles was zum Studienalltag in M\u00fcnster noch dazugeh\u00f6rt, einmal kennenlernen k\u00f6nnt. Dabei werdet ihr in dieser Zeit eine Menge neue Leute kennenlernen und k\u00f6nnt euch bestimmt auch den ein oder anderen Insider-Tipp von \u00e4lteren Semestern abholen. Na was meinst du &#8211; bist du bereit f\u00fcr die O-Woche? Wir von der O-Wochen Orga auf jeden Fall schon und freuen uns auf eine Menge Spa\u00df mit Euch!<\/p>\n<p>Hier einmal die wichtigsten Infos auf einen Blick:<\/p>\n<p dir=\"ltr\"><strong>Wann?<\/strong><span> Montag<\/span><span>, <\/span><strong>04.10.<\/strong><span>2021 bis Freitag,&nbsp;<\/span><strong>08.10.<\/strong><span>2021<\/span><\/p>\n<p dir=\"ltr\"><strong>Wo? In Pr\u00e4senz <\/strong>(in M\u00fcnster)<strong>, <\/strong>wenn die Infektionslage es zul\u00e4sst<\/p>\n<p dir=\"ltr\"><strong>F\u00fcr wen?&nbsp;<\/strong><span>Alle die jetzt<strong> im Wintersemester 2021\/22<\/strong> ihr Studium am <strong>FB4<\/strong> (BWL, VWL oder WI) beginnen<\/span><\/p>\n<p dir=\"ltr\"><span><strong>Unverbindliche Anmeldung<\/strong>: <a href=\"https:\/\/forms.gle\/tZ6ZEBRiTLkAxVik8\">https:\/\/forms.gle\/tZ6ZEBRiTLkAxVik8<\/a><span style=\"text-decoration: underline;\"><em><br \/>\n<\/em><\/span><\/span><\/p>\n<p dir=\"ltr\"><span><span style=\"text-decoration: underline;\"><\/span><\/span><\/p>\n<p dir=\"ltr\">Ausnahmsweise d\u00fcrfen in diesem Semester auch die <strong>Erstis des letzten<\/strong> <strong>Sommersemesters<\/strong> (SS21) an der O-Woche teilnehmen. Solltest du also da angefangen haben, kannst du dich unter folgendem Link f\u00fcr die O-Woche anmelden: <a href=\"https:\/\/forms.gle\/VF3RYHKjE9STqBSf8\">https:\/\/forms.gle\/VF3RYHKjE9STqBSf8<\/a><\/p>\n<div><\/div>\n<div><\/div>\n<div>Bis ganz bald an unserem Fachbereich!<\/div>\n<div>Euer O-Wochen Orga Team<\/div>\n<p>&nbsp;<\/p>\n<p>Falls ihr irgendwelche Fragen und Probleme rund ums Themas Studienstart \/ O-Woche habt, schreibt uns gern unter <a href=\"mailto:owoche@fachschaft-wiwi.ms\">owoche@fachschaft-wiwi.ms!<\/a><\/p>\n<p>&nbsp;<\/p>\n<p>Hinweis: F\u00fcr die O-Woche der Studieng\u00e4nge Politik und Wirtschaft, Wirtschaft und Recht sowie \u00d6konomik k\u00f6nnt ihr euch unter <a href=\"https:\/\/www.uni-muenster.de\/FsPWR\/infos\/orientierungswoche.html\">https:\/\/www.uni-muenster.de\/FsPWR\/infos\/orientierungswoche.html<\/a> informieren.[\/et_pb_text][\/et_pb_column][\/et_pb_row][et_pb_row _builder_version=&#8220;4.16&#8243; custom_margin=&#8220;|auto|-87px|auto||&#8220; global_colors_info=&#8220;{}&#8220;][et_pb_column type=&#8220;4_4&#8243; _builder_version=&#8220;4.16&#8243; global_colors_info=&#8220;{}&#8220;][et_pb_divider _builder_version=&#8220;4.16&#8243; custom_padding=&#8220;||0px|||&#8220; global_colors_info=&#8220;{}&#8220;][\/et_pb_divider][\/et_pb_column][\/et_pb_row][et_pb_row column_structure=&#8220;1_2,1_2&#8243; _builder_version=&#8220;4.16&#8243; _module_preset=&#8220;default&#8220; global_colors_info=&#8220;{}&#8220;][et_pb_column type=&#8220;1_2&#8243; _builder_version=&#8220;4.16&#8243; _module_preset=&#8220;default&#8220; global_colors_info=&#8220;{}&#8220;][et_pb_image src=&#8220;https:\/\/fachschaft-wiwi.ms\/wp-content\/uploads\/2022\/01\/Zeitplan-WS2122-1-e1643357067207.png&#8220; title_text=&#8220;Zeitplan O-Woche WS21,22&#8243; _builder_version=&#8220;4.16&#8243; _module_preset=&#8220;default&#8220; global_colors_info=&#8220;{}&#8220;][\/et_pb_image][et_pb_button button_url=&#8220;https:\/\/fachschaft-wiwi.ms\/wp-content\/uploads\/2021\/09\/StudentsOnlyMagazin-WS2122.pdf&#8220; button_text=&#8220;.&#8220; button_alignment=&#8220;center&#8220; _builder_version=&#8220;4.16&#8243; _module_preset=&#8220;default&#8220; custom_button=&#8220;on&#8220; button_text_size=&#8220;8px&#8220; button_text_color=&#8220;RGBA(0,0,0,0)&#8220; button_bg_image=&#8220;https:\/\/fachschaft-wiwi.ms\/wp-content\/uploads\/2022\/01\/students-Only.png&#8220; button_border_width=&#8220;0px&#8220; button_icon=&#8220;&#x39;||divi||400&#8243; background_layout=&#8220;dark&#8220; custom_margin=&#8220;0px||0px||false|false&#8220; custom_padding=&#8220;300px|||225px|false|false&#8220; global_colors_info=&#8220;{}&#8220;][\/et_pb_button][\/et_pb_column][et_pb_column type=&#8220;1_2&#8243; _builder_version=&#8220;4.16&#8243; _module_preset=&#8220;default&#8220; global_colors_info=&#8220;{}&#8220;][et_pb_accordion disabled_on=&#8220;off|off|off&#8220; _builder_version=&#8220;4.16&#8243; _module_preset=&#8220;default&#8220; global_colors_info=&#8220;{}&#8220;][et_pb_accordion_item title=&#8220;Infoveranstaltung &#8220; open=&#8220;on&#8220; _builder_version=&#8220;4.16&#8243; _module_preset=&#8220;default&#8220; global_colors_info=&#8220;{}&#8220;]Die Infoveranstaltung bringt Euch einen kurzen und guten \u00dcberblick \u00fcber das Studium und an wen ihr euch bei Fragen und Probleme wenden k\u00f6nnt.[\/et_pb_accordion_item][et_pb_accordion_item title=&#8220;Learnweb-Kurs %22O-Woche WiWi FB4%22&#8243; _builder_version=&#8220;4.16&#8243; _module_preset=&#8220;default&#8220; global_colors_info=&#8220;{}&#8220; open=&#8220;off&#8220;]Alle Infos f\u00fcr die O-Woche, eurer Studium und noch mehr findet ihr in dem Learnweb-Kurs unter <a href=\"https:\/\/sso.uni-muenster.de\/LearnWeb\/learnweb2\/course\/view.php?id=46600\" target=\"_blank\" rel=\"noopener noreferrer\">O-Woche FB4<\/a> . Hier findet ihr auch die Zoom-Links zu allen Meetings w\u00e4hrend der O-Woche.<\/p>\n<p>Loggt Euch mit eurer ZIV-Kennung ein, klickt auf &#8222;einschreiben&#8220; und schon seid ihr drin!<\/p>\n<p>Falls ihr noch keinen Zugang zum Learnweb haben solltet, schreibt uns gerne eine Mail an: <a href=\"mailto:owoche@fachschaft-wiwi.ms\">owoche@fachschaft-wiwi.ms<\/a>[\/et_pb_accordion_item][et_pb_accordion_item title=&#8220;Was es leider nicht gibt?!&#8220; _builder_version=&#8220;4.16&#8243; _module_preset=&#8220;default&#8220; global_colors_info=&#8220;{}&#8220; open=&#8220;off&#8220;]Hoffentlich gar nichts! Sofern das Infektionsgeschehen dies zul\u00e4sst, freuen wir uns, eine ganz normale O-Woche inklusive <strong>O-Wochenpartys, <\/strong><strong><\/strong> <strong>Aasee-Rallye <\/strong>und jeder Menge <strong>Spa\u00df<\/strong> f\u00fcr euch organisieren zu k\u00f6nnen.[\/et_pb_accordion_item][et_pb_accordion_item title=&#8220;Links&#8220; _builder_version=&#8220;4.16&#8243; _module_preset=&#8220;default&#8220; global_colors_info=&#8220;{}&#8220; open=&#8220;off&#8220;]Um keine Infos zu verpassen, schaut auch auf unsere Social-Media-Kan\u00e4le vorbei.<\/p>\n<p><a href=\"https:\/\/www.facebook.com\/groups\/wiwiersti2021\" target=\"_blank\" rel=\"noopener noreferrer\"><img loading=\"lazy\" decoding=\"async\" src=\"https:\/\/fachschaft-wiwi.ms\/wp-content\/uploads\/2020\/09\/Facebook_Logo_2019-300x300.png\" alt=\"\" class=\"wp-image-26176 alignnone size-medium\" width=\"55\" height=\"55\"><\/a><a href=\"https:\/\/www.instagram.com\/owoche.wiwi.ms\/?hl=de\" target=\"_blank\" rel=\"noopener noreferrer\"><img loading=\"lazy\" decoding=\"async\" src=\"https:\/\/fachschaft-wiwi.ms\/wp-content\/uploads\/2020\/09\/image003.png\" alt=\"\" class=\"wp-image-26175 alignnone size-full\" width=\"54\" height=\"54\"><\/a>[\/et_pb_accordion_item][et_pb_accordion_item title=&#8220;Disclaimer&#8220; _builder_version=&#8220;4.16&#8243; _module_preset=&#8220;default&#8220; global_colors_info=&#8220;{}&#8220; open=&#8220;off&#8220;]Wir planen alles mit gr\u00f6\u00dfter Sorgfalt, um keinen unn\u00f6tig zu gef\u00e4hrden und trotzdem euch eine gute Zeit zu verschaffen.<\/p>\n<p>Aber leider k\u00f6nnen wir nicht in die Zukunft sehen. Daher kann es zu kurzfristigen \u00c4nderungen im Ablauf kommen. \u00dcber das werden wir Euch nat\u00fcrlich auf allen gewohnten Kan\u00e4len informieren![\/et_pb_accordion_item][\/et_pb_accordion][\/et_pb_column][\/et_pb_row][et_pb_row _builder_version=&#8220;4.16&#8243; _module_preset=&#8220;default&#8220; global_colors_info=&#8220;{}&#8220;][et_pb_column type=&#8220;4_4&#8243; _builder_version=&#8220;4.16&#8243; _module_preset=&#8220;default&#8220; global_colors_info=&#8220;{}&#8220;][et_pb_gallery gallery_ids=&#8220;27058,27057,27056,27059,27060,27061,27062,27063,27064,27072,27071,27070,27069,27068,27067,27066,27065,27073,27074,27075,27076,27077,27078,27079,27080,27081,27082,27083,27084,27085,27086,27088&#8243; posts_number=&#8220;32&#8243; _builder_version=&#8220;4.16&#8243; _module_preset=&#8220;default&#8220; global_colors_info=&#8220;{}&#8220;][\/et_pb_gallery][\/et_pb_column][\/et_pb_row][et_pb_row _builder_version=&#8220;4.16&#8243; _module_preset=&#8220;default&#8220; min_height=&#8220;68px&#8220; custom_margin=&#8220;-1px|auto||auto||&#8220; custom_padding=&#8220;||0px|||&#8220; global_colors_info=&#8220;{}&#8220;][et_pb_column type=&#8220;4_4&#8243; _builder_version=&#8220;4.16&#8243; _module_preset=&#8220;default&#8220; global_colors_info=&#8220;{}&#8220;][et_pb_divider _builder_version=&#8220;4.16&#8243; min_height=&#8220;2px&#8220; custom_padding=&#8220;||0px|||&#8220; global_colors_info=&#8220;{}&#8220;][\/et_pb_divider][\/et_pb_column][\/et_pb_row][et_pb_row column_structure=&#8220;3_5,2_5&#8243; _builder_version=&#8220;4.16&#8243; _module_preset=&#8220;default&#8220; min_height=&#8220;41px&#8220; custom_padding=&#8220;0px||2px|||&#8220; global_colors_info=&#8220;{}&#8220;][et_pb_column type=&#8220;3_5&#8243; _builder_version=&#8220;4.16&#8243; _module_preset=&#8220;default&#8220; global_colors_info=&#8220;{}&#8220;][et_pb_text _builder_version=&#8220;4.16&#8243; _module_preset=&#8220;default&#8220; custom_margin=&#8220;3px|||||&#8220; global_colors_info=&#8220;{}&#8220;]Fragen \u00fcber Fragen?&nbsp; Hier sind unsere Antworten zu den h\u00e4ufigsten Fragen :[\/et_pb_text][\/et_pb_column][et_pb_column type=&#8220;2_5&#8243; _builder_version=&#8220;4.16&#8243; _module_preset=&#8220;default&#8220; global_colors_info=&#8220;{}&#8220;][et_pb_button button_url=&#8220;@ET-DC@eyJkeW5hbWljIjp0cnVlLCJjb250ZW50IjoicG9zdF9saW5rX3VybF9wb3N0Iiwic2V0dGluZ3MiOnsicG9zdF9pZCI6IjI2MTk5In19@&#8220; button_text=&#8220;FAQs&#8220; button_alignment=&#8220;center&#8220; _builder_version=&#8220;4.16&#8243; _dynamic_attributes=&#8220;button_url&#8220; _module_preset=&#8220;default&#8220; custom_button=&#8220;on&#8220; button_text_color=&#8220;#1b3458&#8243; global_colors_info=&#8220;{}&#8220;][\/et_pb_button][\/et_pb_column][\/et_pb_row][et_pb_row _builder_version=&#8220;4.16&#8243; _module_preset=&#8220;default&#8220; custom_padding=&#8220;||0px|||&#8220; global_colors_info=&#8220;{}&#8220;][et_pb_column type=&#8220;4_4&#8243; _builder_version=&#8220;4.16&#8243; _module_preset=&#8220;default&#8220; global_colors_info=&#8220;{}&#8220;][et_pb_divider _builder_version=&#8220;4.16&#8243; _module_preset=&#8220;default&#8220; global_colors_info=&#8220;{}&#8220;][\/et_pb_divider][\/et_pb_column][\/et_pb_row][et_pb_row column_structure=&#8220;1_2,1_2&#8243; _builder_version=&#8220;4.16&#8243; _module_preset=&#8220;default&#8220; custom_margin=&#8220;-1px|auto||auto||&#8220; custom_padding=&#8220;36px|||||&#8220; global_colors_info=&#8220;{}&#8220;][et_pb_column type=&#8220;1_2&#8243; _builder_version=&#8220;4.16&#8243; _module_preset=&#8220;default&#8220; global_colors_info=&#8220;{}&#8220;][et_pb_text _builder_version=&#8220;4.16&#8243; _module_preset=&#8220;default&#8220; min_height=&#8220;333px&#8220; custom_padding=&#8220;|23px||||&#8220; global_colors_info=&#8220;{}&#8220;]Hey zusammen,<\/p>\n<p>Wir&nbsp; sind das aktuelle O-Wochen-Team und sind daf\u00fcr da euch eine geile O-Woche in diesem Wintersemester zu organisieren und damit den Studienstart in M\u00fcnster zu erleichtern. Trotz Corona haben wir euch ein buntes Programm zusammengestellt und hoffen, dass ihr einen unvergesslichen Start erleben werdet.<\/p>\n<p>Wir freuen uns riesig, euch bald vor Ort oder digital kennenzulernen!<\/p>\n<p><span style=\"font-size: 14px;\">Viktoria, Marei, Alina und Hannah (O-Wochen Orga Team WS 21\/22)<\/span><\/p>\n<p><span style=\"font-size: 14px;\"><\/span><\/p>\n<p>&nbsp;<\/p>\n<p>&nbsp;<\/p>\n<p>&nbsp;[\/et_pb_text][\/et_pb_column][et_pb_column type=&#8220;1_2&#8243; _builder_version=&#8220;4.16&#8243; _module_preset=&#8220;default&#8220; global_colors_info=&#8220;{}&#8220;][et_pb_image src=&#8220;https:\/\/fachschaft-wiwi.ms\/wp-content\/uploads\/2020\/09\/DSC_0158-scaled.jpg&#8220; title_text=&#8220;DSC_0158&#8243; _builder_version=&#8220;4.16&#8243; _module_preset=&#8220;default&#8220; global_colors_info=&#8220;{}&#8220;][\/et_pb_image][et_pb_text _builder_version=&#8220;4.16&#8243; _module_preset=&#8220;default&#8220; global_colors_info=&#8220;{}&#8220;]O-Wochen Orga Team WS 20\/21: Janine, Sandra &amp; Marei&nbsp;[\/et_pb_text][\/et_pb_column][\/et_pb_row][et_pb_row _builder_version=&#8220;4.16&#8243; _module_preset=&#8220;default&#8220; global_colors_info=&#8220;{}&#8220;][et_pb_column type=&#8220;4_4&#8243; _builder_version=&#8220;4.16&#8243; _module_preset=&#8220;default&#8220; global_colors_info=&#8220;{}&#8220;][et_pb_button button_url=&#8220;@ET-DC@eyJkeW5hbWljIjp0cnVlLCJjb250ZW50IjoicG9zdF9saW5rX3VybF9wYWdlIiwic2V0dGluZ3MiOnsicG9zdF9pZCI6IjI1NDk1In19@&#8220; button_text=&#8220;Zur\u00fcck&#8220; button_alignment=&#8220;center&#8220; _builder_version=&#8220;4.16&#8243; _dynamic_attributes=&#8220;button_url&#8220; _module_preset=&#8220;default&#8220; custom_button=&#8220;on&#8220; button_text_color=&#8220;#001c44&#8243; button_icon=&#8220;&#x34;||divi||400&#8243; button_icon_placement=&#8220;left&#8220; global_colors_info=&#8220;{}&#8220;][\/et_pb_button][\/et_pb_column][\/et_pb_row][\/et_pb_section]<\/p>\n","protected":false},"excerpt":{"rendered":"<p>&nbsp;O-Woche Wintersemester 2021\/2022 &nbsp; Herzlich Willkommen, liebe Erstis am FB4! Um euch einen m\u00f6glichst reibungslosen Start ins Studium zu erm\u00f6glichen, veranstalten wir jedes Semester f\u00fcr alle Neustarter an unserem Fachbereich (FB4) eine Orientierungswoche (kurz O-Woche). Die O-Woche dient dazu, dass ihr einen \u00dcberblick \u00fcber euer Studium erhaltet und alles was zum Studienalltag in M\u00fcnster noch [&hellip;]<\/p>\n","protected":false},"author":3,"featured_media":0,"parent":29053,"menu_order":0,"comment_status":"closed","ping_status":"closed","template":"","meta":{"_et_pb_use_builder":"on","_et_pb_old_content":"","_et_gb_content_width":"","footnotes":""},"class_list":["post-26468","page","type-page","status-publish","hentry"],"_links":{"self":[{"href":"https:\/\/fachschaft-wiwi.ms\/en\/wp-json\/wp\/v2\/pages\/26468","targetHints":{"allow":["GET"]}}],"collection":[{"href":"https:\/\/fachschaft-wiwi.ms\/en\/wp-json\/wp\/v2\/pages"}],"about":[{"href":"https:\/\/fachschaft-wiwi.ms\/en\/wp-json\/wp\/v2\/types\/page"}],"author":[{"embeddable":true,"href":"https:\/\/fachschaft-wiwi.ms\/en\/wp-json\/wp\/v2\/users\/3"}],"replies":[{"embeddable":true,"href":"https:\/\/fachschaft-wiwi.ms\/en\/wp-json\/wp\/v2\/comments?post=26468"}],"version-history":[{"count":32,"href":"https:\/\/fachschaft-wiwi.ms\/en\/wp-json\/wp\/v2\/pages\/26468\/revisions"}],"predecessor-version":[{"id":28182,"href":"https:\/\/fachschaft-wiwi.ms\/en\/wp-json\/wp\/v2\/pages\/26468\/revisions\/28182"}],"up":[{"embeddable":true,"href":"https:\/\/fachschaft-wiwi.ms\/en\/wp-json\/wp\/v2\/pages\/29053"}],"wp:attachment":[{"href":"https:\/\/fachschaft-wiwi.ms\/en\/wp-json\/wp\/v2\/media?parent=26468"}],"curies":[{"name":"wp","href":"https:\/\/api.w.org\/{rel}","templated":true}]}}