{"id":26219,"date":"2025-06-18T15:22:48","date_gmt":"2025-06-18T13:22:48","guid":{"rendered":"https:\/\/fachschaft-wiwi.ms\/?page_id=26219"},"modified":"2026-03-12T17:56:25","modified_gmt":"2026-03-12T16:56:25","slug":"issc","status":"publish","type":"page","link":"https:\/\/fachschaft-wiwi.ms\/en\/issc\/","title":{"rendered":"ISSC &#8211; Information Systems Student Council"},"content":{"rendered":"<p>[et_pb_section fb_built=&#8220;1&#8243; fullwidth=&#8220;on&#8220; next_background_color=&#8220;#1B3458&#8243; _builder_version=&#8220;4.27.2&#8243; background_image=&#8220;https:\/\/fachschaft-wiwi.ms\/wp-content\/uploads\/2025\/07\/Gruppenfoto-SoSe-2025-web-scaled-e1754059860337.webp&#8220; background_position=&#8220;top_center&#8220; transform_scale_tablet=&#8220;&#8220; transform_scale_phone=&#8220;&#8220; transform_scale_last_edited=&#8220;on|phone&#8220; transform_translate=&#8220;0px|2px&#8220; transform_translate_tablet=&#8220;0px|2px&#8220; transform_translate_phone=&#8220;0px|2px&#8220; transform_translate_last_edited=&#8220;on|phone&#8220; transform_rotate_tablet=&#8220;&#8220; transform_rotate_phone=&#8220;&#8220; transform_rotate_last_edited=&#8220;on|phone&#8220; transform_skew_tablet=&#8220;&#8220; transform_skew_phone=&#8220;&#8220; transform_skew_last_edited=&#8220;on|phone&#8220; transform_origin_tablet=&#8220;&#8220; transform_origin_phone=&#8220;&#8220; transform_origin_last_edited=&#8220;on|phone&#8220; transform_styles_last_edited=&#8220;on|phone&#8220; max_width=&#8220;100%&#8220; module_alignment=&#8220;center&#8220; min_height=&#8220;707px&#8220; min_height_tablet=&#8220;406px&#8220; min_height_phone=&#8220;231px&#8220; min_height_last_edited=&#8220;on|tablet&#8220; custom_margin=&#8220;||||false|false&#8220; custom_padding=&#8220;||32px|||&#8220; bottom_divider_style=&#8220;ramp2&#8243; animation_style=&#8220;fade&#8220; animation_duration=&#8220;850ms&#8220; background_last_edited=&#8220;off|tablet&#8220; transform_styles_tablet=&#8220;&#8220; transform_styles_phone=&#8220;&#8220; global_colors_info=&#8220;{}&#8220; background__hover_enabled=&#8220;off|desktop&#8220;][et_pb_fullwidth_header _builder_version=&#8220;4.16&#8243; _module_preset=&#8220;default&#8220; background_color=&#8220;rgba(0,0,0,0)&#8220; global_colors_info=&#8220;{}&#8220; filter_hue_rotate__hover_enabled=&#8220;on|desktop&#8220;][\/et_pb_fullwidth_header][\/et_pb_section][et_pb_section fb_built=&#8220;1&#8243; _builder_version=&#8220;4.27.2&#8243; _module_preset=&#8220;default&#8220; background_color=&#8220;#1B3458&#8243; animation_style=&#8220;fade&#8220; global_colors_info=&#8220;{}&#8220;][et_pb_row _builder_version=&#8220;4.16&#8243; _module_preset=&#8220;default&#8220; global_colors_info=&#8220;{}&#8220;][et_pb_column type=&#8220;4_4&#8243; _builder_version=&#8220;4.16&#8243; _module_preset=&#8220;default&#8220; global_colors_info=&#8220;{}&#8220;][et_pb_text _builder_version=&#8220;4.27.2&#8243; _module_preset=&#8220;default&#8220; text_text_color=&#8220;#ffffff&#8220; link_font=&#8220;||||on||||&#8220; link_text_color=&#8220;#ffffff&#8220; global_colors_info=&#8220;{}&#8220;]<\/p>\n<h1 style=\"text-align: center;\"><span style=\"color: #ffffff;\">Wir sind das ISSC!<\/span><\/h1>\n<p style=\"text-align: center;\">ISSC steht f\u00fcr Information Systems Student Council (ehemals Wirtschaftsinformatik-AG bzw. WI-AG). Wir vertreten die Interessen aller Studierenden der Wirtschaftsinformatik.<br \/>Mit unseren ca. 30 Mitgliedern organisieren wir immer wieder verschiedene Events, wie die Weihnachtsfeier, das Mastergrillen oder die Leo-Rallye der O-Woche.<\/p>\n<p style=\"text-align: center;\">Du willst mehr \u00fcber das ISSC wissen oder selbst mitmachen? Dann schreib uns doch einfach eine Mail oder statte uns einen Besuch in unserem B\u00fcro ab, sodass wir dich zur n\u00e4chsten Sitzung einladen k\u00f6nnen.<\/p>\n<p>[\/et_pb_text][\/et_pb_column][\/et_pb_row][\/et_pb_section][et_pb_section fb_built=&#8220;1&#8243; _builder_version=&#8220;4.27.2&#8243; _module_preset=&#8220;default&#8220; background_color=&#8220;gcid-heading-color&#8220; hover_enabled=&#8220;0&#8243; global_colors_info=&#8220;{%22gcid-heading-color%22:%91%22background_color%22%93}&#8220; sticky_enabled=&#8220;0&#8243;][et_pb_row _builder_version=&#8220;4.27.2&#8243; _module_preset=&#8220;default&#8220; global_colors_info=&#8220;{}&#8220;][et_pb_column type=&#8220;4_4&#8243; _builder_version=&#8220;4.27.2&#8243; _module_preset=&#8220;default&#8220; global_colors_info=&#8220;{}&#8220;][et_pb_text _builder_version=&#8220;4.27.2&#8243; _module_preset=&#8220;default&#8220; text_text_color=&#8220;#ffffff&#8220; background_layout=&#8220;dark&#8220; global_colors_info=&#8220;{}&#8220;]<\/p>\n<h1 style=\"text-align: center;\">Beratung und Service<\/h1>\n<p>[\/et_pb_text][\/et_pb_column][\/et_pb_row][et_pb_row column_structure=&#8220;1_3,1_3,1_3&#8243; _builder_version=&#8220;4.27.2&#8243; _module_preset=&#8220;default&#8220; global_colors_info=&#8220;{}&#8220;][et_pb_column type=&#8220;1_3&#8243; _builder_version=&#8220;4.27.2&#8243; _module_preset=&#8220;default&#8220; global_colors_info=&#8220;{}&#8220;][et_pb_blurb title=&#8220;Interessensvertretung&#8220; image=&#8220;https:\/\/fachschaft-wiwi.ms\/wp-content\/uploads\/2025\/06\/pexels-divinetechygirl-1181304-scaled.jpg&#8220; _builder_version=&#8220;4.27.2&#8243; _module_preset=&#8220;default&#8220; header_font=&#8220;|700|||||||&#8220; background_color=&#8220;#1B3458&#8243; background_layout=&#8220;dark&#8220; custom_padding=&#8220;10px|10px|10px|10px|true|true&#8220; border_width_all=&#8220;5px&#8220; border_color_all=&#8220;#1B3458&#8243; locked=&#8220;off&#8220; global_colors_info=&#8220;{}&#8220;]<\/p>\n<p>\u200bAls Teil der Fachschaft vertreten wir die Wirtschaftsinformatik Studierenden am Fachbereich. Daf\u00fcr setzen wir uns bei wichtigen Entscheidungen des Instituts mit an den Tisch und werden in Dikussion mit einbezogen. Zus\u00e4tzlich sind wir auch in diversen Aussch\u00fcssen \u00fcber neue Profs oder Bef\u00f6rderungen und im Pr\u00fcfungsausschuss vertreten.\u00a0 Falls ihr auch die Wirtschaftsinformatik hier in M\u00fcnster mitgestalten wollt oder einen Einblick hinter die Kulissen erhalten wollt, engagiert euch gerne beim ISSC.<\/p>\n<h5 style=\"text-align: center;\"><a href=\"https:\/\/chat.whatsapp.com\/EPpejvDhGYlIiAi6WESxvr\"><strong><span style=\"text-decoration: underline; color: #ffffff;\">Engagiere dich im ISSC <\/span><\/strong><\/a><\/h5>\n<p>[\/et_pb_blurb][\/et_pb_column][et_pb_column type=&#8220;1_3&#8243; _builder_version=&#8220;4.27.2&#8243; _module_preset=&#8220;default&#8220; global_colors_info=&#8220;{}&#8220;][et_pb_blurb title=&#8220;Beratung&#8220; image=&#8220;https:\/\/fachschaft-wiwi.ms\/wp-content\/uploads\/2025\/06\/pexels-serpstat-177219-572056-scaled.jpg&#8220; _builder_version=&#8220;4.27.2&#8243; _module_preset=&#8220;default&#8220; header_font=&#8220;|700|||||||&#8220; background_color=&#8220;#1B3458&#8243; background_layout=&#8220;dark&#8220; custom_padding=&#8220;10px|10px|10px|10px|true|true&#8220; border_width_all=&#8220;5px&#8220; border_color_all=&#8220;#1B3458&#8243; locked=&#8220;off&#8220; global_colors_info=&#8220;{}&#8220;]<\/p>\n<p>In unserem ISSC B\u00fcro im Leo1 stehen wir f\u00fcr jegliche Fragen bez\u00fcglich eures Wirtschaftsinformatik Studiums bereit.<br \/>Ihr k\u00f6nnt uns selbstverst\u00e4ndlich auch \u00fcber andere Kan\u00e4le erreichen.<\/p>\n<p><strong>\u00d6ffnungszeiten B\u00fcro:<\/strong><br \/>Dienstag bis Donnerstag<br \/>11 &#8211; 14 Uhr<br \/>Leonardo Campus 1 | <span style=\"text-decoration: underline;\"><span style=\"color: #ffffff;\"><a href=\"https:\/\/goo.gl\/maps\/7Upw3NgvuvcHwL5Z6\" style=\"color: #ffffff; text-decoration: underline;\">Google Maps<\/a><\/span><\/span><\/p>\n<p><strong>Mail:<\/strong><br \/><span style=\"text-decoration: underline;\"><span style=\"color: #ffffff; text-decoration: underline;\"><a href=\"mailto:issc@wiwi.uni-muenster.de\" style=\"color: #ffffff; text-decoration: underline;\">issc@wiwi.uni-muenster.de<\/a><\/span><\/span><\/p>\n<p><strong>Telefon:<br \/><\/strong><span style=\"text-decoration: underline; color: #ffffff;\"><a href=\"tel:+492518338188\" style=\"color: #ffffff; text-decoration: underline;\">0251 &#8211; 83-38089<\/a><\/span><\/p>\n<p><strong>Instagram:<br \/><\/strong><span style=\"text-decoration: underline; color: #ffffff;\"><a href=\"https:\/\/www.instagram.com\/issc.ms\/\" style=\"color: #ffffff; text-decoration: underline;\">@issc.ms<\/a><\/span><\/p>\n<p>&nbsp;<\/p>\n<p>[\/et_pb_blurb][\/et_pb_column][et_pb_column type=&#8220;1_3&#8243; _builder_version=&#8220;4.27.2&#8243; _module_preset=&#8220;default&#8220; global_colors_info=&#8220;{}&#8220;][et_pb_blurb title=&#8220;Service&#8220; image=&#8220;https:\/\/fachschaft-wiwi.ms\/wp-content\/uploads\/2025\/06\/pexels-cottonbro-6334768-scaled.jpg&#8220; _builder_version=&#8220;4.27.2&#8243; _module_preset=&#8220;default&#8220; header_font=&#8220;|700|||||||&#8220; background_color=&#8220;#1B3458&#8243; background_layout=&#8220;dark&#8220; custom_padding=&#8220;10px|10px|10px|10px|true|true&#8220; border_width_all=&#8220;5px&#8220; border_color_all=&#8220;#1B3458&#8243; locked=&#8220;off&#8220; global_colors_info=&#8220;{}&#8220;]<\/p>\n<p>Im Hintergrund macht das ISSC mehr als ihr denkt. Wir verwalten zum Beispiel das Klausurenarchiv mit dem ihr euch die Klausuren der letzten Jahre runterladen k\u00f6nnt.<br \/>F\u00fcr alle Erstsemester bieten wir zus\u00e4tzlich noch das WI-Mentoring an. Hier erkl\u00e4ren wir am Anfang des Studiums alles was man so wissen muss und an wen man sich wenden kann.<\/p>\n<p><strong>Klausurarchiv:<\/strong><br \/><span style=\"text-decoration: underline;\"><a href=\"https:\/\/klausurarchiv.fachschaft-wiwi.ms\"><span style=\"color: #ffffff; text-decoration: underline;\">klausurarchiv.fachschaft-wiwi.ms<\/span><\/a><\/span><\/p>\n<p>[\/et_pb_blurb][\/et_pb_column][\/et_pb_row][et_pb_row disabled_on=&#8220;on|on|on&#8220; _builder_version=&#8220;4.27.2&#8243; _module_preset=&#8220;default&#8220; disabled=&#8220;on&#8220; global_colors_info=&#8220;{}&#8220;][et_pb_column type=&#8220;4_4&#8243; _builder_version=&#8220;4.27.2&#8243; _module_preset=&#8220;default&#8220; global_colors_info=&#8220;{}&#8220;][et_pb_blurb title=&#8220;WI Gespr\u00e4ch&#8220; _builder_version=&#8220;4.27.2&#8243; _module_preset=&#8220;default&#8220; header_font=&#8220;|700|||||||&#8220; background_color=&#8220;#1B3458&#8243; background_layout=&#8220;dark&#8220; custom_padding=&#8220;10px|10px|10px|10px|true|true&#8220; border_width_all=&#8220;5px&#8220; border_color_all=&#8220;#1B3458&#8243; locked=&#8220;off&#8220; global_colors_info=&#8220;{}&#8220;]<\/p>\n<p><iframe loading=\"lazy\" width=\"640px\" height=\"480px\" src=\"https:\/\/forms.cloud.microsoft\/e\/j2VdFk75Wu?embed=true\" frameborder=\"0\" marginwidth=\"0\" marginheight=\"0\" style=\"border: none; max-width: 100%; max-height: 100vh;\" allowfullscreen=\"\" webkitallowfullscreen=\"\" mozallowfullscreen=\"\" msallowfullscreen=\"\"> <\/iframe><\/p>\n<p>[\/et_pb_blurb][\/et_pb_column][\/et_pb_row][et_pb_row _builder_version=&#8220;4.16&#8243; _module_preset=&#8220;default&#8220; global_colors_info=&#8220;{}&#8220;][et_pb_column type=&#8220;4_4&#8243; _builder_version=&#8220;4.16&#8243; _module_preset=&#8220;default&#8220; global_colors_info=&#8220;{}&#8220;][et_pb_text _builder_version=&#8220;4.16&#8243; _module_preset=&#8220;default&#8220; text_text_color=&#8220;#ffffff&#8220; background_layout=&#8220;dark&#8220; global_colors_info=&#8220;{}&#8220;]<\/p>\n<h1 style=\"text-align: center;\">Veranstaltungen<\/h1>\n<p>[\/et_pb_text][\/et_pb_column][\/et_pb_row][et_pb_row column_structure=&#8220;1_3,1_3,1_3&#8243; _builder_version=&#8220;4.16&#8243; _module_preset=&#8220;default&#8220; global_colors_info=&#8220;{}&#8220;][et_pb_column type=&#8220;1_3&#8243; _builder_version=&#8220;4.16&#8243; _module_preset=&#8220;default&#8220; global_colors_info=&#8220;{}&#8220;][et_pb_blurb title=&#8220;WI-Sommerfest&#8220; image=&#8220;https:\/\/fachschaft-wiwi.ms\/wp-content\/uploads\/2025\/06\/IMG_20250629_154307.jpg&#8220; _builder_version=&#8220;4.27.2&#8243; _module_preset=&#8220;default&#8220; header_font=&#8220;|700|||||||&#8220; background_color=&#8220;#1B3458&#8243; background_layout=&#8220;dark&#8220; custom_padding=&#8220;10px|10px|10px|10px|true|true&#8220; border_width_all=&#8220;5px&#8220; border_color_all=&#8220;#1B3458&#8243; global_colors_info=&#8220;{}&#8220;]<\/p>\n<p>Wir als ISSC organisieren jedes Jahr das legend\u00e4re <strong>WI-Sommerfest<\/strong>. Das Fest findet am Leonardo-Campus statt und richtet sich haupts\u00e4chlich an die Wirtschaftsinformatik-Studierenden unserer Universit\u00e4t.<br \/>Das hervorragende Angebot von frisch gegrillten Bratw\u00fcrsten und selbst gezapftem Bier f\u00fcr einen unschlagbaren Preis lockt jedes Jahr bis zu 400 G\u00e4ste an. Mit unserem Sommerfest wollen wir die Studierenden untereinander in Kontakt bringen und so jede Menge Spa\u00df haben.<br \/>Es ist also <strong>DAS Event<\/strong> f\u00fcr uns Wirtschaftsinformatiker*innen, auf das jedes Jahr voller Vorfreude gewartet wird.<\/p>\n<p>[\/et_pb_blurb][\/et_pb_column][et_pb_column type=&#8220;1_3&#8243; _builder_version=&#8220;4.27.2&#8243; _module_preset=&#8220;default&#8220; global_colors_info=&#8220;{}&#8220;][et_pb_blurb title=&#8220;IS Mastergrillen&#8220; image=&#8220;https:\/\/fachschaft-wiwi.ms\/wp-content\/uploads\/2025\/06\/SCR-20250629-nxio.jpeg&#8220; _builder_version=&#8220;4.27.2&#8243; _module_preset=&#8220;default&#8220; header_font=&#8220;|700|||||||&#8220; background_color=&#8220;#1B3458&#8243; background_layout=&#8220;dark&#8220; custom_padding=&#8220;10px|10px|10px|10px|true|true&#8220; border_width_all=&#8220;5px&#8220; border_color_all=&#8220;#1B3458&#8243; global_colors_info=&#8220;{}&#8220;]<\/p>\n<p>Einmal im Semester organisiert das ISSC ein Grillevent f\u00fcr die Masterstudis. Hier k\u00f6nnen sich die Studierenden unter sich oder auch mit Profs und Mitarbeitenden des Instituts austauschen.<br \/>Seit letztem Jahr organisieren wir das Grillen zusammen mit den VWL Masterstudis und f\u00f6rdern so den interdisziplin\u00e4ren Austausch.<\/p>\n<p>[\/et_pb_blurb][\/et_pb_column][et_pb_column type=&#8220;1_3&#8243; _builder_version=&#8220;4.27.2&#8243; _module_preset=&#8220;default&#8220; global_colors_info=&#8220;{}&#8220;][et_pb_blurb title=&#8220;WI-Lan&#8220; image=&#8220;https:\/\/fachschaft-wiwi.ms\/wp-content\/uploads\/2020\/10\/WhatsApp-Image-2020-10-15-at-17.33.57-1.jpeg&#8220; _builder_version=&#8220;4.27.2&#8243; _module_preset=&#8220;default&#8220; header_font=&#8220;|700|||||||&#8220; background_color=&#8220;#1B3458&#8243; background_layout=&#8220;dark&#8220; custom_padding=&#8220;10px|10px|10px|10px|true|true&#8220; border_width_all=&#8220;5px&#8220; border_color_all=&#8220;#1B3458&#8243; global_colors_info=&#8220;{}&#8220;]<\/p>\n<p>Bei der WI-Lan handelt es sich um eine klassische Lan-Party, wie man sie vielleicht noch von fr\u00fcher aus der Jugend kennt. Organisiert wird diese vom ISSC und findet einmal im Semester im Leo 18.3 statt.<br \/>Gespielt werden eine Vielzahl an klassischen PC-Spielen: Von Shootern wie Counter Strike oder Call of Duty bis hin zu Strategiespielen wie Age of Empires ist f\u00fcr jeden Geschmack etwas mit dabei. Zus\u00e4tzlich besteht seit den letzten Semestern auch die M\u00f6glichkeit, an Konsolen wie beispielsweise der Switch, gegeneinander anzutreten. Erfolgreichen Teilnehmern erwarten am Ende des Abends attraktive Preise.<\/p>\n<p>[\/et_pb_blurb][\/et_pb_column][\/et_pb_row][\/et_pb_section][et_pb_section fb_built=&#8220;1&#8243; _builder_version=&#8220;4.27.2&#8243; _module_preset=&#8220;default&#8220; background_color=&#8220;#1B3458&#8243; animation_style=&#8220;fade&#8220; locked=&#8220;off&#8220; global_colors_info=&#8220;{}&#8220;][et_pb_row _builder_version=&#8220;4.27.2&#8243; _module_preset=&#8220;default&#8220; background_color=&#8220;RGBA(255,255,255,0)&#8220; locked=&#8220;off&#8220; global_colors_info=&#8220;{}&#8220;][et_pb_column type=&#8220;4_4&#8243; _builder_version=&#8220;4.27.2&#8243; _module_preset=&#8220;default&#8220; global_colors_info=&#8220;{}&#8220;][et_pb_text _builder_version=&#8220;4.27.2&#8243; _module_preset=&#8220;default&#8220; text_text_color=&#8220;#ffffff&#8220; background_layout=&#8220;dark&#8220; global_colors_info=&#8220;{}&#8220;]<\/p>\n<h1 style=\"text-align: center;\">Gemeinschaft<\/h1>\n<p>[\/et_pb_text][et_pb_gallery gallery_ids=&#8220;27916,29024,29430,29431&#8243; gallery_orderby=&#8220;rand&#8220; orientation=&#8220;portrait&#8220; show_title_and_caption=&#8220;off&#8220; show_pagination=&#8220;off&#8220; _builder_version=&#8220;4.27.2&#8243; _module_preset=&#8220;default&#8220; background_color=&#8220;#1B3458&#8243; custom_css_main_element=&#8220;pointer-events: none;||cursor: default;&#8220; border_width_all=&#8220;10px&#8220; border_color_all=&#8220;#1B3458&#8243; global_colors_info=&#8220;{}&#8220;][\/et_pb_gallery][\/et_pb_column][\/et_pb_row][\/et_pb_section][et_pb_section fb_built=&#8220;1&#8243; _builder_version=&#8220;4.27.2&#8243; _module_preset=&#8220;default&#8220; background_color=&#8220;gcid-heading-color&#8220; animation_style=&#8220;fade&#8220; hover_enabled=&#8220;0&#8243; locked=&#8220;off&#8220; global_colors_info=&#8220;{%22gcid-heading-color%22:%91%22background_color%22%93}&#8220; sticky_enabled=&#8220;0&#8243;][et_pb_row _builder_version=&#8220;4.27.2&#8243; _module_preset=&#8220;default&#8220; background_color=&#8220;RGBA(255,255,255,0)&#8220; global_colors_info=&#8220;{}&#8220;][et_pb_column type=&#8220;4_4&#8243; _builder_version=&#8220;4.27.2&#8243; _module_preset=&#8220;default&#8220; global_colors_info=&#8220;{}&#8220;][et_pb_text _builder_version=&#8220;4.16&#8243; _module_preset=&#8220;default&#8220; text_text_color=&#8220;#ffffff&#8220; background_layout=&#8220;dark&#8220; global_colors_info=&#8220;{}&#8220;]<\/p>\n<h1 style=\"text-align: center;\">Interesse?<\/h1>\n<p>[\/et_pb_text][et_pb_blurb image_icon_background_color=&#8220;RGBA(255,255,255,0)&#8220; _builder_version=&#8220;4.27.2&#8243; _module_preset=&#8220;default&#8220; header_font=&#8220;|700|||||||&#8220; body_quote_border_color=&#8220;RGBA(255,255,255,0)&#8220; background_color=&#8220;RGBA(255,255,255,0)&#8220; background_layout=&#8220;dark&#8220; custom_padding=&#8220;10px|10px|10px|10px|true|true&#8220; border_color_all=&#8220;RGBA(255,255,255,0)&#8220; locked=&#8220;off&#8220; global_colors_info=&#8220;{}&#8220;]<\/p>\n<p>Falls du Interesse daran hast hinter die Kulissen des Instituts zu gucken oder etwas f\u00fcr die Wirtschaftsinformatik Studierenden des Fachbereichs zu ver\u00e4ndern, engagiere dich gerne beim ISSC.<\/p>\n<p>[\/et_pb_blurb][et_pb_button button_url=&#8220;https:\/\/chat.whatsapp.com\/EPpejvDhGYlIiAi6WESxvr&#8220; button_text=&#8220;Engagiere dich hier!&#8220; button_alignment=&#8220;center&#8220; _builder_version=&#8220;4.27.2&#8243; _module_preset=&#8220;default&#8220; button_text_color=&#8220;#1B3458&#8243; button_bg_color=&#8220;#FFFFFF&#8220; hover_enabled=&#8220;0&#8243; global_colors_info=&#8220;{}&#8220; sticky_enabled=&#8220;0&#8243;][\/et_pb_button][\/et_pb_column][\/et_pb_row][\/et_pb_section]<\/p>\n","protected":false},"excerpt":{"rendered":"<p>Wir sind das ISSC! ISSC steht f\u00fcr Information Systems Student Council (ehemals Wirtschaftsinformatik-AG bzw. WI-AG). Wir vertreten die Interessen aller Studierenden der Wirtschaftsinformatik.Mit unseren ca. 30 Mitgliedern organisieren wir immer wieder verschiedene Events, wie die Weihnachtsfeier, das Mastergrillen oder die Leo-Rallye der O-Woche. Du willst mehr \u00fcber das ISSC wissen oder selbst mitmachen? Dann schreib [&hellip;]<\/p>\n","protected":false},"author":17,"featured_media":0,"parent":0,"menu_order":0,"comment_status":"closed","ping_status":"closed","template":"","meta":{"_et_pb_use_builder":"on","_et_pb_old_content":"","_et_gb_content_width":"","footnotes":""},"class_list":["post-26219","page","type-page","status-publish","hentry"],"_links":{"self":[{"href":"https:\/\/fachschaft-wiwi.ms\/en\/wp-json\/wp\/v2\/pages\/26219","targetHints":{"allow":["GET"]}}],"collection":[{"href":"https:\/\/fachschaft-wiwi.ms\/en\/wp-json\/wp\/v2\/pages"}],"about":[{"href":"https:\/\/fachschaft-wiwi.ms\/en\/wp-json\/wp\/v2\/types\/page"}],"author":[{"embeddable":true,"href":"https:\/\/fachschaft-wiwi.ms\/en\/wp-json\/wp\/v2\/users\/17"}],"replies":[{"embeddable":true,"href":"https:\/\/fachschaft-wiwi.ms\/en\/wp-json\/wp\/v2\/comments?post=26219"}],"version-history":[{"count":67,"href":"https:\/\/fachschaft-wiwi.ms\/en\/wp-json\/wp\/v2\/pages\/26219\/revisions"}],"predecessor-version":[{"id":29889,"href":"https:\/\/fachschaft-wiwi.ms\/en\/wp-json\/wp\/v2\/pages\/26219\/revisions\/29889"}],"wp:attachment":[{"href":"https:\/\/fachschaft-wiwi.ms\/en\/wp-json\/wp\/v2\/media?parent=26219"}],"curies":[{"name":"wp","href":"https:\/\/api.w.org\/{rel}","templated":true}]}}