{"id":26096,"date":"2020-07-31T15:43:07","date_gmt":"2020-07-31T13:43:07","guid":{"rendered":"https:\/\/fachschaft-wiwi.ms\/?page_id=26096"},"modified":"2024-09-01T12:31:01","modified_gmt":"2024-09-01T10:31:01","slug":"o-woche-ws-21-20","status":"publish","type":"page","link":"https:\/\/fachschaft-wiwi.ms\/en\/veranstaltungen\/o-woche\/o-woche-ws-21-20\/","title":{"rendered":"O-Woche WS 21\/20"},"content":{"rendered":"<p>[et_pb_section fb_built=&#8220;1&#8243; fullwidth=&#8220;on&#8220; _builder_version=&#8220;4.0.6&#8243;][et_pb_fullwidth_header title=&#8220;O-Woche&#8220; _builder_version=&#8220;4.0.6&#8243; use_background_color_gradient=&#8220;on&#8220; background_color_gradient_start=&#8220;rgba(27,52,88,0.71)&#8220; background_color_gradient_end=&#8220;rgba(27,52,88,0.71)&#8220; background_color_gradient_overlays_image=&#8220;on&#8220; background_image=&#8220;https:\/\/fachschaft-wiwi.ms\/wp-content\/uploads\/2019\/07\/DSC_2065.jpg&#8220; background_position=&#8220;top_left&#8220; custom_margin=&#8220;||-3px|||&#8220; custom_padding=&#8220;99px||79px|||&#8220;][\/et_pb_fullwidth_header][\/et_pb_section][et_pb_section fb_built=&#8220;1&#8243; _builder_version=&#8220;4.0.6&#8243; width=&#8220;100%&#8220; custom_margin=&#8220;-1px|||||&#8220; custom_padding=&#8220;0px|||||&#8220;][et_pb_row _builder_version=&#8220;4.5.1&#8243; _module_preset=&#8220;default&#8220;][et_pb_column type=&#8220;4_4&#8243; _builder_version=&#8220;4.5.1&#8243; _module_preset=&#8220;default&#8220;][et_pb_text _builder_version=&#8220;4.5.1&#8243; text_font=&#8220;||on|on|||||&#8220; text_font_size=&#8220;33px&#8220; locked=&#8220;off&#8220;]<\/p>\n<p style=\"text-align: center;\"><strong>\u00a0O-Woche Wintersemester 20\/21<br \/> <\/strong><\/p>\n<p>[\/et_pb_text][\/et_pb_column][\/et_pb_row][et_pb_row column_structure=&#8220;1_3,2_3&#8243; _builder_version=&#8220;4.5.1&#8243; _module_preset=&#8220;default&#8220; width=&#8220;72%&#8220; custom_padding=&#8220;|4px|0px|||&#8220;][et_pb_column type=&#8220;1_3&#8243; _builder_version=&#8220;4.5.1&#8243; _module_preset=&#8220;default&#8220;][et_pb_image src=&#8220;https:\/\/fachschaft-wiwi.ms\/wp-content\/uploads\/2020\/09\/O-Woche.jpeg&#8220; title_text=&#8220;O-Woche&#8220; _builder_version=&#8220;4.5.1&#8243; _module_preset=&#8220;default&#8220;][\/et_pb_image][\/et_pb_column][et_pb_column type=&#8220;2_3&#8243; _builder_version=&#8220;4.5.1&#8243; _module_preset=&#8220;default&#8220;][et_pb_text _builder_version=&#8220;4.5.1&#8243; _module_preset=&#8220;default&#8220; custom_margin=&#8220;||52px|||&#8220;]<\/p>\n<p>&nbsp;<\/p>\n<p>Die O-Woche dient zur Orientierung, zum Leute kennenlernen, zum Spa\u00df haben und von \u00e4lteren Semestern den ein oder anderen Tipp zu bekommen. Das alles wollen wir Euch im Winter nicht vorenthalten und deshalb findet die O-Woche statt!<\/p>\n<p>Aber ganz so einfach und locker wie in den vergangenen Jahren wird es leider nicht. Die O-Woche wird leicht verk\u00fcrzt vom <strong>27.10 bis zum 30.10 2020<\/strong> mit einigen Ver\u00e4nderungen stattfinden.<\/p>\n<p>Die Anmeldung f\u00fcr die O-Woche ist zuende. Wir freuen uns, dass wir soviele Anmeldungen erhalten haben. <strong><br \/> <\/strong><\/p>\n<p>&nbsp;<\/p>\n<p>Bei Fragen und Probleme schreibt uns unter owoche@fachschaft-wiwi.ms!<\/p>\n<p>[\/et_pb_text][\/et_pb_column][\/et_pb_row][et_pb_row _builder_version=&#8220;4.0.6&#8243; custom_margin=&#8220;|auto|-87px|auto||&#8220;][et_pb_column type=&#8220;4_4&#8243; _builder_version=&#8220;4.0.6&#8243;][et_pb_divider _builder_version=&#8220;4.0.6&#8243; custom_padding=&#8220;||0px|||&#8220;][\/et_pb_divider][\/et_pb_column][\/et_pb_row][et_pb_row column_structure=&#8220;1_2,1_2&#8243; _builder_version=&#8220;4.5.1&#8243; _module_preset=&#8220;default&#8220;][et_pb_column type=&#8220;1_2&#8243; _builder_version=&#8220;4.5.1&#8243; _module_preset=&#8220;default&#8220;][et_pb_accordion _builder_version=&#8220;4.5.1&#8243; _module_preset=&#8220;default&#8220;][et_pb_accordion_item title=&#8220;Infoveranstaltung &#8220; open=&#8220;on&#8220; _builder_version=&#8220;4.5.1&#8243; _module_preset=&#8220;default&#8220;]<\/p>\n<p>Die Infoveranstaltung bringt Euch einen kurzen und guten \u00dcberblick \u00fcber das Studium und an wen ihr euch bei Fragen und Probleme wenden k\u00f6nnt. Sie findet in verkleinerte Form <strong>am Dienstag, 27. Oktober 2020 digital statt.\u00a0<\/strong><\/p>\n<p>Statt wie urspr\u00fcnglich geplant, wird die Begr\u00fc\u00dfung online stattfinden.<\/p>\n<p>Auch das Rektorat m\u00f6chte sich Euch vorstellen. Es wird eine virtuelle Begr\u00fc\u00dfung am <strong>Mittwoch, 28.Oktober 2020 <\/strong>geben. Weitere Infos bekommt ihr auch nach der Anmeldung.<\/p>\n<p>[\/et_pb_accordion_item][et_pb_accordion_item title=&#8220;Learnweb-Kurs %22O-Woche WiWi FB4%22&#8243; _builder_version=&#8220;4.5.1&#8243; _module_preset=&#8220;default&#8220; open=&#8220;off&#8220;]<\/p>\n<p>Alle Infos f\u00fcr die O-Woche, eurer Studium und noch mehr findet ihr in dem Learnweb-Kurs unter <a href=\"https:\/\/sso.uni-muenster.de\/LearnWeb\/learnweb2\/course\/view.php?id=46600\" target=\"_blank\" rel=\"noopener noreferrer\">O-Woche FB4<\/a> . Hier findet ihr auch die Zoom-Links zu allen Meetings w\u00e4hrend der O-Woche.<\/p>\n<p>Loggt Euch mit eurer ZIV-Kennung ein, klickt auf &#8222;einschreiben&#8220; und schon seid ihr drin!<\/p>\n<p>[\/et_pb_accordion_item][et_pb_accordion_item title=&#8220;Links&#8220; _builder_version=&#8220;4.5.1&#8243; _module_preset=&#8220;default&#8220; open=&#8220;off&#8220;]<\/p>\n<p>Um keine Infos zu verpassen, schaut auch auf unsere Social-Media-Kan\u00e4le vorbei.<\/p>\n<p><a href=\"https:\/\/www.facebook.com\/groups\/wiwiersti2021\" target=\"_blank\" rel=\"noopener noreferrer\"><img loading=\"lazy\" decoding=\"async\" src=\"https:\/\/fachschaft-wiwi.ms\/wp-content\/uploads\/2020\/09\/Facebook_Logo_2019-300x300.png\" alt=\"\" class=\"wp-image-26176 alignnone size-medium\" width=\"55\" height=\"55\" \/><\/a><a href=\"https:\/\/www.instagram.com\/owoche.wiwi.ms\/?hl=de\" target=\"_blank\" rel=\"noopener noreferrer\"><img loading=\"lazy\" decoding=\"async\" src=\"https:\/\/fachschaft-wiwi.ms\/wp-content\/uploads\/2020\/09\/image003.png\" alt=\"\" class=\"wp-image-26175 alignnone size-full\" width=\"54\" height=\"54\" \/><\/a>\u00a0\u00a0\u00a0\u00a0\u00a0<\/p>\n<p>[\/et_pb_accordion_item][\/et_pb_accordion][\/et_pb_column][et_pb_column type=&#8220;1_2&#8243; _builder_version=&#8220;4.5.1&#8243; _module_preset=&#8220;default&#8220;][et_pb_accordion _builder_version=&#8220;4.5.1&#8243; _module_preset=&#8220;default&#8220;][et_pb_accordion_item title=&#8220;Online-Fahrplan&#8220; open=&#8220;on&#8220; _builder_version=&#8220;4.5.1&#8243; _module_preset=&#8220;default&#8220;]<\/p>\n<p>Anders als bisher geplant wird die O-Woche weitestgehend online stattfinden.<\/p>\n<p>Aber kein Grund f\u00fcr Traurigkeit, wir arbeiten bereits auf Hochtouren an einem neuen Online-Konzept.<\/p>\n<p>Wir k\u00f6nnen Euch jetzt schon ein bunter Mix aus Infos, Kennenlernen und dem ein oder anderen Kaltgetr\u00e4nk nach eurer Wahl versprechen.<\/p>\n<p>Weitere Infos erhalten ihr &#8211; wenn ihr euch angemeldet habt- in den n\u00e4chsten Tagen per E-Mail.<\/p>\n<p>[\/et_pb_accordion_item][et_pb_accordion_item title=&#8220;Was es in diesem Jahr  leider nicht gibt!&#8220; _builder_version=&#8220;4.5.1&#8243; _module_preset=&#8220;default&#8220; open=&#8220;off&#8220;]<\/p>\n<p>So sehr wir uns auch w\u00fcnschen, wir konnten nicht alles aus einer typischen O-Woche retten. Es werden <strong>keine O-Wochenpartys <\/strong>und auch <strong>keine<\/strong> <strong>Aasee-Rallye <\/strong>stattfinden.<\/p>\n<p>[\/et_pb_accordion_item][et_pb_accordion_item title=&#8220;Disclaimer&#8220; _builder_version=&#8220;4.5.1&#8243; _module_preset=&#8220;default&#8220; open=&#8220;off&#8220;]<\/p>\n<p>Wir planen alles mit gr\u00f6\u00dfter Sorgfalt, um keinen unn\u00f6tig zu gef\u00e4hrden und trotzdem euch eine gute Zeit zu verschaffen. Das alles ist nur mit Vorsicht m\u00f6glich, aber wir haben f\u00fcr Euch ein gutes Programm erstellt.<\/p>\n<p>Aber leider k\u00f6nnen wir nicht in die Zukunft sehen. Daher kann es zu kurzfristigen \u00c4nderungen im Ablauf kommen. \u00dcber das werden wir Euch nat\u00fcrlich auf allen gewohnten Kan\u00e4len informieren!<\/p>\n<p>[\/et_pb_accordion_item][\/et_pb_accordion][\/et_pb_column][\/et_pb_row][et_pb_row _builder_version=&#8220;4.5.1&#8243; _module_preset=&#8220;default&#8220; min_height=&#8220;68px&#8220; custom_margin=&#8220;-1px|auto||auto||&#8220; custom_padding=&#8220;||0px|||&#8220;][et_pb_column type=&#8220;4_4&#8243; _builder_version=&#8220;4.5.1&#8243; _module_preset=&#8220;default&#8220;][et_pb_divider _builder_version=&#8220;4.0.6&#8243; min_height=&#8220;2px&#8220; custom_padding=&#8220;||0px|||&#8220;][\/et_pb_divider][\/et_pb_column][\/et_pb_row][et_pb_row column_structure=&#8220;3_5,2_5&#8243; _builder_version=&#8220;4.5.1&#8243; _module_preset=&#8220;default&#8220; min_height=&#8220;41px&#8220; custom_padding=&#8220;0px||2px|||&#8220;][et_pb_column type=&#8220;3_5&#8243; _builder_version=&#8220;4.5.1&#8243; _module_preset=&#8220;default&#8220;][et_pb_text _builder_version=&#8220;4.5.1&#8243; _module_preset=&#8220;default&#8220; custom_margin=&#8220;3px|||||&#8220;]<\/p>\n<p>Fragen \u00fcber Fragen?\u00a0 Hier sind unsere Antworten zu den h\u00e4ufigsten Fragen :<\/p>\n<p>[\/et_pb_text][\/et_pb_column][et_pb_column type=&#8220;2_5&#8243; _builder_version=&#8220;4.5.1&#8243; _module_preset=&#8220;default&#8220;][et_pb_button button_url=&#8220;@ET-DC@eyJkeW5hbWljIjp0cnVlLCJjb250ZW50IjoicG9zdF9saW5rX3VybF9wb3N0Iiwic2V0dGluZ3MiOnsicG9zdF9pZCI6IjI2MTk5In19@&#8220; button_text=&#8220;FAQs&#8220; button_alignment=&#8220;center&#8220; _builder_version=&#8220;4.5.1&#8243; _dynamic_attributes=&#8220;button_url&#8220; _module_preset=&#8220;default&#8220; custom_button=&#8220;on&#8220; button_text_color=&#8220;#1b3458&#8243;][\/et_pb_button][\/et_pb_column][\/et_pb_row][et_pb_row _builder_version=&#8220;4.5.1&#8243; _module_preset=&#8220;default&#8220; custom_padding=&#8220;||0px|||&#8220;][et_pb_column type=&#8220;4_4&#8243; _builder_version=&#8220;4.5.1&#8243; _module_preset=&#8220;default&#8220;][et_pb_divider _builder_version=&#8220;4.5.1&#8243; _module_preset=&#8220;default&#8220;][\/et_pb_divider][\/et_pb_column][\/et_pb_row][et_pb_row column_structure=&#8220;1_2,1_2&#8243; _builder_version=&#8220;4.5.1&#8243; _module_preset=&#8220;default&#8220; custom_margin=&#8220;-1px|auto||auto||&#8220; custom_padding=&#8220;36px|||||&#8220;][et_pb_column type=&#8220;1_2&#8243; _builder_version=&#8220;4.5.1&#8243; _module_preset=&#8220;default&#8220;][et_pb_text _builder_version=&#8220;4.5.1&#8243; _module_preset=&#8220;default&#8220; min_height=&#8220;333px&#8220; custom_padding=&#8220;|23px||||&#8220;]<\/p>\n<p>Hey zusammen,<\/p>\n<p>Wir\u00a0 sind das aktuelle O-Wochen-Team und sind daf\u00fcr da euch eine geile O-Woche in diesem Wintersemster zu organisieren und damit den Studienstart in M\u00fcnster zu erleichtern.\u00a0<\/p>\n<p>Trotz Corona haben wir euch ein buntes Programm zustammengestellt und hoffen, dass ihr einen unvergesslichen Start erleben werdet.<\/p>\n<p>Wir freuen uns riesig, euch bald vor Ort oder digital kennenzulernen!<\/p>\n<p>Janine, Sandra und Marei,<\/p>\n<p>&nbsp;<\/p>\n<p>&nbsp;<\/p>\n<p>&nbsp;<\/p>\n<p>[\/et_pb_text][\/et_pb_column][et_pb_column type=&#8220;1_2&#8243; _builder_version=&#8220;4.5.1&#8243; _module_preset=&#8220;default&#8220;][et_pb_image src=&#8220;https:\/\/fachschaft-wiwi.ms\/wp-content\/uploads\/2020\/09\/DSC_0158-scaled.jpg&#8220; title_text=&#8220;DSC_0158&#8243; _builder_version=&#8220;4.5.1&#8243; _module_preset=&#8220;default&#8220;][\/et_pb_image][\/et_pb_column][\/et_pb_row][et_pb_row _builder_version=&#8220;4.5.1&#8243; _module_preset=&#8220;default&#8220;][et_pb_column type=&#8220;4_4&#8243; _builder_version=&#8220;4.5.1&#8243; _module_preset=&#8220;default&#8220;][et_pb_button button_url=&#8220;@ET-DC@eyJkeW5hbWljIjp0cnVlLCJjb250ZW50IjoicG9zdF9saW5rX3VybF9wYWdlIiwic2V0dGluZ3MiOnsicG9zdF9pZCI6IjI1NDk1In19@&#8220; button_text=&#8220;Zur\u00fcck&#8220; button_alignment=&#8220;center&#8220; _builder_version=&#8220;4.5.1&#8243; _dynamic_attributes=&#8220;button_url&#8220; _module_preset=&#8220;default&#8220; custom_button=&#8220;on&#8220; button_text_color=&#8220;#001c44&#8243;][\/et_pb_button][\/et_pb_column][\/et_pb_row][\/et_pb_section][et_pb_section fb_built=&#8220;1&#8243; _builder_version=&#8220;3.27.4&#8243; background_color=&#8220;#1b3458&#8243; custom_padding=&#8220;0px||20px|||&#8220; saved_tabs=&#8220;all&#8220;][et_pb_row column_structure=&#8220;1_2,1_4,1_4&#8243; use_custom_gutter=&#8220;on&#8220; gutter_width=&#8220;2&#8243; padding_mobile=&#8220;on&#8220; column_padding_mobile=&#8220;on&#8220; admin_label=&#8220;Row&#8220; _builder_version=&#8220;3.27.2&#8243; background_size=&#8220;initial&#8220; background_position=&#8220;top_left&#8220; background_repeat=&#8220;repeat&#8220; min_height=&#8220;128px&#8220; custom_padding=&#8220;50px||0px|||&#8220; make_fullwidth=&#8220;off&#8220; use_custom_width=&#8220;off&#8220; width_unit=&#8220;on&#8220;][et_pb_column type=&#8220;1_2&#8243; _builder_version=&#8220;3.25&#8243; custom_padding=&#8220;|||&#8220; custom_padding__hover=&#8220;|||&#8220;][et_pb_text admin_label=&#8220;Text&#8220; _builder_version=&#8220;3.27.4&#8243; text_font=&#8220;|700|||||||&#8220; text_text_color=&#8220;#ffffff&#8220; text_font_size=&#8220;28&#8243; text_line_height=&#8220;1.4em&#8220; header_font_size=&#8220;25px&#8220; background_size=&#8220;initial&#8220; background_position=&#8220;top_left&#8220; background_repeat=&#8220;repeat&#8220; custom_margin=&#8220;||8px|&#8220; custom_padding=&#8220;|0px||||&#8220; custom_css_main_element=&#8220;font-weight: 900;&#8220; use_border_color=&#8220;off&#8220; border_color=&#8220;#ffffff&#8220; border_style=&#8220;solid&#8220;]<\/p>\n<h1><span style=\"color: #ffffff;\">Fachschaft WiWi Uni M\u00fcnster<\/span><\/h1>\n<p>[\/et_pb_text][et_pb_text admin_label=&#8220;Text&#8220; _builder_version=&#8220;4.9.4&#8243; text_font=&#8220;Source Sans Pro|||on|||||&#8220; text_text_color=&#8220;#ffffff&#8220; text_font_size=&#8220;12&#8243; text_line_height=&#8220;1.5em&#8220; background_size=&#8220;initial&#8220; background_position=&#8220;top_left&#8220; background_repeat=&#8220;repeat&#8220; max_width=&#8220;300px&#8220; custom_padding=&#8220;0px|||&#8220; hover_enabled=&#8220;0&#8243; use_border_color=&#8220;off&#8220; border_color=&#8220;#ffffff&#8220; border_style=&#8220;solid&#8220; sticky_enabled=&#8220;0&#8243;]<\/p>\n<p><span style=\"font-size: 12px;\">Universit\u00e4tsstrasse 18<\/span><\/p>\n<p class=\"p-adr h-adr\"><span class=\"p-postal-code\">48143<\/span>\u00a0<span class=\"p-locality\">M\u00fcnster<\/span><\/p>\n<p><span style=\"color: #ffffff;\">\u00a9 2019 F\u00f6rderverein Fachschaft WiWi e.V.<\/span><\/p>\n<p>[\/et_pb_text][\/et_pb_column][et_pb_column type=&#8220;1_4&#8243; _builder_version=&#8220;3.25&#8243; custom_padding=&#8220;|||&#8220; custom_padding__hover=&#8220;|||&#8220;][et_pb_text admin_label=&#8220;Text&#8220; _builder_version=&#8220;3.27.4&#8243; text_font=&#8220;Source Sans Pro|on|||&#8220; text_text_color=&#8220;#666666&#8243; text_font_size=&#8220;18&#8243; text_line_height=&#8220;1.4em&#8220; background_size=&#8220;initial&#8220; background_position=&#8220;top_left&#8220; background_repeat=&#8220;repeat&#8220; custom_margin=&#8220;||8px|&#8220; use_border_color=&#8220;off&#8220; border_color=&#8220;#ffffff&#8220; border_style=&#8220;solid&#8220;]<\/p>\n<p><span style=\"color: #ffffff;\">Sonstiges<\/span><\/p>\n<p>[\/et_pb_text][et_pb_text admin_label=&#8220;Text&#8220; _builder_version=&#8220;3.27.4&#8243; text_font=&#8220;Source Sans Pro||||&#8220; text_text_color=&#8220;#ffffff&#8220; text_font_size=&#8220;18&#8243; text_line_height=&#8220;2.2em&#8220; background_size=&#8220;initial&#8220; background_position=&#8220;top_left&#8220; background_repeat=&#8220;repeat&#8220; custom_padding=&#8220;0px|||&#8220; use_border_color=&#8220;off&#8220; border_color=&#8220;#ffffff&#8220; border_style=&#8220;solid&#8220;]<\/p>\n<p><a href=\"https:\/\/www.uni-muenster.de\/de\/\" target=\"_blank\" rel=\"noopener noreferrer\"><span style=\"color: #ffffff;\">Uni M\u00fcnster<\/span><\/a><br \/><a href=\"https:\/\/www.wiwi.uni-muenster.de\/\" target=\"_blank\" rel=\"noopener noreferrer\"><span style=\"color: #ffffff;\"> Fachbereich WIWI<\/span><\/a><br \/><span style=\"color: #ffffff;\"> <a style=\"color: #ffffff; outline-width: 0px !important; user-select: auto !important;\" href=\"faq\">FAQ<\/a><\/span><br \/><a href=\"https:\/\/fachschaft-wiwi.ms\/privacy-policy\/\"><span style=\"color: #ffffff;\"> Impressum &amp; Datenschutz<\/span><\/a><\/p>\n<p>[\/et_pb_text][\/et_pb_column][et_pb_column type=&#8220;1_4&#8243; _builder_version=&#8220;3.25&#8243; custom_padding=&#8220;|||&#8220; custom_padding__hover=&#8220;|||&#8220;][et_pb_text admin_label=&#8220;Text&#8220; _builder_version=&#8220;3.27.4&#8243; text_font=&#8220;Source Sans Pro|on|||&#8220; text_text_color=&#8220;#666666&#8243; text_font_size=&#8220;18&#8243; text_line_height=&#8220;1.4em&#8220; background_size=&#8220;initial&#8220; background_position=&#8220;top_left&#8220; background_repeat=&#8220;repeat&#8220; custom_margin=&#8220;||8px|&#8220; use_border_color=&#8220;off&#8220; border_color=&#8220;#ffffff&#8220; border_style=&#8220;solid&#8220;]<\/p>\n<p><span style=\"color: #ffffff;\">Social Media<\/span><\/p>\n<p>[\/et_pb_text][et_pb_gallery gallery_ids=&#8220;1128,1132,1129,1131,1133,1142&#8243; fullwidth=&#8220;on&#8220; admin_label=&#8220;Gallery&#8220; _builder_version=&#8220;3.0.87&#8243; caption_all_caps=&#8220;off&#8220; background_layout=&#8220;dark&#8220; use_border_color=&#8220;off&#8220; border_color=&#8220;#ffffff&#8220; border_style=&#8220;solid&#8220;][\/et_pb_gallery][et_pb_social_media_follow icon_color=&#8220;#ffffff&#8220; _builder_version=&#8220;3.27.4&#8243; custom_button=&#8220;on&#8220; button_text_color=&#8220;#ffffff&#8220; button_font=&#8220;||||||||&#8220;][et_pb_social_media_follow_network social_network=&#8220;facebook&#8220; url=&#8220;https:\/\/www.facebook.com\/fachschaftwiwi.ms\/&#8220; _builder_version=&#8220;3.27.4&#8243; background_color=&#8220;#3b5998&#8243; follow_button=&#8220;off&#8220; url_new_window=&#8220;on&#8220;]facebook[\/et_pb_social_media_follow_network][et_pb_social_media_follow_network social_network=&#8220;instagram&#8220; url=&#8220;https:\/\/www.instagram.com\/fachschaft.wiwi.ms\/&#8220; _builder_version=&#8220;3.27.4&#8243; background_color=&#8220;#ea2c59&#8243; follow_button=&#8220;off&#8220; url_new_window=&#8220;on&#8220;]instagram[\/et_pb_social_media_follow_network][\/et_pb_social_media_follow][et_pb_text admin_label=&#8220;Text&#8220; _builder_version=&#8220;3.27.4&#8243; text_font=&#8220;Source Sans Pro|on|||&#8220; text_text_color=&#8220;#666666&#8243; text_font_size=&#8220;18&#8243; text_line_height=&#8220;1.4em&#8220; background_size=&#8220;initial&#8220; background_position=&#8220;top_left&#8220; background_repeat=&#8220;repeat&#8220; custom_margin=&#8220;||8px|&#8220; use_border_color=&#8220;off&#8220; border_color=&#8220;#ffffff&#8220; border_style=&#8220;solid&#8220;]<\/p>\n<p><span style=\"color: #ffffff;\">Hosted by<\/span><\/p>\n<p>[\/et_pb_text][et_pb_image src=&#8220;https:\/\/fachschaft-wiwi.ms\/wp-content\/uploads\/2019\/07\/raidboxes-logo.png&#8220; url=&#8220;https:\/\/raidboxes.de\/&#8220; _builder_version=&#8220;3.25.4&#8243; width=&#8220;72%&#8220;][\/et_pb_image][\/et_pb_column][\/et_pb_row][\/et_pb_section]<\/p>\n","protected":false},"excerpt":{"rendered":"<p>\u00a0O-Woche Wintersemester 20\/21 &nbsp; Die O-Woche dient zur Orientierung, zum Leute kennenlernen, zum Spa\u00df haben und von \u00e4lteren Semestern den ein oder anderen Tipp zu bekommen. Das alles wollen wir Euch im Winter nicht vorenthalten und deshalb findet die O-Woche statt! Aber ganz so einfach und locker wie in den vergangenen Jahren wird es leider [&hellip;]<\/p>\n","protected":false},"author":3,"featured_media":0,"parent":29053,"menu_order":0,"comment_status":"closed","ping_status":"closed","template":"","meta":{"_et_pb_use_builder":"on","_et_pb_old_content":"","_et_gb_content_width":"","footnotes":""},"class_list":["post-26096","page","type-page","status-publish","hentry"],"_links":{"self":[{"href":"https:\/\/fachschaft-wiwi.ms\/en\/wp-json\/wp\/v2\/pages\/26096","targetHints":{"allow":["GET"]}}],"collection":[{"href":"https:\/\/fachschaft-wiwi.ms\/en\/wp-json\/wp\/v2\/pages"}],"about":[{"href":"https:\/\/fachschaft-wiwi.ms\/en\/wp-json\/wp\/v2\/types\/page"}],"author":[{"embeddable":true,"href":"https:\/\/fachschaft-wiwi.ms\/en\/wp-json\/wp\/v2\/users\/3"}],"replies":[{"embeddable":true,"href":"https:\/\/fachschaft-wiwi.ms\/en\/wp-json\/wp\/v2\/comments?post=26096"}],"version-history":[{"count":28,"href":"https:\/\/fachschaft-wiwi.ms\/en\/wp-json\/wp\/v2\/pages\/26096\/revisions"}],"predecessor-version":[{"id":26754,"href":"https:\/\/fachschaft-wiwi.ms\/en\/wp-json\/wp\/v2\/pages\/26096\/revisions\/26754"}],"up":[{"embeddable":true,"href":"https:\/\/fachschaft-wiwi.ms\/en\/wp-json\/wp\/v2\/pages\/29053"}],"wp:attachment":[{"href":"https:\/\/fachschaft-wiwi.ms\/en\/wp-json\/wp\/v2\/media?parent=26096"}],"curies":[{"name":"wp","href":"https:\/\/api.w.org\/{rel}","templated":true}]}}