{"id":25936,"date":"2020-05-08T11:17:04","date_gmt":"2020-05-08T09:17:04","guid":{"rendered":"https:\/\/fachschaft-wiwi.ms\/?page_id=25936"},"modified":"2023-11-19T18:42:34","modified_gmt":"2023-11-19T17:42:34","slug":"verteilerrichtlinie","status":"publish","type":"page","link":"https:\/\/fachschaft-wiwi.ms\/en\/verteilerrichtlinie\/","title":{"rendered":"Distribution policy"},"content":{"rendered":"<p>[et_pb_section fb_built=&#8220;1&#8243; _builder_version=&#8220;4.16&#8243; global_colors_info=&#8220;{}&#8220;][et_pb_row _builder_version=&#8220;4.16&#8243; global_colors_info=&#8220;{}&#8220;][et_pb_column type=&#8220;4_4&#8243; _builder_version=&#8220;4.16&#8243; global_colors_info=&#8220;{}&#8220;][et_pb_text _builder_version=&#8220;4.16&#8243; global_colors_info=&#8220;{}&#8220;]<\/p>\n<h2>Verteilerrichtlinie<\/h2>\n<p><strong style=\"font-size: 14px;\">Informationsverteiler der Fachschaft f\u00fcr die Studierenden der\u00a0Wirtschaftswissenschaftlichen Fakult\u00e4t<\/strong><\/p>\n<p><strong style=\"font-size: 14px;\"><\/strong><\/p>\n<div class=\"content\">\n<div class=\"field field-name-body field-type-text-with-summary field-label-hidden\">\n<div class=\"field-items\">\n<div class=\"field-item even\" property=\"content:encoded\">\n<p><strong>Kontakt<\/strong><\/p>\n<p>Ein Kontakt zur Fachschaft ist \u00fcber <a href=\"http:\/\/emailto:fachschaft@wiwi.uni-muenster.de\/\">fachschaft@wiwi.uni-muenster.de<\/a> oder \u00fcber die\u00a0Internetseite <a href=\"https:\/\/fachschaft-wiwi.ms\">https:\/\/fachschaft-wiwi.ms<\/a>\u00a0m\u00f6glich.<\/p>\n<p>&nbsp;<\/p>\n<p><strong style=\"font-size: 14px;\">Verwendung<\/strong><\/p>\n<p>Nur die Fachschaft kann Nachrichten an diesen Verteiler schicken. Bei Fragen oder Antworten\u00a0verwenden Sie bitte die oben angegebenen Kontaktm\u00f6glichkeiten. Die Fachschaft verwendet\u00a0diesen Verteiler anhand der folgenden Richtlinien.<\/p>\n<p>&nbsp;<\/p>\n<p><strong>Datenschutzhinweis<\/strong><\/p>\n<p>Die E-Mail- Adressen werden nicht an die Fachschaft oder einzelne Mitglieder weitergegeben, da\u00a0der Verteiler automatisch anhand von bestimmten Kriterien, die beim Studierendensekretariat\u00a0gespeichert sind, vom ZIV erstellt und betreut wird. Grundlage bildet ein Beschluss der IV-Kommission des Senats, der hier eingesehen werden kann: <a href=\"http:\/\/www.uni-muenster.de\/ZIV\/DasZIV\/Ordnungen\/index.html\">http:\/\/www.uni-muenster.de\/ZIV\/DasZIV\/Ordnungen\/index.html<\/a> (unter Einrichtungen und Gremien der IV).<\/p>\n<p>&nbsp;<\/p>\n<p><strong>Mitgliedschaft<\/strong><\/p>\n<p>Dieser Verteiler wird automatisch erstellt und die Mitglieder anhand von definierten Kriterien\u00a0aufgenommen. Eine manuelle Aufnahme ist daher nicht m\u00f6glich.\u00a0Jedes Mitglied kann die Mitgliedschaft \u00fcber MeinZIV steuern, sich also aus- und wieder\u00a0eintragen. Au\u00dferdem kann hier dauerhaft festgelegt werden, dass Mitgliedschaften auf den\u00a0Verteilern der Fachschaft nicht gew\u00fcnscht sind.<\/p>\n<p>&nbsp;<\/p>\n<p><strong>Verwendungsrichtlinie<\/strong><\/p>\n<p>Die von der Fachschaft WiWi genutzten E-Mail- Verteiler werden ausschlie\u00dflich und\u00a0verantwortungsvoll f\u00fcr Inhalte verwendet,<\/p>\n<ul>\n<li>\u00a0die direkt mit der Arbeit der Fachschaft zusammenh\u00e4ngen, z. B. Ank\u00fcndigungen zu Info-Veranstaltungen der Fachschaft, Informationen f\u00fcr Erstsemester, Hinweise zur Evaluation oder eigenen Umfragen,<\/li>\n<li>\u00a0die uns vom AStA oder dem Studierendenparlamant (StuPa) zur Verf\u00fcgung gestellt\u00a0werden und einen direkten Bezug zum Studium haben,<\/li>\n<li>\u00a0die die Studien- und\/oder Pr\u00fcfungsordnungen betreffen.<\/li>\n<\/ul>\n<p>Wir werden die Verteiler nicht nutzen f\u00fcr<\/p>\n<ul>\n<li>\u00a0die Weiterleitung von Anfragen zur Teilnahme an Studien und Umfragen,<\/li>\n<li>\u00a0Werbung.<\/li>\n<\/ul>\n<\/div>\n<\/div>\n<\/div>\n<\/div>\n<p>[\/et_pb_text][\/et_pb_column][\/et_pb_row][\/et_pb_section]<\/p>\n","protected":false},"excerpt":{"rendered":"<p>Verteilerrichtlinie Informationsverteiler der Fachschaft f\u00fcr die Studierenden der\u00a0Wirtschaftswissenschaftlichen Fakult\u00e4t Kontakt Ein Kontakt zur Fachschaft ist \u00fcber fachschaft@wiwi.uni-muenster.de oder \u00fcber die\u00a0Internetseite https:\/\/fachschaft-wiwi.ms\u00a0m\u00f6glich. &nbsp; Verwendung Nur die Fachschaft kann Nachrichten an diesen Verteiler schicken. Bei Fragen oder Antworten\u00a0verwenden Sie bitte die oben angegebenen Kontaktm\u00f6glichkeiten. Die Fachschaft verwendet\u00a0diesen Verteiler anhand der folgenden Richtlinien. &nbsp; Datenschutzhinweis Die E-Mail- Adressen [&hellip;]<\/p>\n","protected":false},"author":7,"featured_media":0,"parent":0,"menu_order":0,"comment_status":"closed","ping_status":"closed","template":"","meta":{"_et_pb_use_builder":"on","_et_pb_old_content":"","_et_gb_content_width":"","footnotes":""},"class_list":["post-25936","page","type-page","status-publish","hentry"],"_links":{"self":[{"href":"https:\/\/fachschaft-wiwi.ms\/en\/wp-json\/wp\/v2\/pages\/25936","targetHints":{"allow":["GET"]}}],"collection":[{"href":"https:\/\/fachschaft-wiwi.ms\/en\/wp-json\/wp\/v2\/pages"}],"about":[{"href":"https:\/\/fachschaft-wiwi.ms\/en\/wp-json\/wp\/v2\/types\/page"}],"author":[{"embeddable":true,"href":"https:\/\/fachschaft-wiwi.ms\/en\/wp-json\/wp\/v2\/users\/7"}],"replies":[{"embeddable":true,"href":"https:\/\/fachschaft-wiwi.ms\/en\/wp-json\/wp\/v2\/comments?post=25936"}],"version-history":[{"count":15,"href":"https:\/\/fachschaft-wiwi.ms\/en\/wp-json\/wp\/v2\/pages\/25936\/revisions"}],"predecessor-version":[{"id":28275,"href":"https:\/\/fachschaft-wiwi.ms\/en\/wp-json\/wp\/v2\/pages\/25936\/revisions\/28275"}],"wp:attachment":[{"href":"https:\/\/fachschaft-wiwi.ms\/en\/wp-json\/wp\/v2\/media?parent=25936"}],"curies":[{"name":"wp","href":"https:\/\/api.w.org\/{rel}","templated":true}]}}