{"id":25656,"date":"2025-10-22T15:35:59","date_gmt":"2025-10-22T13:35:59","guid":{"rendered":"https:\/\/fachschaft-wiwi.ms\/?page_id=25656"},"modified":"2025-11-03T17:26:04","modified_gmt":"2025-11-03T16:26:04","slug":"faq","status":"publish","type":"page","link":"https:\/\/fachschaft-wiwi.ms\/en\/veranstaltungen\/abschlussfeier\/faq\/","title":{"rendered":"FAQ zur Abschlussfeier"},"content":{"rendered":"<p>[et_pb_section fb_built=&#8220;1&#8243; _builder_version=&#8220;4.24.0&#8243; _dynamic_attributes=&#8220;background_image&#8220; _module_preset=&#8220;default&#8220; use_background_color_gradient=&#8220;on&#8220; background_color_gradient_stops=&#8220;rgba(27,52,88,0.75) 0%|rgba(27,52,88,0.75) 100%&#8220; background_color_gradient_overlays_image=&#8220;on&#8220; background_image=&#8220;@ET-DC@eyJkeW5hbWljIjp0cnVlLCJjb250ZW50IjoicG9zdF9mZWF0dXJlZF9pbWFnZSIsInNldHRpbmdzIjp7fX0=@&#8220; global_module=&#8220;28574&#8243; saved_tabs=&#8220;all&#8220; locked=&#8220;on&#8220; global_colors_info=&#8220;{}&#8220;][et_pb_row _builder_version=&#8220;4.24.0&#8243; _module_preset=&#8220;default&#8220; global_colors_info=&#8220;{}&#8220;][et_pb_column type=&#8220;4_4&#8243; _builder_version=&#8220;4.23.1&#8243; _module_preset=&#8220;default&#8220; global_colors_info=&#8220;{}&#8220;][et_pb_text _builder_version=&#8220;4.27.0&#8243; _dynamic_attributes=&#8220;content&#8220; _module_preset=&#8220;default&#8220; header_text_color=&#8220;#FFFFFF&#8220; custom_margin=&#8220;||-4px||false|false&#8220; global_colors_info=&#8220;{}&#8220;]@ET-DC@eyJkeW5hbWljIjp0cnVlLCJjb250ZW50IjoicG9zdF90aXRsZSIsInNldHRpbmdzIjp7ImJlZm9yZSI6IjxoMT4iLCJhZnRlciI6IjwvaDE+In19@[\/et_pb_text][\/et_pb_column][\/et_pb_row][\/et_pb_section][et_pb_section fb_built=&#8220;1&#8243; _builder_version=&#8220;4.27.2&#8243; custom_padding=&#8220;64px|||||&#8220; global_colors_info=&#8220;{}&#8220;][et_pb_row column_structure=&#8220;1_3,1_3,1_3&#8243; _builder_version=&#8220;4.16&#8243; custom_margin=&#8220;2.5px|auto|2.5em|auto|false|false&#8220; custom_padding=&#8220;0.75em||0.75em||true|false&#8220; border_width_top=&#8220;2px&#8220; border_color_top=&#8220;rgba(27,52,88,0.25)&#8220; border_width_bottom=&#8220;2px&#8220; border_color_bottom=&#8220;rgba(27,52,88,0.25)&#8220; locked=&#8220;off&#8220; global_colors_info=&#8220;{}&#8220;][et_pb_column type=&#8220;1_3&#8243; _builder_version=&#8220;4.16&#8243; global_colors_info=&#8220;{}&#8220;][et_pb_button button_url=&#8220;@ET-DC@eyJkeW5hbWljIjp0cnVlLCJjb250ZW50IjoicG9zdF9saW5rX3VybF9wYWdlIiwic2V0dGluZ3MiOnsicG9zdF9pZCI6IjI1NTkxIn19@&#8220; button_text=&#8220;Startseite&#8220; button_alignment=&#8220;center&#8220; _builder_version=&#8220;4.23.1&#8243; _dynamic_attributes=&#8220;button_url&#8220; _module_preset=&#8220;default&#8220; global_colors_info=&#8220;{}&#8220;][\/et_pb_button][\/et_pb_column][et_pb_column type=&#8220;1_3&#8243; _builder_version=&#8220;4.16&#8243; global_colors_info=&#8220;{}&#8220;][et_pb_button button_url=&#8220;https:\/\/absolventenfeier.fachschaft-wiwi.ms&#8220; url_new_window=&#8220;on&#8220; button_text=&#8220;Anmeldung&#8220; button_alignment=&#8220;center&#8220; _builder_version=&#8220;4.23.1&#8243; _module_preset=&#8220;default&#8220; button_icon=&#8220;&#xf35d;||fa||900&#8243; button_icon_color=&#8220;#FFFFFF&#8220; locked=&#8220;off&#8220; global_colors_info=&#8220;{}&#8220;][\/et_pb_button][\/et_pb_column][et_pb_column type=&#8220;1_3&#8243; _builder_version=&#8220;4.16&#8243; global_colors_info=&#8220;{}&#8220;][et_pb_button button_url=&#8220;@ET-DC@eyJkeW5hbWljIjp0cnVlLCJjb250ZW50IjoicG9zdF9saW5rX3VybF9wYWdlIiwic2V0dGluZ3MiOnsicG9zdF9pZCI6IjI2NjkzIn19@&#8220; button_text=&#8220;Sponsoren&#8220; button_alignment=&#8220;center&#8220; _builder_version=&#8220;4.23.1&#8243; _dynamic_attributes=&#8220;button_url&#8220; _module_preset=&#8220;default&#8220; global_colors_info=&#8220;{}&#8220;][\/et_pb_button][\/et_pb_column][\/et_pb_row][et_pb_row _builder_version=&#8220;4.21.2&#8243; custom_padding=&#8220;||2px|||&#8220; global_colors_info=&#8220;{}&#8220;][et_pb_column type=&#8220;4_4&#8243; _builder_version=&#8220;4.16&#8243; global_colors_info=&#8220;{}&#8220;][et_pb_text _builder_version=&#8220;4.21.2&#8243; custom_margin=&#8220;||-2px|||&#8220; custom_padding=&#8220;||0px|||&#8220; global_colors_info=&#8220;{}&#8220;]<\/p>\n<h2><strong>Anmeldung<\/strong><\/h2>\n<p>[\/et_pb_text][\/et_pb_column][\/et_pb_row][et_pb_row column_structure=&#8220;1_2,1_2&#8243; _builder_version=&#8220;4.16&#8243; global_colors_info=&#8220;{}&#8220;][et_pb_column type=&#8220;1_2&#8243; _builder_version=&#8220;4.16&#8243; global_colors_info=&#8220;{}&#8220;][et_pb_text _builder_version=&#8220;4.27.2&#8243; global_colors_info=&#8220;{}&#8220;]<\/p>\n<p><strong>Wie melde ich mich f\u00fcr die Abschlussfeier an?<\/strong><\/p>\n<p>[\/et_pb_text][\/et_pb_column][et_pb_column type=&#8220;1_2&#8243; _builder_version=&#8220;4.16&#8243; global_colors_info=&#8220;{}&#8220;][et_pb_text _builder_version=&#8220;4.27.2&#8243; custom_padding=&#8220;||0px|||&#8220; global_colors_info=&#8220;{}&#8220;]<\/p>\n<p><strong>Schritt 1: Registrierung<\/strong><\/p>\n<p>Zun\u00e4chst musst du dich auf der <a href=\"https:\/\/absolventenfeier.fachschaft-wiwi.ms\">Anmeldeseite<\/a> registrieren, gibt hier bitte deine korrekten Daten ein! Bitte verwende nur eine E-Mail-Adresse, auf die du bis zur Abschlussfeier und danach noch Zugriff haben wirst (m\u00f6glichst keine Uni-E-Mail). <span style=\"text-decoration: underline;\">Eine Registrierung ist nicht die Anmeldung zur Feier!<\/span><\/p>\n<p><strong>Schritt 2: Anmeldung<\/strong><\/p>\n<p>Mit dem Account kannst du dich nun im Anmeldezeitraum zur Abschlussfeier anmelden. Achte darauf, dich korrekterweise f\u00fcr die Bachelor- oder Masterveranstaltung anzumelden.<\/p>\n<p><strong>Schritt 3: Karten bestellen<\/strong><\/p>\n<p>Zu einem sp\u00e4teren Zeitpunkt (ein paar Tage nach dem Anmeldezeitraum) musst du dort auch deine Karten bestellen, um an der Feier teilzunehmen. Genauere Informationen kommen nach dem Anmeldezeitraum per Mail.<br \/><span style=\"text-decoration: underline;\">Du kannst nur Karten bestellen, wenn du dich davor auch angemeldet hast!!!<\/span><\/p>\n<p>[\/et_pb_text][\/et_pb_column][\/et_pb_row][et_pb_row column_structure=&#8220;1_2,1_2&#8243; _builder_version=&#8220;4.16&#8243; global_colors_info=&#8220;{}&#8220;][et_pb_column type=&#8220;1_2&#8243; _builder_version=&#8220;4.16&#8243; global_colors_info=&#8220;{}&#8220;][et_pb_text _builder_version=&#8220;4.16&#8243; global_colors_info=&#8220;{}&#8220;]<\/p>\n<p><strong>Mitmachen trotz offener Studienleistungen oder Zeugnis bereits erhalten?<\/strong><\/p>\n<p>[\/et_pb_text][\/et_pb_column][et_pb_column type=&#8220;1_2&#8243; _builder_version=&#8220;4.16&#8243; global_colors_info=&#8220;{}&#8220;][et_pb_text _builder_version=&#8220;4.27.2&#8243; global_colors_info=&#8220;{}&#8220;]<\/p>\n<p><span>Ja, eine Anmeldung ist m\u00f6glich, auch wenn du noch nicht alle Noten hast. Dann bekommst du auf der Abschlussfeier trotzdem eine Mappe \u00fcberreicht, nur ohne Zeugnis.<\/span><br \/><span>Ebenso kannst du teilnehmen, wenn du dein Zeugnis schon bekommen hast und deine Zeit am FB4 schon l\u00e4nger her ist.<\/span><\/p>\n<p>[\/et_pb_text][\/et_pb_column][\/et_pb_row][et_pb_row column_structure=&#8220;1_2,1_2&#8243; _builder_version=&#8220;4.16&#8243; global_colors_info=&#8220;{}&#8220;][et_pb_column type=&#8220;1_2&#8243; _builder_version=&#8220;4.16&#8243; global_colors_info=&#8220;{}&#8220;][et_pb_text _builder_version=&#8220;4.16&#8243; global_colors_info=&#8220;{}&#8220;]<\/p>\n<p><strong>Wann ist Anmeldephase?<\/strong><\/p>\n<p>&nbsp;<\/p>\n<p>[\/et_pb_text][\/et_pb_column][et_pb_column type=&#8220;1_2&#8243; _builder_version=&#8220;4.16&#8243; global_colors_info=&#8220;{}&#8220;][et_pb_text _builder_version=&#8220;4.16&#8243; global_colors_info=&#8220;{}&#8220;]<\/p>\n<p>Die Anmeldephase f\u00fcr die Feier im Sommersemester ist im M\u00e4rz\/April.<br \/>Die Anmeldephase f\u00fcr das Wintersemester ist im September\/Oktober.<\/p>\n<p><span style=\"text-decoration: underline;\">Nachmeldungen werden nicht angenommen!!!<\/span><\/p>\n<p>[\/et_pb_text][\/et_pb_column][\/et_pb_row][et_pb_row column_structure=&#8220;1_2,1_2&#8243; _builder_version=&#8220;4.16&#8243; global_colors_info=&#8220;{}&#8220;][et_pb_column type=&#8220;1_2&#8243; _builder_version=&#8220;4.16&#8243; global_colors_info=&#8220;{}&#8220;][et_pb_text _builder_version=&#8220;4.21.2&#8243; global_colors_info=&#8220;{}&#8220;]<\/p>\n<p><strong>Welche E-Mail-Adresse soll ich angeben?<\/strong><\/p>\n<p>[\/et_pb_text][\/et_pb_column][et_pb_column type=&#8220;1_2&#8243; _builder_version=&#8220;4.16&#8243; global_colors_info=&#8220;{}&#8220;][et_pb_text _builder_version=&#8220;4.27.2&#8243; global_colors_info=&#8220;{}&#8220;]<\/p>\n<p>Gebe am besten\u00a0eine\u00a0E-Mail-Adresse\u00a0an, in die du regelm\u00e4\u00dfig reinschaust.<\/p>\n<p>Falls du vor der Abschlussfeier den Zugriff auf deine Uni-Mail verlieren solltest, gib bitte eine private E-Mail-Adresse an.<\/p>\n<p>Bitte gebe keine E-Mail-Adresse des Providers Arcor an. Da kommen unsere E-Mails nicht an.<\/p>\n<p>[\/et_pb_text][\/et_pb_column][\/et_pb_row][et_pb_row _builder_version=&#8220;4.21.2&#8243; custom_padding=&#8220;||2px|||&#8220; global_colors_info=&#8220;{}&#8220;][et_pb_column type=&#8220;4_4&#8243; _builder_version=&#8220;4.16&#8243; global_colors_info=&#8220;{}&#8220;][et_pb_divider _builder_version=&#8220;4.21.2&#8243; _module_preset=&#8220;default&#8220; custom_margin=&#8220;||-2px|||&#8220; custom_padding=&#8220;||17px|||&#8220; global_colors_info=&#8220;{}&#8220;][\/et_pb_divider][et_pb_text _builder_version=&#8220;4.21.2&#8243; custom_margin=&#8220;||-2px|||&#8220; custom_padding=&#8220;||0px|||&#8220; global_colors_info=&#8220;{}&#8220;]<\/p>\n<h2><strong>Tickets<\/strong><\/h2>\n<p>[\/et_pb_text][\/et_pb_column][\/et_pb_row][et_pb_row column_structure=&#8220;1_2,1_2&#8243; _builder_version=&#8220;4.27.2&#8243; global_colors_info=&#8220;{}&#8220;][et_pb_column type=&#8220;1_2&#8243; _builder_version=&#8220;4.16&#8243; global_colors_info=&#8220;{}&#8220;][et_pb_text _builder_version=&#8220;4.16&#8243; global_colors_info=&#8220;{}&#8220;]<\/p>\n<p><strong>Was ist in der Absolventenkarte inbegriffen?<\/strong><\/p>\n<p>[\/et_pb_text][\/et_pb_column][et_pb_column type=&#8220;1_2&#8243; _builder_version=&#8220;4.16&#8243; global_colors_info=&#8220;{}&#8220;][et_pb_text _builder_version=&#8220;4.27.2&#8243; global_colors_info=&#8220;{}&#8220;]<\/p>\n<p><span>Ein Absolventenhut, eine Rose und der Eintritt zur Abschlussfeier.<\/span><\/p>\n<p>[\/et_pb_text][\/et_pb_column][\/et_pb_row][et_pb_row column_structure=&#8220;1_2,1_2&#8243; _builder_version=&#8220;4.16&#8243; global_colors_info=&#8220;{}&#8220;][et_pb_column type=&#8220;1_2&#8243; _builder_version=&#8220;4.16&#8243; global_colors_info=&#8220;{}&#8220;][et_pb_text _builder_version=&#8220;4.24.0&#8243; global_colors_info=&#8220;{}&#8220;]<\/p>\n<p><strong>Wie l\u00e4uft der Begleiterkartenkauf?<\/strong><\/p>\n<p>[\/et_pb_text][\/et_pb_column][et_pb_column type=&#8220;1_2&#8243; _builder_version=&#8220;4.16&#8243; global_colors_info=&#8220;{}&#8220;][et_pb_text _builder_version=&#8220;4.16&#8243; global_colors_info=&#8220;{}&#8220;]<\/p>\n<p>Begleiterkarten\u00a0k\u00f6nnen kurz\u00a0nach Ende der Anmeldephase zusammen mit dem Absolvententicket bestellt und gekauft werden.\u00a0<br \/>Pro Person kann erstmal nur eine bestimmte Anzahl an Karten verkauft werden.\u00a0<br \/>Wenn es am Ende der ersten Bestellphase noch Begleiterkarten gibt, gehen sie in den freien Verkauf.<\/p>\n<p>[\/et_pb_text][\/et_pb_column][\/et_pb_row][et_pb_row column_structure=&#8220;1_2,1_2&#8243; _builder_version=&#8220;4.16&#8243; global_colors_info=&#8220;{}&#8220;][et_pb_column type=&#8220;1_2&#8243; _builder_version=&#8220;4.16&#8243; global_colors_info=&#8220;{}&#8220;][et_pb_text _builder_version=&#8220;4.16&#8243; global_colors_info=&#8220;{}&#8220;]<\/p>\n<p><b>Wann und wo k\u00f6nnen die Tickets abgeholt werden?<\/b><\/p>\n<p>[\/et_pb_text][\/et_pb_column][et_pb_column type=&#8220;1_2&#8243; _builder_version=&#8220;4.16&#8243; global_colors_info=&#8220;{}&#8220;][et_pb_text _builder_version=&#8220;4.27.2&#8243; global_colors_info=&#8220;{}&#8220;]<\/p>\n<p>Die Tickets k\u00f6nnen in einem bestimmten Zeitraum am Fachschaftsb\u00fcro abgeholt werden. Diesen Zeitraum teilen wir euch per Mail mit. Online-Tickets wird es nicht geben.<\/p>\n<p>Falls ihr die Tickets nicht selbst abholen k\u00f6nnt, k\u00f6nnen sie von jemand anderem mit einer Vollmacht f\u00fcr euch abgeholt werden oder ihr bekommt sie am Eingang der Abschlussfeier selbst. Holt nach M\u00f6glichkeit die Tickets bitte vorher bei uns ab, damit der Einlass bei der Feier selbst m\u00f6glichst schnell geht.<\/p>\n<p>[\/et_pb_text][\/et_pb_column][\/et_pb_row][et_pb_row column_structure=&#8220;1_2,1_2&#8243; _builder_version=&#8220;4.16&#8243; global_colors_info=&#8220;{}&#8220;][et_pb_column type=&#8220;1_2&#8243; _builder_version=&#8220;4.16&#8243; global_colors_info=&#8220;{}&#8220;][et_pb_text _builder_version=&#8220;4.21.2&#8243; global_colors_info=&#8220;{}&#8220;]<\/p>\n<p><strong>Party-Tickets<\/strong><\/p>\n<p>[\/et_pb_text][\/et_pb_column][et_pb_column type=&#8220;1_2&#8243; _builder_version=&#8220;4.16&#8243; global_colors_info=&#8220;{}&#8220;][et_pb_text _builder_version=&#8220;4.27.2&#8243; global_colors_info=&#8220;{}&#8220;]<\/p>\n<p><span>Party-Ticket k\u00f6nnen bis zu einem festgelegten Limit beim Kauf des Absolvententickets mitgekauft werden. Falls noch Tickets \u00fcbrig sein sollten, werden diese bei der Abschlussfeier verkauft.<\/span><\/p>\n<p>[\/et_pb_text][et_pb_text _builder_version=&#8220;4.27.2&#8243; global_colors_info=&#8220;{}&#8220;]<\/p>\n<p><span>Das Zeugnis muss 4 Wochen vor der Abschlussfeier beantragt werden, dann ist es sicher, dass ihr ein Zeugnis bekommt. <\/span><span>Danach gibt es keine Garantie mehr.<\/span><br \/><span>Beantragen m\u00fcsst ihr das Zeugnis beim Pr\u00fcfungsamt \u00fcber eure Uni Mail. Bitte gebt an, dass ihr bei der Abschlussfeier teilnehmt.<\/span><\/p>\n<p><span style=\"text-decoration: underline;\">EINE BEANTRAGUNG DES ZEUGNISSES IST KEINE ANMELDUNG F\u00dcR DIE ABSCHLUSSFEIER!<\/span><\/p>\n<p>[\/et_pb_text][\/et_pb_column][\/et_pb_row][et_pb_row column_structure=&#8220;1_2,1_2&#8243; _builder_version=&#8220;4.16&#8243; global_colors_info=&#8220;{}&#8220;][et_pb_column type=&#8220;1_2&#8243; _builder_version=&#8220;4.16&#8243; global_colors_info=&#8220;{}&#8220;][et_pb_text _builder_version=&#8220;4.16&#8243; global_colors_info=&#8220;{}&#8220;]<\/p>\n<p><strong>Party mit Eltern?<\/strong><\/p>\n<p>[\/et_pb_text][\/et_pb_column][et_pb_column type=&#8220;1_2&#8243; _builder_version=&#8220;4.16&#8243; global_colors_info=&#8220;{}&#8220;][et_pb_text _builder_version=&#8220;4.16&#8243; global_colors_info=&#8220;{}&#8220;]<\/p>\n<p>Wenn ihr sie mitnehmen wollt, d\u00fcrfen sie auch teilnehmen<\/p>\n<p>[\/et_pb_text][\/et_pb_column][\/et_pb_row][et_pb_row _builder_version=&#8220;4.21.2&#8243; custom_padding=&#8220;||2px|||&#8220; global_colors_info=&#8220;{}&#8220;][et_pb_column type=&#8220;4_4&#8243; _builder_version=&#8220;4.16&#8243; global_colors_info=&#8220;{}&#8220;][et_pb_divider _builder_version=&#8220;4.21.2&#8243; _module_preset=&#8220;default&#8220; custom_margin=&#8220;||-2px|||&#8220; custom_padding=&#8220;||17px|||&#8220; global_colors_info=&#8220;{}&#8220;][\/et_pb_divider][et_pb_text _builder_version=&#8220;4.21.2&#8243; custom_margin=&#8220;||-2px|||&#8220; custom_padding=&#8220;||0px|||&#8220; global_colors_info=&#8220;{}&#8220;]<\/p>\n<h2><strong>Zeugnis<\/strong><\/h2>\n<p>[\/et_pb_text][\/et_pb_column][\/et_pb_row][et_pb_row column_structure=&#8220;1_2,1_2&#8243; _builder_version=&#8220;4.27.2&#8243; global_colors_info=&#8220;{}&#8220;][et_pb_column type=&#8220;1_2&#8243; _builder_version=&#8220;4.16&#8243; global_colors_info=&#8220;{}&#8220;][et_pb_text _builder_version=&#8220;4.16&#8243; global_colors_info=&#8220;{}&#8220;]<\/p>\n<p><strong>Bekomme ich ein Zeugnis?<\/strong><\/p>\n<p>[\/et_pb_text][\/et_pb_column][et_pb_column type=&#8220;1_2&#8243; _builder_version=&#8220;4.16&#8243; global_colors_info=&#8220;{}&#8220;][et_pb_text _builder_version=&#8220;4.16&#8243; global_colors_info=&#8220;{}&#8220;]<\/p>\n<p>Ihr bekommt ein Zeugnis, wenn ihr keine offenen Studienleistungen mehr habt. Dieses m\u00fcsst ihr beim Pr\u00fcfungsamt <span style=\"text-decoration: underline;\">rechtzeitig<\/span> beantragt haben.<\/p>\n<p>[\/et_pb_text][\/et_pb_column][\/et_pb_row][et_pb_row column_structure=&#8220;1_2,1_2&#8243; _builder_version=&#8220;4.16&#8243; global_colors_info=&#8220;{}&#8220;][et_pb_column type=&#8220;1_2&#8243; _builder_version=&#8220;4.16&#8243; global_colors_info=&#8220;{}&#8220;][et_pb_text _builder_version=&#8220;4.16&#8243; global_colors_info=&#8220;{}&#8220;]<\/p>\n<p><strong>Wie wird das Zeugnis beantragt?<\/strong><\/p>\n<p>[\/et_pb_text][\/et_pb_column][et_pb_column type=&#8220;1_2&#8243; _builder_version=&#8220;4.27.2&#8243; _module_preset=&#8220;default&#8220; global_colors_info=&#8220;{}&#8220;][et_pb_text _builder_version=&#8220;4.27.2&#8243; _module_preset=&#8220;default&#8220; hover_enabled=&#8220;0&#8243; sticky_enabled=&#8220;0&#8243;]<\/p>\n<p><span>Das Zeugnis muss 4 Wochen vor der Abschlussfeier beantragt werden, dann ist es sicher, dass ihr ein Zeugnis bekommt. <\/span><span>Danach gibt es keine Garantie mehr.<\/span><br \/><span>Beantragen m\u00fcsst ihr das Zeugnis beim Pr\u00fcfungsamt \u00fcber eure Uni Mail. Bitte gebt an, dass ihr bei der Abschlussfeier teilnehmt.<\/span><\/p>\n<p><span style=\"text-decoration: underline;\">EINE BEANTRAGUNG DES ZEUGNISSES IST KEINE ANMELDUNG F\u00dcR DIE ABSCHLUSSFEIER!<\/span><\/p>\n<p>[\/et_pb_text][\/et_pb_column][\/et_pb_row][et_pb_row _builder_version=&#8220;4.21.2&#8243; custom_padding=&#8220;||2px|||&#8220; global_colors_info=&#8220;{}&#8220;][et_pb_column type=&#8220;4_4&#8243; _builder_version=&#8220;4.16&#8243; global_colors_info=&#8220;{}&#8220;][et_pb_divider _builder_version=&#8220;4.21.2&#8243; _module_preset=&#8220;default&#8220; custom_margin=&#8220;||-2px|||&#8220; custom_padding=&#8220;||17px|||&#8220; global_colors_info=&#8220;{}&#8220;][\/et_pb_divider][et_pb_text _builder_version=&#8220;4.21.2&#8243; custom_margin=&#8220;||-2px|||&#8220; custom_padding=&#8220;||0px|||&#8220; global_colors_info=&#8220;{}&#8220;]<\/p>\n<h2><strong>Infos zur Feier \/ Sonstiges<\/strong><\/h2>\n<p>[\/et_pb_text][\/et_pb_column][\/et_pb_row][et_pb_row column_structure=&#8220;1_2,1_2&#8243; _builder_version=&#8220;4.16&#8243; global_colors_info=&#8220;{}&#8220;][et_pb_column type=&#8220;1_2&#8243; _builder_version=&#8220;4.16&#8243; global_colors_info=&#8220;{}&#8220;][et_pb_text _builder_version=&#8220;4.21.2&#8243; global_colors_info=&#8220;{}&#8220;]<\/p>\n<p><b>Wie l\u00e4uft die Feier ab?<\/b><\/p>\n<p>[\/et_pb_text][\/et_pb_column][et_pb_column type=&#8220;1_2&#8243; _builder_version=&#8220;4.16&#8243; global_colors_info=&#8220;{}&#8220;][et_pb_text _builder_version=&#8220;4.27.2&#8243; global_colors_info=&#8220;{}&#8220;]<\/p>\n<p>Vormittags findet die Feier f\u00fcr alle Bachelor-Absolvierenden statt. Mittags ist der Gottesdienst f\u00fcr alle Absolvierenden geplant und anschlie\u00dfend geht es mit der Master-Feier weiter. Gruppenfotos werden meist vor oder nach dem Gottesdienst gemacht.<\/p>\n<p>Der Genaue Ablaufplan wird nach der Anmeldung, vor der Abschlussfeier verschickt.<\/p>\n<p>[\/et_pb_text][\/et_pb_column][\/et_pb_row][et_pb_row column_structure=&#8220;1_2,1_2&#8243; _builder_version=&#8220;4.16&#8243; global_colors_info=&#8220;{}&#8220;][et_pb_column type=&#8220;1_2&#8243; _builder_version=&#8220;4.16&#8243; global_colors_info=&#8220;{}&#8220;][et_pb_text _builder_version=&#8220;4.16&#8243; global_colors_info=&#8220;{}&#8220;]<\/p>\n<p><strong>Dresscode?<\/strong><\/p>\n<p>[\/et_pb_text][\/et_pb_column][et_pb_column type=&#8220;1_2&#8243; _builder_version=&#8220;4.16&#8243; global_colors_info=&#8220;{}&#8220;][et_pb_text _builder_version=&#8220;4.16&#8243; global_colors_info=&#8220;{}&#8220;]<\/p>\n<p>Anzug\/ Krawatte\/ Kleid\/ Rock\/ Bluse<\/p>\n<p>[\/et_pb_text][\/et_pb_column][\/et_pb_row][et_pb_row column_structure=&#8220;1_2,1_2&#8243; _builder_version=&#8220;4.16&#8243; global_colors_info=&#8220;{}&#8220;][et_pb_column type=&#8220;1_2&#8243; _builder_version=&#8220;4.16&#8243; global_colors_info=&#8220;{}&#8220;][et_pb_text _builder_version=&#8220;4.16&#8243; global_colors_info=&#8220;{}&#8220;]<\/p>\n<p><strong>Redner f\u00fcr Bachelor- \/Masterrede\/ Gottesdienst<\/strong><\/p>\n<p>[\/et_pb_text][\/et_pb_column][et_pb_column type=&#8220;1_2&#8243; _builder_version=&#8220;4.16&#8243; global_colors_info=&#8220;{}&#8220;][et_pb_text _builder_version=&#8220;4.27.2&#8243; global_colors_info=&#8220;{}&#8220;]<\/p>\n<p>Wir suchen immer einen Redner f\u00fcr die Abschlussfeier. Je eine Master-\/ Bachelor-Rede.<br \/>Zudem k\u00f6nnen auch gerne F\u00fcrbitten im Gottesdienst vorgetragen werden.<br \/>Sprecht uns einfach an!<\/p>\n<p>[\/et_pb_text][\/et_pb_column][\/et_pb_row][et_pb_row column_structure=&#8220;1_2,1_2&#8243; _builder_version=&#8220;4.16&#8243; global_colors_info=&#8220;{}&#8220;][et_pb_column type=&#8220;1_2&#8243; _builder_version=&#8220;4.16&#8243; global_colors_info=&#8220;{}&#8220;][et_pb_text _builder_version=&#8220;4.24.0&#8243; global_colors_info=&#8220;{}&#8220;]<\/p>\n<p><strong>Fotos des Tages kaufen<\/strong>\u00a0<\/p>\n<p>[\/et_pb_text][\/et_pb_column][et_pb_column type=&#8220;1_2&#8243; _builder_version=&#8220;4.16&#8243; global_colors_info=&#8220;{}&#8220;][et_pb_text _builder_version=&#8220;4.16&#8243; global_colors_info=&#8220;{}&#8220;]<\/p>\n<p>Die Fotos, die nach der Feier beim Fotografen gemacht werden, k\u00f6nnt ihr direkt vor Ort kaufen. ACHTUNG: nur Barzahlung! Ein paar Tage nach der Feier erhaltet ihr dann per Email einen Link zu den Fotos.<\/p>\n<p>[\/et_pb_text][\/et_pb_column][\/et_pb_row][et_pb_row column_structure=&#8220;1_2,1_2&#8243; _builder_version=&#8220;4.16&#8243; global_colors_info=&#8220;{}&#8220;][et_pb_column type=&#8220;1_2&#8243; _builder_version=&#8220;4.16&#8243; global_colors_info=&#8220;{}&#8220;][et_pb_text _builder_version=&#8220;4.24.0&#8243; global_colors_info=&#8220;{}&#8220;]<\/p>\n<p><strong>Absolventenbuch<\/strong><\/p>\n<p>[\/et_pb_text][\/et_pb_column][et_pb_column type=&#8220;1_2&#8243; _builder_version=&#8220;4.16&#8243; global_colors_info=&#8220;{}&#8220;][et_pb_text _builder_version=&#8220;4.27.2&#8243; global_colors_info=&#8220;{}&#8220;]<\/p>\n<p>Das Absolventenbuch ist eine vom AlumniUM angebotene kostenfreie Dienstleistung, die nicht an einer Mitgliedschaft bei AlumniUM gekn\u00fcpft ist. Wir als Fachschaft haben keinen Einfluss auf das Buch und keine M\u00f6glichkeiten, es euch nach der Abschlussfeier zukommen zu lassen &#8211; wendet euch bitte ans AlumniUM.<\/p>\n<p>Der Stichtag f\u00fcr das Erscheinen im Absolventenbuch ist normalerweise der<br \/>30.04.xxxx (Feier im Juni) bzw. der 31.10.xxxx (Feier im Dezember). Bis zu<br \/>diesem Stichtag muss die letzte Note feststehen und beim Pr\u00fcfungsamt<br \/>eingetragen sein. Es ist auch m\u00f6glich im Absolventenbuch zu erscheinen, wenn zu diesem Stichtag noch nicht alle Noten beim Pr\u00fcfungsamt eingetragen sind.<br \/>Schreibt hierzu eine kurze E-Mail an<span>\u00a0<\/span><a href=\"mailto:absolventenbuch@alumnium.net\" target=\"_blank\" rel=\"noopener noreferrer\">absolventenbuch@alumnium.net<\/a>, mit der Bitte in das Absolventenbuch aufgenommen zu werden.<\/p>\n<p>Eine Registrierung f\u00fcr das Absolventenbuch ist unter folgendem<br \/>Link m\u00f6glich:<span>\u00a0<\/span><a href=\"https:\/\/intern.absolventenbuch-muenster.de\/auth\/register\" target=\"_blank\" rel=\"noopener noreferrer\">https:\/\/intern.absolventenbuch-muenster.de\/auth\/register<\/a>. Setz bei der Anmeldung einfach einen Haken bei: Ich m\u00f6chte in der Studierendenversion erscheinen.<\/p>\n<p>Im Absolventenbuch werden Name, Studienfach inkl. Abschluss,<br \/>Geburtsdatum, Heimatadresse, E-Mail-Adresse und Wahlpflichtmodule (Bachelor) bzw. Schwerpunkte (Master) abgedruckt. Dar\u00fcber hinaus muss ein Foto hochgeladen werden. Ein Erscheinen im Absolventenbuch ohne Foto ist nicht m\u00f6glich.<\/p>\n<p>Das Absolventenbuch wird <span style=\"text-decoration: underline;\">am Tag der Abschlussfeier<\/span> kostenlos<br \/>am AlumniUM-Stand <span style=\"text-decoration: underline;\">ausgegeben<\/span>.<\/p>\n<p><strong>Solltet ihr Fragen oder Anmerkungen zum Absolventenbuch haben, wendet euch bitte nicht an uns sondern direkt ans AlumniUM unter <a href=\"mailto:absolventenbuch@alumnium.net\" target=\"_blank\" rel=\"noopener noreferrer\">absolventenbuch@alumnium.net<\/a>.<\/strong><\/p>\n<p>&nbsp;<\/p>\n<p>[\/et_pb_text][\/et_pb_column][\/et_pb_row][\/et_pb_section]<\/p>\n","protected":false},"excerpt":{"rendered":"<p>AnmeldungWie melde ich mich f\u00fcr die Abschlussfeier an?Schritt 1: Registrierung Zun\u00e4chst musst du dich auf der Anmeldeseite registrieren, gibt hier bitte deine korrekten Daten ein! Bitte verwende nur eine E-Mail-Adresse, auf die du bis zur Abschlussfeier und danach noch Zugriff haben wirst (m\u00f6glichst keine Uni-E-Mail). Eine Registrierung ist nicht die Anmeldung zur Feier! Schritt 2: [&hellip;]<\/p>\n","protected":false},"author":20,"featured_media":28604,"parent":25591,"menu_order":0,"comment_status":"closed","ping_status":"closed","template":"","meta":{"_et_pb_use_builder":"on","_et_pb_old_content":"","_et_gb_content_width":"","footnotes":""},"class_list":["post-25656","page","type-page","status-publish","has-post-thumbnail","hentry"],"_links":{"self":[{"href":"https:\/\/fachschaft-wiwi.ms\/en\/wp-json\/wp\/v2\/pages\/25656","targetHints":{"allow":["GET"]}}],"collection":[{"href":"https:\/\/fachschaft-wiwi.ms\/en\/wp-json\/wp\/v2\/pages"}],"about":[{"href":"https:\/\/fachschaft-wiwi.ms\/en\/wp-json\/wp\/v2\/types\/page"}],"author":[{"embeddable":true,"href":"https:\/\/fachschaft-wiwi.ms\/en\/wp-json\/wp\/v2\/users\/20"}],"replies":[{"embeddable":true,"href":"https:\/\/fachschaft-wiwi.ms\/en\/wp-json\/wp\/v2\/comments?post=25656"}],"version-history":[{"count":42,"href":"https:\/\/fachschaft-wiwi.ms\/en\/wp-json\/wp\/v2\/pages\/25656\/revisions"}],"predecessor-version":[{"id":29685,"href":"https:\/\/fachschaft-wiwi.ms\/en\/wp-json\/wp\/v2\/pages\/25656\/revisions\/29685"}],"up":[{"embeddable":true,"href":"https:\/\/fachschaft-wiwi.ms\/en\/wp-json\/wp\/v2\/pages\/25591"}],"wp:featuredmedia":[{"embeddable":true,"href":"https:\/\/fachschaft-wiwi.ms\/en\/wp-json\/wp\/v2\/media\/28604"}],"wp:attachment":[{"href":"https:\/\/fachschaft-wiwi.ms\/en\/wp-json\/wp\/v2\/media?parent=25656"}],"curies":[{"name":"wp","href":"https:\/\/api.w.org\/{rel}","templated":true}]}}