{"id":25591,"date":"2025-10-22T15:35:30","date_gmt":"2025-10-22T13:35:30","guid":{"rendered":"https:\/\/fachschaft-wiwi.ms\/?page_id=25591"},"modified":"2026-02-26T17:19:19","modified_gmt":"2026-02-26T16:19:19","slug":"abschlussfeier","status":"publish","type":"page","link":"https:\/\/fachschaft-wiwi.ms\/en\/veranstaltungen\/abschlussfeier\/","title":{"rendered":"Abschlussfeier"},"content":{"rendered":"<p>[et_pb_section fb_built=&#8220;1&#8243; _builder_version=&#8220;4.24.0&#8243; _dynamic_attributes=&#8220;background_image&#8220; _module_preset=&#8220;default&#8220; use_background_color_gradient=&#8220;on&#8220; background_color_gradient_stops=&#8220;rgba(27,52,88,0.75) 0%|rgba(27,52,88,0.75) 100%&#8220; background_color_gradient_overlays_image=&#8220;on&#8220; background_image=&#8220;@ET-DC@eyJkeW5hbWljIjp0cnVlLCJjb250ZW50IjoicG9zdF9mZWF0dXJlZF9pbWFnZSIsInNldHRpbmdzIjp7fX0=@&#8220; global_module=&#8220;28574&#8243; saved_tabs=&#8220;all&#8220; locked=&#8220;off&#8220; global_colors_info=&#8220;{}&#8220;][et_pb_row _builder_version=&#8220;4.24.0&#8243; _module_preset=&#8220;default&#8220; global_colors_info=&#8220;{}&#8220;][et_pb_column type=&#8220;4_4&#8243; _builder_version=&#8220;4.23.1&#8243; _module_preset=&#8220;default&#8220; global_colors_info=&#8220;{}&#8220;][et_pb_text _builder_version=&#8220;4.27.0&#8243; _dynamic_attributes=&#8220;content&#8220; _module_preset=&#8220;default&#8220; header_text_color=&#8220;#FFFFFF&#8220; custom_margin=&#8220;||-4px||false|false&#8220; global_colors_info=&#8220;{}&#8220;]@ET-DC@eyJkeW5hbWljIjp0cnVlLCJjb250ZW50IjoicG9zdF90aXRsZSIsInNldHRpbmdzIjp7ImJlZm9yZSI6IjxoMT4iLCJhZnRlciI6IjwvaDE+In19@[\/et_pb_text][\/et_pb_column][\/et_pb_row][\/et_pb_section][et_pb_section fb_built=&#8220;1&#8243; _builder_version=&#8220;4.16&#8243; custom_padding=&#8220;64px|||||&#8220; global_colors_info=&#8220;{}&#8220;][et_pb_row column_structure=&#8220;1_3,1_3,1_3&#8243; _builder_version=&#8220;4.24.0&#8243; custom_margin=&#8220;2.5px|auto|2.5em|auto|false|false&#8220; custom_padding=&#8220;0.75em||0.75em||true|false&#8220; border_width_top=&#8220;2px&#8220; border_color_top=&#8220;rgba(27,52,88,0.25)&#8220; border_width_bottom=&#8220;2px&#8220; border_color_bottom=&#8220;rgba(27,52,88,0.25)&#8220; global_colors_info=&#8220;{}&#8220;][et_pb_column type=&#8220;1_3&#8243; _builder_version=&#8220;4.16&#8243; global_colors_info=&#8220;{}&#8220;][et_pb_button button_url=&#8220;@ET-DC@eyJkeW5hbWljIjp0cnVlLCJjb250ZW50IjoicG9zdF9saW5rX3VybF9wYWdlIiwic2V0dGluZ3MiOnsicG9zdF9pZCI6IjI1NjU2In19@&#8220; button_text=&#8220;FAQ&#8220; button_alignment=&#8220;center&#8220; _builder_version=&#8220;4.24.0&#8243; _dynamic_attributes=&#8220;button_url&#8220; _module_preset=&#8220;default&#8220; global_colors_info=&#8220;{}&#8220;][\/et_pb_button][\/et_pb_column][et_pb_column type=&#8220;1_3&#8243; _builder_version=&#8220;4.16&#8243; global_colors_info=&#8220;{}&#8220;][et_pb_button button_url=&#8220;https:\/\/absolventenfeier.fachschaft-wiwi.ms&#8220; url_new_window=&#8220;on&#8220; button_text=&#8220;Anmeldung&#8220; button_alignment=&#8220;center&#8220; _builder_version=&#8220;4.23.1&#8243; _module_preset=&#8220;default&#8220; button_icon=&#8220;&#xf35d;||fa||900&#8243; button_icon_color=&#8220;#FFFFFF&#8220; global_colors_info=&#8220;{}&#8220;][\/et_pb_button][\/et_pb_column][et_pb_column type=&#8220;1_3&#8243; _builder_version=&#8220;4.16&#8243; global_colors_info=&#8220;{}&#8220;][et_pb_button button_url=&#8220;@ET-DC@eyJkeW5hbWljIjp0cnVlLCJjb250ZW50IjoicG9zdF9saW5rX3VybF9wYWdlIiwic2V0dGluZ3MiOnsicG9zdF9pZCI6IjI2NjkzIn19@&#8220; button_text=&#8220;Sponsoren&#8220; button_alignment=&#8220;center&#8220; _builder_version=&#8220;4.23.1&#8243; _dynamic_attributes=&#8220;button_url&#8220; _module_preset=&#8220;default&#8220; global_colors_info=&#8220;{}&#8220;][\/et_pb_button][\/et_pb_column][\/et_pb_row][et_pb_row _builder_version=&#8220;4.23.1&#8243; _module_preset=&#8220;default&#8220; background_color=&#8220;#1B3458&#8243; custom_margin=&#8220;24px|auto|39px|auto||&#8220; custom_padding=&#8220;33px|24px|33px|24px|true|true&#8220; border_radii=&#8220;on|4px|4px|4px|4px&#8220; border_color_all=&#8220;#1B3458&#8243; global_colors_info=&#8220;{}&#8220;][et_pb_column type=&#8220;4_4&#8243; _builder_version=&#8220;4.21.2&#8243; _module_preset=&#8220;default&#8220; global_colors_info=&#8220;{}&#8220;][et_pb_text _builder_version=&#8220;4.27.2&#8243; _module_preset=&#8220;default&#8220; header_2_text_align=&#8220;center&#8220; header_2_text_color=&#8220;#FFFFFF&#8220; header_3_text_color=&#8220;#1B3458&#8243; custom_margin=&#8220;||4px||false|false&#8220; global_colors_info=&#8220;{}&#8220;]<\/p>\n<h2>Abschlussfeier SoSe 2026 &#8211; am 26.06.2026<\/h2>\n<p>[\/et_pb_text][et_pb_text _builder_version=&#8220;4.27.2&#8243; _module_preset=&#8220;default&#8220; text_font=&#8220;|300|||||||&#8220; text_text_color=&#8220;#FFFFFF&#8220; text_font_size=&#8220;20px&#8220; header_2_text_align=&#8220;center&#8220; header_2_text_color=&#8220;#FFFFFF&#8220; header_3_text_color=&#8220;#1B3458&#8243; text_orientation=&#8220;center&#8220; custom_margin=&#8220;||4px||false|false&#8220; global_colors_info=&#8220;{}&#8220;]<\/p>\n<p>Wir freuen uns auf euch!<\/p>\n<p>[\/et_pb_text][\/et_pb_column][\/et_pb_row][et_pb_row column_structure=&#8220;1_3,2_3&#8243; _builder_version=&#8220;4.16&#8243; custom_padding=&#8220;||0px|||&#8220; global_colors_info=&#8220;{}&#8220;][et_pb_column type=&#8220;1_3&#8243; _builder_version=&#8220;4.16&#8243; global_colors_info=&#8220;{}&#8220;][et_pb_image src=&#8220;https:\/\/fachschaft-wiwi.ms\/wp-content\/uploads\/2020\/02\/thumbnail-1.jpg&#8220; _builder_version=&#8220;4.16&#8243; custom_margin=&#8220;||22px|||&#8220; global_colors_info=&#8220;{}&#8220;][\/et_pb_image][\/et_pb_column][et_pb_column type=&#8220;2_3&#8243; _builder_version=&#8220;4.16&#8243; global_colors_info=&#8220;{}&#8220;][et_pb_text _builder_version=&#8220;4.16&#8243; custom_margin=&#8220;||-2px|||&#8220; global_colors_info=&#8220;{}&#8220;]<\/p>\n<p><strong>Hallo Zusammen!<\/strong><\/p>\n<p>Jeweils im Sommer- und im Wintersemester richten wir, die Fachschaft WiWi, f\u00fcr die Bachelor- und Masterabsolvent*innen die abschlie\u00dfende <strong>Abschlussfeier<\/strong> aus. Die Feier findet immer entsprechend am <strong>letzten<\/strong> <strong>Freitag<\/strong> im Juni und November statt.<\/p>\n<p>Der Ablauf ist dabei jedes Jahr \u00e4hnlich. Vormittags findet die feierliche \u00dcbergabe der Bachelorzeugnisse im H1 statt, nachmittags erhalten die Masterabsolvent*innen ihre <strong>Zeugnisse<\/strong>. Dazwischen gibt es einen <strong>Fototermin<\/strong> vor dem H\u00f6rsaalgeb\u00e4ude und einen freiwilligen \u00f6kumenischen Gottesdienst. Beim <strong>Sektempfang<\/strong> sto\u00dfen alle Absolvent*innen mit ihren Verwandten und Freunden auf den Tag und ihr erfolgreich abgeschlossenes Studium an und lassen ihn auf der abendlichen <strong>Absolventenparty<\/strong> ausklingen.<\/p>\n<p>Alle aktuellen Informationen findet ihr auf dieser Seite und in den regelm\u00e4\u00dfigen Rundmails.<\/p>\n<p>Schreibt uns Fragen gerne\u00a0per E-Mail an\u00a0<a href=\"mailto:absolventenfeier@fachschaft-wiwi.ms\">absolventenfeier@fachschaft-wiwi.ms.<\/a><\/p>\n<p>[\/et_pb_text][\/et_pb_column][\/et_pb_row][et_pb_row _builder_version=&#8220;4.23.1&#8243; _module_preset=&#8220;default&#8220; global_colors_info=&#8220;{}&#8220;][et_pb_column type=&#8220;4_4&#8243; _builder_version=&#8220;4.23.1&#8243; _module_preset=&#8220;default&#8220; global_colors_info=&#8220;{}&#8220;][et_pb_divider color=&#8220;#1B3458&#8243; divider_weight=&#8220;2px&#8220; _builder_version=&#8220;4.23.1&#8243; _module_preset=&#8220;default&#8220; height=&#8220;0px&#8220; custom_margin=&#8220;||||true|false&#8220; custom_padding=&#8220;1em||1em||true|false&#8220; global_colors_info=&#8220;{}&#8220;][\/et_pb_divider][\/et_pb_column][\/et_pb_row][et_pb_row _builder_version=&#8220;4.21.2&#8243; _module_preset=&#8220;default&#8220; custom_padding=&#8220;15px|||||&#8220; global_colors_info=&#8220;{}&#8220;][et_pb_column type=&#8220;4_4&#8243; _builder_version=&#8220;4.21.2&#8243; _module_preset=&#8220;default&#8220; global_colors_info=&#8220;{}&#8220;][et_pb_text _builder_version=&#8220;4.27.2&#8243; _module_preset=&#8220;default&#8220; header_font=&#8220;|800|||||||&#8220; header_2_font=&#8220;|800|||||||&#8220; header_2_text_color=&#8220;#1B3458&#8243; header_3_text_color=&#8220;#1B3458&#8243; custom_margin=&#8220;||||false|false&#8220; custom_padding=&#8220;5px||0px|||&#8220; global_colors_info=&#8220;{}&#8220;]<\/p>\n<h2>Abschlussfeier Sommersemester 2026<\/h2>\n<p>[\/et_pb_text][et_pb_text _builder_version=&#8220;4.21.2&#8243; _module_preset=&#8220;default&#8220; header_3_text_color=&#8220;#1B3458&#8243; custom_margin=&#8220;||||false|false&#8220; global_colors_info=&#8220;{}&#8220;]<\/p>\n<p>Liebe Absolventinnen und Absolventen,\u00a0<\/p>\n<p>der Termin f\u00fcr die Abschlussfeier im Sommersemester 2026 steht fest!<br \/>Am <strong>26. Juni 2026<\/strong> freuen wir uns euch zur Feier eures Abschlusses begr\u00fc\u00dfen zu d\u00fcrfen! Die Feier wird im H1 stattfinden. Im Folgenden findet ihr was ihr machen m\u00fcsst, um an dieser Feier teilzunehmen.\u00a0<\/p>\n<p>[\/et_pb_text][et_pb_divider color=&#8220;#1B3458&#8243; divider_style=&#8220;dashed&#8220; divider_weight=&#8220;1px&#8220; _builder_version=&#8220;4.23.1&#8243; _module_preset=&#8220;default&#8220; height=&#8220;0px&#8220; custom_margin=&#8220;||||true|false&#8220; custom_padding=&#8220;1em||1em||true|false&#8220; global_colors_info=&#8220;{}&#8220;][\/et_pb_divider][et_pb_text _builder_version=&#8220;4.23.1&#8243; _module_preset=&#8220;default&#8220; header_2_text_color=&#8220;#1B3458&#8243; header_3_text_color=&#8220;#1B3458&#8243; custom_margin=&#8220;||||false|false&#8220; global_colors_info=&#8220;{}&#8220;]<\/p>\n<h2>Ablauf vor der Feier<\/h2>\n<h3>1. Anmeldung<\/h3>\n<p>Die Anmeldung wird voraussichtlich am 01.04.26 12:00 Uhr freigeschaltet. Das Ende der Anmeldezeit wird voraussichtlich am <strong>31.05.2025<\/strong>\u00a0um 23:59 Uhr sein. Ihr k\u00f6nnt euch \u00fcber <a href=\"https:\/\/absolventenfeier.fachschaft-wiwi.ms\">https:\/\/absolventenfeier.fachschaft-wiwi.ms<\/a> anmelden. Diese Anmeldung ist unbedingt n\u00f6tig, um bei der Feier teilnehmen und um Tickets kaufen zu k\u00f6nnen.<\/p>\n<h3>2. Kartenbestellung<\/h3>\n<p>Um sp\u00e4ter einen Platz f\u00fcr euch und eure Familie zu haben und an der Afterparty teilnehmen zu k\u00f6nnen, m\u00fcsst ihr euch Karten bestellen. Die Kartenbestellung startet voraussichtlich am 04.05.26 und endet am 15.05.26 um 23:59 Uhr. Die Karten bestellt ihr auch \u00fcber <a href=\"https:\/\/absolventenfeier.fachschaft-wiwi.ms\">https:\/\/absolventenfeier.fachschaft-wiwi.ms<\/a>. Die Karten werden voraussichtlich 15\u20ac pro Absolvententicket und 8\u20ac pro Begleiterticket kosten. Die Partytickets werden wahrscheinlich bei 8\u20ac liegen. Die letztendlichen Preise findet ihr hinterher in unserem Ticketshop. Ihr k\u00f6nnt diesen Preis aber durch einen Gutscheincode von MLP und einen von AlumniUM reduzieren. Genauere Informationen zu den Aktionen von MLP und AlumniUM bekommt ihr per E-Mail nach der Anmeldung.<\/p>\n<h3>3. Abholung der Karten<\/h3>\n<p>Die bereits online bestellten Tickets k\u00f6nnen vor der Abschlussfeier im Fachschaftsb\u00fcro abgeholt werden. Wir informieren euch dazu, wenn es soweit ist. Falls ihr nicht vor der Abschlussfeier zum B\u00fcro kommen k\u00f6nnt, k\u00f6nnt ihr die Tickets am Eingang\/an der Kasse der Abschlussfeier am Tag der Feier selbst vor Ort am H-Geb\u00e4ude abholen. Rechnet hier aber mit l\u00e4ngeren Wartezeiten, falls viele diese Option nutzen!<!--Die vorher bestellten Karten k\u00f6nnt ihr vom XX.XX.2023 bis zum XX.XX.2023 bei uns im Fachschaftsb\u00fcro abholen.--><\/p>\n<p>[\/et_pb_text][et_pb_divider color=&#8220;#1B3458&#8243; divider_style=&#8220;dashed&#8220; divider_weight=&#8220;1px&#8220; _builder_version=&#8220;4.23.1&#8243; _module_preset=&#8220;default&#8220; height=&#8220;0px&#8220; custom_margin=&#8220;||||true|false&#8220; custom_padding=&#8220;1em||1em||true|false&#8220; global_colors_info=&#8220;{}&#8220;][\/et_pb_divider][et_pb_text _builder_version=&#8220;4.21.2&#8243; _module_preset=&#8220;default&#8220; header_2_text_color=&#8220;#1B3458&#8243; header_3_text_color=&#8220;#1B3458&#8243; custom_margin=&#8220;||||false|false&#8220; global_colors_info=&#8220;{}&#8220;]<\/p>\n<h2>Redner<\/h2>\n<p>Wir suchen noch Redner*innen f\u00fcr die Absolvent*innenrede, die am Tag der Feier von einem oder mehreren Absolvent*innen gehalten wird. Wenn Ihr Interesse habt, meldet euch gerne bei uns!<\/p>\n<p>[\/et_pb_text][et_pb_divider color=&#8220;#1B3458&#8243; divider_style=&#8220;dashed&#8220; divider_weight=&#8220;1px&#8220; _builder_version=&#8220;4.23.1&#8243; _module_preset=&#8220;default&#8220; height=&#8220;0px&#8220; custom_margin=&#8220;||||true|false&#8220; custom_padding=&#8220;1em||1em||true|false&#8220; global_colors_info=&#8220;{}&#8220;][\/et_pb_divider][et_pb_text _builder_version=&#8220;4.21.2&#8243; _module_preset=&#8220;default&#8220; header_2_text_color=&#8220;#1B3458&#8243; header_3_text_color=&#8220;#1B3458&#8243; custom_margin=&#8220;||||false|false&#8220; global_colors_info=&#8220;{}&#8220;]<\/p>\n<h2>Zeugnisse<\/h2>\n<p>Das Zeugnis m\u00fcsst Ihr ganz normal beim Pr\u00fcfungsamt beantragen, dabei aber bitte angeben, dass ihr es auf der Abschlussfeier \u00fcbergeben bekommen m\u00f6chtet.<br \/>Unter Abschlussdokumente findet ihr das Formular daf\u00fcr.<br \/><a href=\"https:\/\/www.wiwi.uni-muenster.de\/pam\/de\/downloads\/formulare\">https:\/\/www.wiwi.uni-muenster.de\/pam\/de\/downloads\/formulare<\/a><\/p>\n<p>[\/et_pb_text][et_pb_divider color=&#8220;#1B3458&#8243; divider_style=&#8220;dashed&#8220; divider_weight=&#8220;1px&#8220; _builder_version=&#8220;4.23.1&#8243; _module_preset=&#8220;default&#8220; height=&#8220;0px&#8220; custom_margin=&#8220;||||true|false&#8220; custom_padding=&#8220;1em||1em||true|false&#8220; global_colors_info=&#8220;{}&#8220;][\/et_pb_divider][et_pb_text _builder_version=&#8220;4.24.0&#8243; _module_preset=&#8220;default&#8220; header_2_text_color=&#8220;#1B3458&#8243; header_3_text_color=&#8220;#1B3458&#8243; custom_margin=&#8220;||||false|false&#8220; global_colors_info=&#8220;{}&#8220;]<\/p>\n<h2>Absolventenbuch<\/h2>\n<p>Jedes Jahr gibt es ein Absolventenbuch vom AlumniUM. Dieses ist f\u00fcr alle kostenlos und ist nicht an eine Mitgliedschaft gekn\u00fcpft. Daf\u00fcr m\u00fcsst ihr euch rechtzeitig auf der Website des AlumniUM anmelden und ein Foto von euch hochladen. Konkrete Infos folgen.<br \/><a href=\"https:\/\/absolventenbuch-muenster.de\">https:\/\/absolventenbuch-muenster.de<\/a><\/p>\n<p>[\/et_pb_text][et_pb_divider color=&#8220;#1B3458&#8243; divider_style=&#8220;dashed&#8220; divider_weight=&#8220;1px&#8220; _builder_version=&#8220;4.23.1&#8243; _module_preset=&#8220;default&#8220; height=&#8220;0px&#8220; custom_margin=&#8220;||||true|false&#8220; custom_padding=&#8220;1em||1em||true|false&#8220; global_colors_info=&#8220;{}&#8220;][\/et_pb_divider][et_pb_text _builder_version=&#8220;4.21.2&#8243; _module_preset=&#8220;default&#8220; header_2_text_color=&#8220;#1B3458&#8243; header_3_text_color=&#8220;#1B3458&#8243; custom_margin=&#8220;||||false|false&#8220; global_colors_info=&#8220;{}&#8220;]<\/p>\n<h2>Vorl\u00e4ufiger Ablauf der Abschlussfeier<\/h2>\n<div><span><\/span><\/div>\n<div><span><\/span><\/div>\n<h4><span>Bachelor-Feier<\/span><\/h4>\n<div><span>Ab <b>10:00 Uhr <\/b>Einlass in das H-Geb\u00e4ude<\/span><\/div>\n<div>\n<p style=\"font-weight: 400;\"><strong>11:00 Uhr <\/strong>Beginn der Bachelor-Feier<\/p>\n<p style=\"font-weight: 400;\"><span style=\"font-size: 14px;\"><strong>14:00 Uhr <\/strong>Absolvent*innengottesdienst im Dom<\/span><\/p>\n<p style=\"font-weight: 400;\"><strong style=\"color: #333333; font-size: 14px;\">15:00 Uhr<\/strong><span style=\"color: #333333; font-size: 14px;\"> Absolvent*innenfoto mit allen Bachelor- und Master-Absolvent*innen<\/span><\/p>\n<p style=\"font-weight: 400;\"><span style=\"font-size: 18px; color: #333333;\">Master-Feier<\/span><\/p>\n<p style=\"font-weight: 400;\">Ab <strong>15:15 Uhr <\/strong>Einlass in das H-Geb\u00e4ude<br \/><strong style=\"font-size: 14px;\">16:15 Uhr <\/strong><span style=\"font-size: 14px;\">Beginn der <\/span>Master<span style=\"font-size: 14px;\">-Feier<\/span><\/p>\n<p style=\"font-weight: 400;\"><strong>22:00 Uhr <\/strong>Absolventenparty in der Gazelle<\/p>\n<\/div>\n<p>[\/et_pb_text][et_pb_text _builder_version=&#8220;4.21.2&#8243; _module_preset=&#8220;default&#8220; header_2_text_color=&#8220;#1B3458&#8243; header_3_text_color=&#8220;#1B3458&#8243; custom_margin=&#8220;||||false|false&#8220; global_colors_info=&#8220;{}&#8220;]<\/p>\n<p>Wir freuen uns auf eine gemeinsame Feier mit Euch!<\/p>\n<p>Liebe Gr\u00fc\u00dfe<br \/>Euer Abschlussfeierteam<\/p>\n<p>[\/et_pb_text][\/et_pb_column][\/et_pb_row][et_pb_row _builder_version=&#8220;4.23.1&#8243; _module_preset=&#8220;default&#8220; background_color=&#8220;#1B3458&#8243; custom_margin=&#8220;50px|auto|12px|auto||&#8220; custom_padding=&#8220;21px|24px|21px|24px|true|true&#8220; border_radii=&#8220;on|4px|4px|4px|4px&#8220; border_color_all=&#8220;#1B3458&#8243; global_colors_info=&#8220;{}&#8220;][et_pb_column type=&#8220;4_4&#8243; _builder_version=&#8220;4.21.2&#8243; _module_preset=&#8220;default&#8220; global_colors_info=&#8220;{}&#8220;][et_pb_text _builder_version=&#8220;4.21.2&#8243; _module_preset=&#8220;default&#8220; header_2_text_color=&#8220;#FFFFFF&#8220; header_3_text_color=&#8220;#1B3458&#8243; custom_margin=&#8220;||4px||false|false&#8220; global_colors_info=&#8220;{}&#8220;]<\/p>\n<h2>Du hast noch Fragen?<\/h2>\n<p>[\/et_pb_text][et_pb_text _builder_version=&#8220;4.21.2&#8243; _module_preset=&#8220;default&#8220; text_text_color=&#8220;#FFFFFF&#8220; header_3_text_color=&#8220;#1B3458&#8243; custom_margin=&#8220;||24px||false|false&#8220; global_colors_info=&#8220;{}&#8220;]<\/p>\n<p>Schau mal in unseren FAQ vorbei. Hier steht zu vielen Fragen eine passende Antwort.<\/p>\n<p>[\/et_pb_text][et_pb_button button_url=&#8220;@ET-DC@eyJkeW5hbWljIjp0cnVlLCJjb250ZW50IjoicG9zdF9saW5rX3VybF9wYWdlIiwic2V0dGluZ3MiOnsicG9zdF9pZCI6IjI1NjU2In19@&#8220; button_text=&#8220;FAQ &#8220; button_alignment=&#8220;left&#8220; _builder_version=&#8220;4.21.2&#8243; _dynamic_attributes=&#8220;button_url&#8220; button_text_color=&#8220;#1B3458&#8243; button_bg_color=&#8220;#FFFFFF&#8220; button_border_color=&#8220;#001c44&#8243; button_use_icon=&#8220;off&#8220; box_shadow_style=&#8220;preset1&#8243; box_shadow_blur=&#8220;14px&#8220; global_colors_info=&#8220;{}&#8220; button_bg_color__hover_enabled=&#8220;on|hover&#8220; button_text_color__hover_enabled=&#8220;on|hover&#8220; button_bg_color__hover=&#8220;#FFFFFF&#8220; button_text_color__hover=&#8220;#1B3458&#8243;][\/et_pb_button][\/et_pb_column][\/et_pb_row][et_pb_row _builder_version=&#8220;4.16&#8243; global_colors_info=&#8220;{}&#8220;][et_pb_column type=&#8220;4_4&#8243; _builder_version=&#8220;4.16&#8243; global_colors_info=&#8220;{}&#8220;][et_pb_gallery gallery_ids=&#8220;28535,28530,28534,28532,28533&#8243; fullwidth=&#8220;on&#8220; _builder_version=&#8220;4.23.1&#8243; _module_preset=&#8220;default&#8220; title_text_color=&#8220;#FFFFFF&#8220; pagination_text_color=&#8220;#FFFFFF&#8220; border_radii=&#8220;on|4px|4px|4px|4px&#8220; global_colors_info=&#8220;{}&#8220;][\/et_pb_gallery][\/et_pb_column][\/et_pb_row][\/et_pb_section]<\/p>\n","protected":false},"excerpt":{"rendered":"<p>Abschlussfeier SoSe 2026 &#8211; am 26.06.2026Wir freuen uns auf euch!Hallo Zusammen! Jeweils im Sommer- und im Wintersemester richten wir, die Fachschaft WiWi, f\u00fcr die Bachelor- und Masterabsolvent*innen die abschlie\u00dfende Abschlussfeier aus. Die Feier findet immer entsprechend am letzten Freitag im Juni und November statt. Der Ablauf ist dabei jedes Jahr \u00e4hnlich. Vormittags findet die feierliche [&hellip;]<\/p>\n","protected":false},"author":20,"featured_media":28604,"parent":3926,"menu_order":0,"comment_status":"closed","ping_status":"closed","template":"","meta":{"_et_pb_use_builder":"on","_et_pb_old_content":"","_et_gb_content_width":"","footnotes":""},"class_list":["post-25591","page","type-page","status-publish","has-post-thumbnail","hentry"],"_links":{"self":[{"href":"https:\/\/fachschaft-wiwi.ms\/en\/wp-json\/wp\/v2\/pages\/25591","targetHints":{"allow":["GET"]}}],"collection":[{"href":"https:\/\/fachschaft-wiwi.ms\/en\/wp-json\/wp\/v2\/pages"}],"about":[{"href":"https:\/\/fachschaft-wiwi.ms\/en\/wp-json\/wp\/v2\/types\/page"}],"author":[{"embeddable":true,"href":"https:\/\/fachschaft-wiwi.ms\/en\/wp-json\/wp\/v2\/users\/20"}],"replies":[{"embeddable":true,"href":"https:\/\/fachschaft-wiwi.ms\/en\/wp-json\/wp\/v2\/comments?post=25591"}],"version-history":[{"count":97,"href":"https:\/\/fachschaft-wiwi.ms\/en\/wp-json\/wp\/v2\/pages\/25591\/revisions"}],"predecessor-version":[{"id":29840,"href":"https:\/\/fachschaft-wiwi.ms\/en\/wp-json\/wp\/v2\/pages\/25591\/revisions\/29840"}],"up":[{"embeddable":true,"href":"https:\/\/fachschaft-wiwi.ms\/en\/wp-json\/wp\/v2\/pages\/3926"}],"wp:featuredmedia":[{"embeddable":true,"href":"https:\/\/fachschaft-wiwi.ms\/en\/wp-json\/wp\/v2\/media\/28604"}],"wp:attachment":[{"href":"https:\/\/fachschaft-wiwi.ms\/en\/wp-json\/wp\/v2\/media?parent=25591"}],"curies":[{"name":"wp","href":"https:\/\/api.w.org\/{rel}","templated":true}]}}