{"id":25500,"date":"2020-01-08T11:26:54","date_gmt":"2020-01-08T10:26:54","guid":{"rendered":"https:\/\/fachschaft-wiwi.ms\/?page_id=25500"},"modified":"2026-03-10T22:26:51","modified_gmt":"2026-03-10T21:26:51","slug":"mentorenbewerbung","status":"publish","type":"page","link":"https:\/\/fachschaft-wiwi.ms\/en\/veranstaltungen\/o-woche\/mentorenbewerbung\/","title":{"rendered":"Mentorenbewerbung"},"content":{"rendered":"<p>[et_pb_section fb_built=&#8220;1&#8243; fullwidth=&#8220;on&#8220; _builder_version=&#8220;4.16&#8243; global_colors_info=&#8220;{}&#8220;][et_pb_fullwidth_header title=&#8220;Mentor*innenbewerbung&#8220; _builder_version=&#8220;4.16&#8243; use_background_color_gradient=&#8220;on&#8220; background_color_gradient_stops=&#8220;rgba(27,52,88,0.71) 0%|rgba(27,52,88,0.71) 100%&#8220; background_color_gradient_overlays_image=&#8220;on&#8220; background_color_gradient_start=&#8220;rgba(27,52,88,0.71)&#8220; background_color_gradient_end=&#8220;rgba(27,52,88,0.71)&#8220; background_image=&#8220;https:\/\/fachschaft-wiwi.ms\/wp-content\/uploads\/2019\/07\/DSC_2065.jpg&#8220; background_position=&#8220;top_left&#8220; custom_margin=&#8220;||-3px|||&#8220; custom_padding=&#8220;99px||79px|||&#8220; global_colors_info=&#8220;{}&#8220;][\/et_pb_fullwidth_header][\/et_pb_section][et_pb_section fb_built=&#8220;1&#8243; _builder_version=&#8220;4.16&#8243; custom_margin=&#8220;-1px|||||&#8220; custom_padding=&#8220;0px|||||&#8220; global_colors_info=&#8220;{}&#8220;][et_pb_row _builder_version=&#8220;4.16&#8243; global_colors_info=&#8220;{}&#8220;][et_pb_column type=&#8220;4_4&#8243; _builder_version=&#8220;4.16&#8243; global_colors_info=&#8220;{}&#8220;][et_pb_button button_url=&#8220;https:\/\/docs.google.com\/forms\/d\/e\/1FAIpQLSey5X3g9JzznUoTsrrwr8hBUmXcXhIYn98lKQdFjgWCuAvknA\/viewform?fbclid=PAZXh0bgNhZW0CMTEAc3J0YwZhcHBfaWQMMjU2MjgxMDQwNTU4AAGnwWaaX-snrMpRghfDevKAthu6-thhlMVBhlvnH45Blbg8KmNT0eZpizFBBKU_aem_kJFvny6yGaDeOlrI7Sm-Rw&#038;pli=1&#038;fbzx=-5280666512815834534&#8243; url_new_window=&#8220;on&#8220; button_text=&#8220;Mentor*innen Bewerbung&#8220; button_alignment=&#8220;center&#8220; _builder_version=&#8220;4.27.2&#8243; _module_preset=&#8220;default&#8220; button_text_size=&#8220;26px&#8220; button_border_color=&#8220;#1B3458&#8243; button_icon=&#8220;&#x35;||divi||400&#8243; button_icon_color=&#8220;#FFFFFF&#8220; background_layout=&#8220;dark&#8220; filter_saturate=&#8220;174%&#8220; hover_enabled=&#8220;0&#8243; box_shadow_style=&#8220;preset1&#8243; global_colors_info=&#8220;{}&#8220; sticky_enabled=&#8220;0&#8243;][\/et_pb_button][\/et_pb_column][\/et_pb_row][et_pb_row _builder_version=&#8220;4.27.2&#8243; global_colors_info=&#8220;{}&#8220;][et_pb_column type=&#8220;4_4&#8243; _builder_version=&#8220;4.16&#8243; global_colors_info=&#8220;{}&#8220;][et_pb_text _builder_version=&#8220;4.27.2&#8243; custom_padding=&#8220;||0px|||&#8220; global_colors_info=&#8220;{}&#8220;]<\/p>\n<p><strong style=\"font-size: 14px;\">Mentor*innen gesucht!<\/strong><\/p>\n<p>Die O-Woche findet am 07.04.-10.04.2026 (Woche vor Vorlesungsbeginn) statt.<br \/>Weitere Informationen zu Ablauf etc. erhaltet ihr beim <strong>Briefing<\/strong>, zu dem die beiden Hauptmentoren eingeladen werden.<\/p>\n<p>Bewerbt euch gerne durch das oben verlinkte Formular.\u00a0<\/p>\n<p>Idealerweise seid ihr mindestens 6 Personen in eurem Team. Sollten euch noch Co-Mentoren fehlen, k\u00f6nnen wir euch gerne freiwillige Kommilitonen weitervermitteln.<\/p>\n<p>Ihr seid motiviert, kommunikativ und m\u00f6chtet der n\u00e4chsten Ersti-Generation den Einstieg ins Studium erleichtern? Au\u00dferdem habt ihr die besten \u00dcberlebenstipps f\u00fcr die Uni und die krassesten Insider in M\u00fcnster?\ud83d\udcaa\ud83c\udffc\ud83d\udd25<br \/>Dann seid ihr bei uns genau richtig!<\/p>\n<p>Wir freuen uns auf euch!<\/p>\n<p>&nbsp;<\/p>\n<p>PS: Wenn ihr Fragen habt, wendet euch gerne an <a href=\"mailto:owoche@fachschaft-wiwi.ms\">owoche@fachschaft-wiwi.ms<\/a>\u00a0<\/p>\n<p>[\/et_pb_text][\/et_pb_column][\/et_pb_row][et_pb_row _builder_version=&#8220;4.16&#8243; global_colors_info=&#8220;{}&#8220;][et_pb_column type=&#8220;4_4&#8243; _builder_version=&#8220;4.16&#8243; global_colors_info=&#8220;{}&#8220;][et_pb_text _builder_version=&#8220;4.16&#8243; text_font_size=&#8220;13px&#8220; min_height=&#8220;33px&#8220; global_colors_info=&#8220;{}&#8220;]<\/p>\n<h3 style=\"text-align: center;\"><strong>\u00a0<br \/><\/strong><\/h3>\n<p><strong><\/strong><\/p>\n<p style=\"text-align: center;\">Seid euch aber bewusst, dass ihr damit auch eine gewisse Verantwortung habt! Ihr habt immerhin Einfluss auf eure Gruppe und die O-Woche im Ganzen.<\/p>\n<p style=\"text-align: center;\">Das ist gerade in diesem Jahr wichtiger denn je. Aber zusammen werden wir eine gute O-Woche auf die Beine stellen k\u00f6nnen!<\/p>\n<p style=\"text-align: center;\">Wir z\u00e4hlen auf EUCH!<\/p>\n<p style=\"text-align: center;\">\n<p>[\/et_pb_text][\/et_pb_column][\/et_pb_row][et_pb_row _builder_version=&#8220;4.16&#8243; global_colors_info=&#8220;{}&#8220;][et_pb_column type=&#8220;4_4&#8243; _builder_version=&#8220;4.16&#8243; global_colors_info=&#8220;{}&#8220;][et_pb_image src=&#8220;https:\/\/fachschaft-wiwi.ms\/wp-content\/uploads\/2022\/01\/WhatsApp-Image-2021-10-05-at-08.26.01.jpeg&#8220; title_text=&#8220;O-Woche WS2122 33 WN&#8220; _builder_version=&#8220;4.16&#8243; global_colors_info=&#8220;{}&#8220;][\/et_pb_image][\/et_pb_column][\/et_pb_row][\/et_pb_section][et_pb_section fb_built=&#8220;1&#8243; _builder_version=&#8220;4.16&#8243; background_color=&#8220;#1b3458&#8243; custom_padding=&#8220;0px||20px|||&#8220; saved_tabs=&#8220;all&#8220; global_colors_info=&#8220;{}&#8220;][et_pb_row column_structure=&#8220;1_2,1_4,1_4&#8243; use_custom_gutter=&#8220;on&#8220; gutter_width=&#8220;2&#8243; padding_mobile=&#8220;on&#8220; column_padding_mobile=&#8220;on&#8220; admin_label=&#8220;Row&#8220; _builder_version=&#8220;4.16&#8243; background_size=&#8220;initial&#8220; background_position=&#8220;top_left&#8220; background_repeat=&#8220;repeat&#8220; min_height=&#8220;128px&#8220; custom_padding=&#8220;50px||0px|||&#8220; make_fullwidth=&#8220;off&#8220; use_custom_width=&#8220;off&#8220; width_unit=&#8220;on&#8220; global_colors_info=&#8220;{}&#8220;][et_pb_column type=&#8220;1_2&#8243; _builder_version=&#8220;4.16&#8243; custom_padding=&#8220;|||&#8220; global_colors_info=&#8220;{}&#8220; custom_padding__hover=&#8220;|||&#8220;][et_pb_text admin_label=&#8220;Text&#8220; _builder_version=&#8220;4.16&#8243; text_font=&#8220;|700|||||||&#8220; text_text_color=&#8220;#ffffff&#8220; text_font_size=&#8220;28&#8243; text_line_height=&#8220;1.4em&#8220; header_font_size=&#8220;25px&#8220; background_size=&#8220;initial&#8220; background_position=&#8220;top_left&#8220; background_repeat=&#8220;repeat&#8220; custom_margin=&#8220;||8px|&#8220; custom_padding=&#8220;|0px||||&#8220; custom_css_main_element=&#8220;font-weight: 900;&#8220; use_border_color=&#8220;off&#8220; border_color=&#8220;#ffffff&#8220; border_style=&#8220;solid&#8220; global_colors_info=&#8220;{}&#8220;]<\/p>\n<h1><span style=\"color: #ffffff;\">Fachschaft WiWi Uni M\u00fcnster<\/span><\/h1>\n<p>[\/et_pb_text][et_pb_text admin_label=&#8220;Text&#8220; _builder_version=&#8220;4.16&#8243; text_font=&#8220;Source Sans Pro|||on|||||&#8220; text_text_color=&#8220;#ffffff&#8220; text_font_size=&#8220;12&#8243; text_line_height=&#8220;1.5em&#8220; background_size=&#8220;initial&#8220; background_position=&#8220;top_left&#8220; background_repeat=&#8220;repeat&#8220; max_width=&#8220;300px&#8220; custom_padding=&#8220;0px|||&#8220; use_border_color=&#8220;off&#8220; border_color=&#8220;#ffffff&#8220; border_style=&#8220;solid&#8220; global_colors_info=&#8220;{}&#8220;]<\/p>\n<p><span style=\"font-size: 12px;\">Universit\u00e4tsstrasse 18<\/span><\/p>\n<p class=\"p-adr h-adr\"><span class=\"p-postal-code\">48143<\/span>\u00a0<span class=\"p-locality\">M\u00fcnster<\/span><\/p>\n<p><span style=\"color: #ffffff;\">\u00a9 2019 F\u00f6rderverein Fachschaft WiWi e.V.<\/span><\/p>\n<p>[\/et_pb_text][\/et_pb_column][et_pb_column type=&#8220;1_4&#8243; _builder_version=&#8220;4.16&#8243; custom_padding=&#8220;|||&#8220; global_colors_info=&#8220;{}&#8220; custom_padding__hover=&#8220;|||&#8220;][et_pb_text admin_label=&#8220;Text&#8220; _builder_version=&#8220;4.16&#8243; text_font=&#8220;Source Sans Pro|on|||&#8220; text_text_color=&#8220;#666666&#8243; text_font_size=&#8220;18&#8243; text_line_height=&#8220;1.4em&#8220; background_size=&#8220;initial&#8220; background_position=&#8220;top_left&#8220; background_repeat=&#8220;repeat&#8220; custom_margin=&#8220;||8px|&#8220; use_border_color=&#8220;off&#8220; border_color=&#8220;#ffffff&#8220; border_style=&#8220;solid&#8220; global_colors_info=&#8220;{}&#8220;]<\/p>\n<p><span style=\"color: #ffffff;\">Sonstiges<\/span><\/p>\n<p>[\/et_pb_text][et_pb_text admin_label=&#8220;Text&#8220; _builder_version=&#8220;4.16&#8243; text_font=&#8220;Source Sans Pro||||&#8220; text_text_color=&#8220;#ffffff&#8220; text_font_size=&#8220;18&#8243; text_line_height=&#8220;2.2em&#8220; background_size=&#8220;initial&#8220; background_position=&#8220;top_left&#8220; background_repeat=&#8220;repeat&#8220; custom_padding=&#8220;0px|||&#8220; use_border_color=&#8220;off&#8220; border_color=&#8220;#ffffff&#8220; border_style=&#8220;solid&#8220; global_colors_info=&#8220;{}&#8220;]<\/p>\n<p><a href=\"https:\/\/www.uni-muenster.de\/de\/\" target=\"_blank\" rel=\"noopener noreferrer\"><span style=\"color: #ffffff;\">Uni M\u00fcnster<\/span><\/a><br \/><a href=\"https:\/\/www.wiwi.uni-muenster.de\/\" target=\"_blank\" rel=\"noopener noreferrer\"><span style=\"color: #ffffff;\"> Fachbereich WIWI<\/span><\/a><br \/><span style=\"color: #ffffff;\"> <a style=\"color: #ffffff; outline-width: 0px !important; user-select: auto !important;\" href=\"faq\">FAQ<\/a><\/span><br \/><a href=\"https:\/\/fachschaft-wiwi.ms\/privacy-policy\/\"><span style=\"color: #ffffff;\"> Impressum &amp; Datenschutz<\/span><\/a><\/p>\n<p>[\/et_pb_text][\/et_pb_column][et_pb_column type=&#8220;1_4&#8243; _builder_version=&#8220;4.16&#8243; custom_padding=&#8220;|||&#8220; global_colors_info=&#8220;{}&#8220; custom_padding__hover=&#8220;|||&#8220;][et_pb_text admin_label=&#8220;Text&#8220; _builder_version=&#8220;4.16&#8243; text_font=&#8220;Source Sans Pro|on|||&#8220; text_text_color=&#8220;#666666&#8243; text_font_size=&#8220;18&#8243; text_line_height=&#8220;1.4em&#8220; background_size=&#8220;initial&#8220; background_position=&#8220;top_left&#8220; background_repeat=&#8220;repeat&#8220; custom_margin=&#8220;||8px|&#8220; use_border_color=&#8220;off&#8220; border_color=&#8220;#ffffff&#8220; border_style=&#8220;solid&#8220; global_colors_info=&#8220;{}&#8220;]<\/p>\n<p><span style=\"color: #ffffff;\">Social Media<\/span><\/p>\n<p>[\/et_pb_text][et_pb_gallery gallery_ids=&#8220;1128,1132,1129,1131,1133,1142&#8243; fullwidth=&#8220;on&#8220; admin_label=&#8220;Gallery&#8220; _builder_version=&#8220;4.16&#8243; caption_all_caps=&#8220;off&#8220; background_layout=&#8220;dark&#8220; use_border_color=&#8220;off&#8220; border_color=&#8220;#ffffff&#8220; border_style=&#8220;solid&#8220; global_colors_info=&#8220;{}&#8220;][\/et_pb_gallery][et_pb_social_media_follow icon_color=&#8220;#ffffff&#8220; _builder_version=&#8220;4.16&#8243; custom_button=&#8220;on&#8220; button_text_color=&#8220;#ffffff&#8220; button_font=&#8220;||||||||&#8220; global_colors_info=&#8220;{}&#8220;][et_pb_social_media_follow_network social_network=&#8220;facebook&#8220; url=&#8220;https:\/\/www.facebook.com\/fachschaftwiwi.ms\/&#8220; _builder_version=&#8220;4.16&#8243; background_color=&#8220;#3b5998&#8243; global_colors_info=&#8220;{}&#8220; follow_button=&#8220;off&#8220; url_new_window=&#8220;on&#8220;]facebook[\/et_pb_social_media_follow_network][et_pb_social_media_follow_network social_network=&#8220;instagram&#8220; url=&#8220;https:\/\/www.instagram.com\/fachschaft.wiwi.ms\/&#8220; _builder_version=&#8220;4.16&#8243; background_color=&#8220;#ea2c59&#8243; global_colors_info=&#8220;{}&#8220; follow_button=&#8220;off&#8220; url_new_window=&#8220;on&#8220;]instagram[\/et_pb_social_media_follow_network][\/et_pb_social_media_follow][et_pb_text admin_label=&#8220;Text&#8220; _builder_version=&#8220;4.16&#8243; text_font=&#8220;Source Sans Pro|on|||&#8220; text_text_color=&#8220;#666666&#8243; text_font_size=&#8220;18&#8243; text_line_height=&#8220;1.4em&#8220; background_size=&#8220;initial&#8220; background_position=&#8220;top_left&#8220; background_repeat=&#8220;repeat&#8220; custom_margin=&#8220;||8px|&#8220; use_border_color=&#8220;off&#8220; border_color=&#8220;#ffffff&#8220; border_style=&#8220;solid&#8220; global_colors_info=&#8220;{}&#8220;]<\/p>\n<p><span style=\"color: #ffffff;\">Hosted by<\/span><\/p>\n<p>[\/et_pb_text][et_pb_image src=&#8220;https:\/\/fachschaft-wiwi.ms\/wp-content\/uploads\/2019\/07\/raidboxes-logo.png&#8220; url=&#8220;https:\/\/raidboxes.de\/&#8220; _builder_version=&#8220;4.16&#8243; width=&#8220;72%&#8220; global_colors_info=&#8220;{}&#8220;][\/et_pb_image][\/et_pb_column][\/et_pb_row][\/et_pb_section]<\/p>\n","protected":false},"excerpt":{"rendered":"<p>Mentor*innen gesucht! Die O-Woche findet am 07.04.-10.04.2026 (Woche vor Vorlesungsbeginn) statt.Weitere Informationen zu Ablauf etc. erhaltet ihr beim Briefing, zu dem die beiden Hauptmentoren eingeladen werden. Bewerbt euch gerne durch das oben verlinkte Formular.\u00a0 Idealerweise seid ihr mindestens 6 Personen in eurem Team. Sollten euch noch Co-Mentoren fehlen, k\u00f6nnen wir euch gerne freiwillige Kommilitonen weitervermitteln. [&hellip;]<\/p>\n","protected":false},"author":3,"featured_media":0,"parent":29053,"menu_order":0,"comment_status":"closed","ping_status":"closed","template":"","meta":{"_et_pb_use_builder":"on","_et_pb_old_content":"","_et_gb_content_width":"","footnotes":""},"class_list":["post-25500","page","type-page","status-publish","hentry"],"_links":{"self":[{"href":"https:\/\/fachschaft-wiwi.ms\/en\/wp-json\/wp\/v2\/pages\/25500","targetHints":{"allow":["GET"]}}],"collection":[{"href":"https:\/\/fachschaft-wiwi.ms\/en\/wp-json\/wp\/v2\/pages"}],"about":[{"href":"https:\/\/fachschaft-wiwi.ms\/en\/wp-json\/wp\/v2\/types\/page"}],"author":[{"embeddable":true,"href":"https:\/\/fachschaft-wiwi.ms\/en\/wp-json\/wp\/v2\/users\/3"}],"replies":[{"embeddable":true,"href":"https:\/\/fachschaft-wiwi.ms\/en\/wp-json\/wp\/v2\/comments?post=25500"}],"version-history":[{"count":52,"href":"https:\/\/fachschaft-wiwi.ms\/en\/wp-json\/wp\/v2\/pages\/25500\/revisions"}],"predecessor-version":[{"id":29852,"href":"https:\/\/fachschaft-wiwi.ms\/en\/wp-json\/wp\/v2\/pages\/25500\/revisions\/29852"}],"up":[{"embeddable":true,"href":"https:\/\/fachschaft-wiwi.ms\/en\/wp-json\/wp\/v2\/pages\/29053"}],"wp:attachment":[{"href":"https:\/\/fachschaft-wiwi.ms\/en\/wp-json\/wp\/v2\/media?parent=25500"}],"curies":[{"name":"wp","href":"https:\/\/api.w.org\/{rel}","templated":true}]}}