{"id":25379,"date":"2019-11-18T21:53:52","date_gmt":"2019-11-18T20:53:52","guid":{"rendered":"https:\/\/fachschaft-wiwi.ms\/?page_id=25379"},"modified":"2026-03-11T00:02:17","modified_gmt":"2026-03-10T23:02:17","slug":"bewerbung","status":"publish","type":"page","link":"https:\/\/fachschaft-wiwi.ms\/en\/studieninteressierte\/bewerbung\/","title":{"rendered":"Application"},"content":{"rendered":"<p>[et_pb_section fb_built=&#8220;1&#8243; _builder_version=&#8220;4.24.0&#8243; _dynamic_attributes=&#8220;background_image&#8220; _module_preset=&#8220;default&#8220; use_background_color_gradient=&#8220;on&#8220; background_color_gradient_stops=&#8220;rgba(27,52,88,0.75) 0%|rgba(27,52,88,0.75) 100%&#8220; background_color_gradient_overlays_image=&#8220;on&#8220; background_image=&#8220;@ET-DC@eyJkeW5hbWljIjp0cnVlLCJjb250ZW50IjoicG9zdF9mZWF0dXJlZF9pbWFnZSIsInNldHRpbmdzIjp7fX0=@&#8220; global_module=&#8220;28574&#8243; saved_tabs=&#8220;all&#8220; locked=&#8220;off&#8220; global_colors_info=&#8220;{}&#8220;][et_pb_row _builder_version=&#8220;4.24.0&#8243; _module_preset=&#8220;default&#8220; global_colors_info=&#8220;{}&#8220;][et_pb_column type=&#8220;4_4&#8243; _builder_version=&#8220;4.23.1&#8243; _module_preset=&#8220;default&#8220; global_colors_info=&#8220;{}&#8220;][et_pb_text _builder_version=&#8220;4.27.0&#8243; _dynamic_attributes=&#8220;content&#8220; _module_preset=&#8220;default&#8220; header_text_color=&#8220;#FFFFFF&#8220; custom_margin=&#8220;||-4px||false|false&#8220; global_colors_info=&#8220;{}&#8220;]@ET-DC@eyJkeW5hbWljIjp0cnVlLCJjb250ZW50IjoicG9zdF90aXRsZSIsInNldHRpbmdzIjp7ImJlZm9yZSI6IjxoMT4iLCJhZnRlciI6IjwvaDE+In19@[\/et_pb_text][\/et_pb_column][\/et_pb_row][\/et_pb_section][et_pb_section fb_built=&#8220;1&#8243; _builder_version=&#8220;4.23.1&#8243; _module_preset=&#8220;default&#8220; global_colors_info=&#8220;{}&#8220;][et_pb_row _builder_version=&#8220;4.23.1&#8243; _module_preset=&#8220;default&#8220; global_colors_info=&#8220;{}&#8220;][et_pb_column type=&#8220;4_4&#8243; _builder_version=&#8220;4.23.1&#8243; _module_preset=&#8220;default&#8220; global_colors_info=&#8220;{}&#8220;][et_pb_text _builder_version=&#8220;4.23.1&#8243; _module_preset=&#8220;default&#8220; global_colors_info=&#8220;{}&#8220;]<\/p>\n<h2>Bewerbungsverfahren<\/h2>\n<p>Da die Studienf\u00e4cher BWL, VWL und Wirtschaftsinformatik zulassungsbeschr\u00e4nkt sind, ist f\u00fcr alle 3 F\u00e4cher eine Online-Bewerbung erforderlich.<\/p>\n<p>[\/et_pb_text][\/et_pb_column][\/et_pb_row][et_pb_row _builder_version=&#8220;4.23.1&#8243; _module_preset=&#8220;default&#8220; global_colors_info=&#8220;{}&#8220;][et_pb_column type=&#8220;4_4&#8243; _builder_version=&#8220;4.23.1&#8243; _module_preset=&#8220;default&#8220; global_colors_info=&#8220;{}&#8220;][et_pb_text _builder_version=&#8220;4.23.1&#8243; _module_preset=&#8220;default&#8220; global_colors_info=&#8220;{}&#8220;]<\/p>\n<h3>Bewerbungsfristen<span style=\"color: #a5a5a5;\">*<\/span><\/h3>\n<p><strong>Wintersemester<\/strong>: Mai &#8211; 15. Juli<br \/><strong>Sommersemester<\/strong>: November &#8211; 15. Januar<\/p>\n<p>Eine Bewerbung f\u00fcr den Bachelorstudiengang Wirtschaftsinformatik ist nur zum Wintersemester m\u00f6glich.<\/p>\n<p>Die Anmeldungsfristen f\u00fcr den BWL-Masterstudiengang haben sich verk\u00fcrzt. Weitere Informationen findet ihr<span>\u00a0<\/span><a href=\"http:\/\/www.wiwi.uni-muenster.de\/master_bwl\/informationen\/\">hier<\/a>.<\/p>\n<p>[\/et_pb_text][\/et_pb_column][\/et_pb_row][et_pb_row _builder_version=&#8220;4.23.1&#8243; _module_preset=&#8220;default&#8220; global_colors_info=&#8220;{}&#8220;][et_pb_column type=&#8220;4_4&#8243; _builder_version=&#8220;4.23.1&#8243; _module_preset=&#8220;default&#8220; global_colors_info=&#8220;{}&#8220;][et_pb_text _builder_version=&#8220;4.23.1&#8243; _module_preset=&#8220;default&#8220; global_colors_info=&#8220;{}&#8220;]<\/p>\n<h3>Informationen zu Bachelor Bewerbungen<strong><\/strong><\/h3>\n<p><a href=\"https:\/\/www.wiwi.uni-muenster.de\/fakultaet\/de\/studium\/bachelor\/bwl\/bewerbungzulassung\">Betriebswirtschaftslehre<strong><\/strong><\/a><\/p>\n<p><a href=\"https:\/\/www.wiwi.uni-muenster.de\/fakultaet\/de\/studium\/bachelor\/vwl\/bewerbungzulassung\">Volkswirtschaftslehre<\/a><\/p>\n<p><a href=\"https:\/\/www.wi.uni-muenster.de\/de\/studieninteressierte\/unsere-studiengaenge\/bachelor\">Wirtschaftsinformatik<\/a><strong><\/strong><\/p>\n<p>[\/et_pb_text][\/et_pb_column][\/et_pb_row][et_pb_row _builder_version=&#8220;4.23.1&#8243; _module_preset=&#8220;default&#8220; global_colors_info=&#8220;{}&#8220;][et_pb_column type=&#8220;4_4&#8243; _builder_version=&#8220;4.23.1&#8243; _module_preset=&#8220;default&#8220; global_colors_info=&#8220;{}&#8220;][et_pb_text _builder_version=&#8220;4.27.2&#8243; _module_preset=&#8220;default&#8220; hover_enabled=&#8220;0&#8243; global_colors_info=&#8220;{}&#8220; sticky_enabled=&#8220;0&#8243;]<\/p>\n<h3>Informationen zu Master Bewerbungen<strong><\/strong><\/h3>\n<p><a href=\"https:\/\/www.wiwi.uni-muenster.de\/fakultaet\/de\/studium\/studiengaenge\/master\/bwl\/bewerbung-und-zulassung\" target=\"_blank\" rel=\"noopener\">Betriebswirtschaftslehre<strong><\/strong><\/a><\/p>\n<p><a href=\"https:\/\/www.wiwi.uni-muenster.de\/fakultaet\/de\/studium\/master\/volkswirtschaftslehreeconomics\" target=\"_blank\" rel=\"noopener\">Volkswirtschaftslehre<span style=\"font-size: 14px;\"><\/span><\/a><\/p>\n<p><a href=\"https:\/\/www.wi.uni-muenster.de\/prospective-students\/our-courses-study\/master-science-information-systems\/application-and-admission\" target=\"_blank\" rel=\"noopener\">Wirtschaftsinformatik\u00a0(Informations\u00a0Systems)<\/a><\/p>\n<p>[\/et_pb_text][\/et_pb_column][\/et_pb_row][et_pb_row _builder_version=&#8220;4.23.1&#8243; _module_preset=&#8220;default&#8220; global_colors_info=&#8220;{}&#8220;][et_pb_column type=&#8220;4_4&#8243; _builder_version=&#8220;4.23.1&#8243; _module_preset=&#8220;default&#8220; global_colors_info=&#8220;{}&#8220;][et_pb_text _builder_version=&#8220;4.23.1&#8243; _module_preset=&#8220;default&#8220; global_colors_info=&#8220;{}&#8220;]<\/p>\n<h3>NC<strong><\/strong><a href=\"https:\/\/www.wiwi.uni-muenster.de\/fakultaet\/de\/studium\/master\/information-systems\"><span style=\"text-decoration: underline;\"><\/span><\/a><\/h3>\n<p>Die NC-Werte der vergangenen Semester findest du <span style=\"text-decoration: underline;\"><a href=\"https:\/\/www.uni-muenster.de\/studieninteressierte\/zulassung\/auswahlgrenzen\/\" target=\"_blank\" rel=\"noopener\" title=\"Zulassungsbeschr\u00e4nkungen Uni M\u00fcnster\">hier<\/a><\/span>.<\/p>\n<p><strong>Bitte beachte folgendes:<\/strong> Die NC-Werte der vergangenen Semester sollen nur der groben Orientierung dienen und lassen keine garantierten R\u00fcckschl\u00fcsse auf zuk\u00fcnftige Auswahlverfahren zu.<\/p>\n<p>[\/et_pb_text][et_pb_text _builder_version=&#8220;4.27.2&#8243; _module_preset=&#8220;default&#8220; global_colors_info=&#8220;{}&#8220;]<\/p>\n<p>* Die Angaben zu Bewerbungsfristen k\u00f6nnen in einzelnen Studieng\u00e4ngen oder zuk\u00fcnftigen Semestern abweichen und sind ohne Gew\u00e4hr. Informiert euch f\u00fcr verbindliche Angaben am besten direkt auf der Website der Fakult\u00e4t<\/p>\n<p>[\/et_pb_text][\/et_pb_column][\/et_pb_row][\/et_pb_section]<\/p>\n","protected":false},"excerpt":{"rendered":"<p>Bewerbungsverfahren Da die Studienf\u00e4cher BWL, VWL und Wirtschaftsinformatik zulassungsbeschr\u00e4nkt sind, ist f\u00fcr alle 3 F\u00e4cher eine Online-Bewerbung erforderlich.Bewerbungsfristen* Wintersemester: Mai &#8211; 15. JuliSommersemester: November &#8211; 15. Januar Eine Bewerbung f\u00fcr den Bachelorstudiengang Wirtschaftsinformatik ist nur zum Wintersemester m\u00f6glich. Die Anmeldungsfristen f\u00fcr den BWL-Masterstudiengang haben sich verk\u00fcrzt. Weitere Informationen findet ihr\u00a0hier.Informationen zu Bachelor Bewerbungen Betriebswirtschaftslehre Volkswirtschaftslehre [&hellip;]<\/p>\n","protected":false},"author":1,"featured_media":25369,"parent":3932,"menu_order":0,"comment_status":"closed","ping_status":"closed","template":"","meta":{"_et_pb_use_builder":"on","_et_pb_old_content":"","_et_gb_content_width":"","footnotes":""},"class_list":["post-25379","page","type-page","status-publish","has-post-thumbnail","hentry"],"_links":{"self":[{"href":"https:\/\/fachschaft-wiwi.ms\/en\/wp-json\/wp\/v2\/pages\/25379","targetHints":{"allow":["GET"]}}],"collection":[{"href":"https:\/\/fachschaft-wiwi.ms\/en\/wp-json\/wp\/v2\/pages"}],"about":[{"href":"https:\/\/fachschaft-wiwi.ms\/en\/wp-json\/wp\/v2\/types\/page"}],"author":[{"embeddable":true,"href":"https:\/\/fachschaft-wiwi.ms\/en\/wp-json\/wp\/v2\/users\/1"}],"replies":[{"embeddable":true,"href":"https:\/\/fachschaft-wiwi.ms\/en\/wp-json\/wp\/v2\/comments?post=25379"}],"version-history":[{"count":18,"href":"https:\/\/fachschaft-wiwi.ms\/en\/wp-json\/wp\/v2\/pages\/25379\/revisions"}],"predecessor-version":[{"id":29870,"href":"https:\/\/fachschaft-wiwi.ms\/en\/wp-json\/wp\/v2\/pages\/25379\/revisions\/29870"}],"up":[{"embeddable":true,"href":"https:\/\/fachschaft-wiwi.ms\/en\/wp-json\/wp\/v2\/pages\/3932"}],"wp:featuredmedia":[{"embeddable":true,"href":"https:\/\/fachschaft-wiwi.ms\/en\/wp-json\/wp\/v2\/media\/25369"}],"wp:attachment":[{"href":"https:\/\/fachschaft-wiwi.ms\/en\/wp-json\/wp\/v2\/media?parent=25379"}],"curies":[{"name":"wp","href":"https:\/\/api.w.org\/{rel}","templated":true}]}}