{"id":25375,"date":"2019-11-18T21:49:06","date_gmt":"2019-11-18T20:49:06","guid":{"rendered":"https:\/\/fachschaft-wiwi.ms\/?page_id=25375"},"modified":"2026-03-10T23:34:37","modified_gmt":"2026-03-10T22:34:37","slug":"master","status":"publish","type":"page","link":"https:\/\/fachschaft-wiwi.ms\/en\/studieninteressierte\/master\/","title":{"rendered":"Informationen zu den Masterstudieng\u00e4ngen"},"content":{"rendered":"<p>[et_pb_section fb_built=&#8220;1&#8243; _builder_version=&#8220;4.24.0&#8243; _dynamic_attributes=&#8220;background_image&#8220; _module_preset=&#8220;default&#8220; use_background_color_gradient=&#8220;on&#8220; background_color_gradient_stops=&#8220;rgba(27,52,88,0.75) 0%|rgba(27,52,88,0.75) 100%&#8220; background_color_gradient_overlays_image=&#8220;on&#8220; background_image=&#8220;@ET-DC@eyJkeW5hbWljIjp0cnVlLCJjb250ZW50IjoicG9zdF9mZWF0dXJlZF9pbWFnZSIsInNldHRpbmdzIjp7fX0=@&#8220; global_module=&#8220;28574&#8243; saved_tabs=&#8220;all&#8220; locked=&#8220;off&#8220; global_colors_info=&#8220;{}&#8220;][et_pb_row _builder_version=&#8220;4.24.0&#8243; _module_preset=&#8220;default&#8220; global_colors_info=&#8220;{}&#8220;][et_pb_column type=&#8220;4_4&#8243; _builder_version=&#8220;4.23.1&#8243; _module_preset=&#8220;default&#8220; global_colors_info=&#8220;{}&#8220;][et_pb_text _builder_version=&#8220;4.27.0&#8243; _dynamic_attributes=&#8220;content&#8220; _module_preset=&#8220;default&#8220; header_text_color=&#8220;#FFFFFF&#8220; custom_margin=&#8220;||-4px||false|false&#8220; global_colors_info=&#8220;{}&#8220;]@ET-DC@eyJkeW5hbWljIjp0cnVlLCJjb250ZW50IjoicG9zdF90aXRsZSIsInNldHRpbmdzIjp7ImJlZm9yZSI6IjxoMT4iLCJhZnRlciI6IjwvaDE+In19@[\/et_pb_text][\/et_pb_column][\/et_pb_row][\/et_pb_section][et_pb_section fb_built=&#8220;1&#8243; _builder_version=&#8220;4.23.1&#8243; _module_preset=&#8220;default&#8220; global_colors_info=&#8220;{}&#8220;][et_pb_row _builder_version=&#8220;4.23.1&#8243; _module_preset=&#8220;default&#8220; global_colors_info=&#8220;{}&#8220;][et_pb_column type=&#8220;4_4&#8243; _builder_version=&#8220;4.23.1&#8243; _module_preset=&#8220;default&#8220; global_colors_info=&#8220;{}&#8220;][et_pb_text _builder_version=&#8220;4.23.1&#8243; _module_preset=&#8220;default&#8220; global_colors_info=&#8220;{}&#8220;]<\/p>\n<p>Das wirtschaftswissenschaftliche Studium in M\u00fcnster setzt die Chancen des Bologna-Prozesses mit mehr Praxisbezug und k\u00fcrzeren Studienzeiten im Rahmen des Bachelor-Studiums und einer noch gezielteren F\u00f6rderung wissenschaftlicher Exzellenz im Master-Studium um. Die Bachelor- und Masterprogramme sind noch deutlicher auf Flexibilit\u00e4t, aber auch auf studentische Eigenverantwortung ausgerichtet. Der starke Praxisbezug der Lehrveranstaltungen wird nicht nur durch die Integration hochkar\u00e4tiger Referenten aus der Unternehmenspraxis sowie aus Politik und Verwaltung, sondern auch durch viele Veranstaltungen mit Projektcharakter sichergestellt. Den Studierenden werden durch die neue Studienstruktur insgesamt mehr Wahlm\u00f6glichkeiten geboten. Den gestiegenen Anforderungen im Hinblick auf international ausgebildete Absolventen wird durch englischsprachige Vorlesungen und Seminare, den Einbezug von ausl\u00e4ndischen Gastprofessoren sowie durch zahlreiche internationale Austauschprogramme Rechnung getragen.<\/p>\n<p>[\/et_pb_text][\/et_pb_column][\/et_pb_row][et_pb_row _builder_version=&#8220;4.23.1&#8243; _module_preset=&#8220;default&#8220; global_colors_info=&#8220;{}&#8220;][et_pb_column type=&#8220;4_4&#8243; _builder_version=&#8220;4.23.1&#8243; _module_preset=&#8220;default&#8220; global_colors_info=&#8220;{}&#8220;][et_pb_text _builder_version=&#8220;4.23.1&#8243; _module_preset=&#8220;default&#8220; global_colors_info=&#8220;{}&#8220;]<\/p>\n<h2>Das Master-Studium<\/h2>\n<p class=\"rtejustify\">In Deutschland ist der Master der zweite akademische Grad, den Studenten an Hochschulen als Abschluss einer wissenschaftlichen Ausbildung erlangen k\u00f6nnen. Ein Master wird nach einem ein- bis zweij\u00e4hrigen Vollzeitstudium verliehen. Studienvoraussetzung ist mindestens ein abgeschlossener Bachelor. Je nach Ausrichtung kann ein Masterstudiengang der wissenschaftlichen Vertiefung des vorherigen Studiums oder der Erschlie\u00dfung neuer Wissensgebiete dienen.<\/p>\n<p>[\/et_pb_text][\/et_pb_column][\/et_pb_row][et_pb_row _builder_version=&#8220;4.23.1&#8243; _module_preset=&#8220;default&#8220; global_colors_info=&#8220;{}&#8220;][et_pb_column type=&#8220;4_4&#8243; _builder_version=&#8220;4.23.1&#8243; _module_preset=&#8220;default&#8220; global_colors_info=&#8220;{}&#8220;][et_pb_text _builder_version=&#8220;4.27.2&#8243; _module_preset=&#8220;default&#8220; global_colors_info=&#8220;{}&#8220; hover_enabled=&#8220;0&#8243; sticky_enabled=&#8220;0&#8243;]<\/p>\n<h2>Das Master-Studium der Betriebswirtschaftslehre<\/h2>\n<p class=\"rtejustify\">Im Masterstudiengang<span>\u00a0<\/span><strong>Betriebswirtschaftslehre (Business Administration)<\/strong><span>\u00a0<\/span>wird den Studierenden ein internationalen Anspr\u00fcchen gerecht werdendes betriebswirtschaftliches Studium vermittelt, welches sich konsekutiv an ein erfolgreich abgeschlossenes Bachelorstudium anschlie\u00dft. Den Studierenden wird durch das Angebot verschiedener Schwerpunkte (Accounting, Finance, Management und Marketing) die M\u00f6glichkeit geboten, starke Interessensakzente in der spezifischen Ausgestaltung ihres Studiums zu setzen. Sowohl wissenschaftliche Forschungsorientierung als auch hohe Arbeitsmarktorientierung kennzeichnen das Studienangebot. Somit richtet sich das Programm an Bachelorabsolventen, die ihre Qualifikation \u00fcber den ersten berufsqualifizierenden Abschluss hinaus vertiefen m\u00f6chten und\/oder eine wissenschaftliche Karriere anstreben.<\/p>\n<p><a href=\"https:\/\/www.wiwi.uni-muenster.de\/master_bwl\/informationen\/\">Informationen zum BWL-Master-Programm<\/a><\/p>\n<p>Programmmanagement BWL Master: <a href=\"https:\/\/www.wiwi.uni-muenster.de\/fakultaet\/de\/fakultaet\/dekanat\/team\/jan-niklas-doerseln\" target=\"_blank\" rel=\"noopener\">Dr. Jan Niklas D\u00f6rseln<\/a><\/p>\n<p>&nbsp;<\/p>\n<p>[\/et_pb_text][\/et_pb_column][\/et_pb_row][et_pb_row _builder_version=&#8220;4.23.1&#8243; _module_preset=&#8220;default&#8220; global_colors_info=&#8220;{}&#8220;][et_pb_column type=&#8220;4_4&#8243; _builder_version=&#8220;4.23.1&#8243; _module_preset=&#8220;default&#8220; global_colors_info=&#8220;{}&#8220;][et_pb_text _builder_version=&#8220;4.27.2&#8243; _module_preset=&#8220;default&#8220; global_colors_info=&#8220;{}&#8220; hover_enabled=&#8220;0&#8243; sticky_enabled=&#8220;0&#8243;]<\/p>\n<h2>Das Master-Studium des Business Development<\/h2>\n<p class=\"rtejustify\">Der Masterstudiengang<b data-path-to-node=\"1\" data-index-in-node=\"5\">\u00a0Business Development<\/b> konzentriert sich auf Entrepreneurship, Unternehmensf\u00fchrung und strategisches Management. Gleichzeitig haben die Studierenden die M\u00f6glichkeit, im Wahlpflichtbereich eigene Schwerpunkte nach ihren pers\u00f6nlichen Pr\u00e4ferenzen zu setzen, um ihr Profil f\u00fcr einen erfolgreichen Karrierestart ma\u00dfzuschneidern \u2013 sei es in einer Managementposition in einem Unternehmen, im Bereich der Unternehmensberatung, bei Private-Equity-Gesellschaften oder beim Aufbau Ihres eigenen Start-ups.<\/p>\n<p><a href=\"https:\/\/www.wiwi.uni-muenster.de\/fakultaet\/de\/studium\/studiengaenge\/master\/business-development\">Informationen zum BD-Master-Programm<\/a><\/p>\n<p>Programmmanagement BD Master: <a href=\"https:\/\/www.wiwi.uni-muenster.de\/fakultaet\/de\/fakultaet\/dekanat\/team\/jan-niklas-doerseln\" target=\"_blank\" rel=\"noopener\">Dr. Jan Niklas D\u00f6rseln<\/a><\/p>\n<p>&nbsp;<\/p>\n<p>[\/et_pb_text][\/et_pb_column][\/et_pb_row][et_pb_row _builder_version=&#8220;4.23.1&#8243; _module_preset=&#8220;default&#8220; global_colors_info=&#8220;{}&#8220;][et_pb_column type=&#8220;4_4&#8243; _builder_version=&#8220;4.23.1&#8243; _module_preset=&#8220;default&#8220; global_colors_info=&#8220;{}&#8220;][et_pb_text _builder_version=&#8220;4.27.2&#8243; _module_preset=&#8220;default&#8220; global_colors_info=&#8220;{}&#8220; hover_enabled=&#8220;0&#8243; sticky_enabled=&#8220;0&#8243;]<\/p>\n<h2>Das Master-Studium der Volkswirtschaftslehre<\/h2>\n<p class=\"rtejustify\"><span>Der Masterstudiengang\u00a0<strong>Volkswirtschaftslehre\/Economics<\/strong> an der\u00a0<a href=\"https:\/\/owa.wiwi.uni-muenster.de\/owa\/fs.vwl@wiwi.uni-muenster.de\/redir.aspx?C=Flev-AkwlActohp6wu_aFd0hgEsO7LMWBSLd1dH1WTJxv-_etjHVCA..&amp;URL=http%3a%2f%2fwww.uni-muenster.de%2fvideoportal%2fvideo%2fimagefilm.html\" target=\"_blank\" rel=\"noopener noreferrer\">Uni M\u00fcnster<\/a>\u00a0baut in der Regel auf einem wirtschaftswissenschaftlichen Bachelorstudium auf, steht grunds\u00e4tzlich aber auch Absolventen verwandter Studieng\u00e4nge offen. Er ist auf vier Semester angelegt, ein Studienbeginn ist sowohl zum Sommer- als auch zum Wintersemester m\u00f6glich. In den ersten drei Semestern finden Vorlesungen, \u00dcbungen und Seminare statt, wobei im dritten Semester ein Auslandsaufenthalt m\u00f6glich ist. Das vierte Semester ist f\u00fcr das Projektstudium und die Masterarbeit vorgesehen.\u00a0Im M\u00fcnsteraner Masterstudium VWL\/Economics tritt die klassische Vorlesung zugunsten von Seminaren, Projektarbeiten und der Heranf\u00fchrung an eigenst\u00e4ndige Forschung zur\u00fcck. Aufgrund der kleinen Semestergr\u00f6\u00dfe und der gro\u00dfen F\u00e4cherauswahl wird ein sehr gutes Betreuungsverh\u00e4ltnis gew\u00e4hrleistet.\u00a0Das Masterstudium ist forschungsorientiert, daher wird in der Ausbildung auf \u00f6konometrische Kenntnisse, aber auch auf gute Kenntnisse der theoretischen Grundlagen gro\u00dfen Wert gelegt. Es zeichnet sich besonders durch eine hohe Flexibilit\u00e4t und Wahlfreiheit in der Schwerpunktwahl aus. Nach den vier Pflichtmodulen in den ersten beiden Semestern besteht also die M\u00f6glichkeit, seinen weiteren Studienverlauf frei und individuell zu gestalten. Dabei stehen den Studierenden \u00fcber 15 Themenbereiche mit vielen Modulen zur Auswahl, aus denen sie ihre 11 Wahlpflichtmodule w\u00e4hlen k\u00f6nnen. Zus\u00e4tzlich bietet das Projektstudium die M\u00f6glichkeit, eigene Erfahrungen in der praktischen wissenschaftlichen Arbeit zu sammeln, die in der abschlie\u00dfenden Masterarbeit eigenst\u00e4ndig vertieft und erweitert werden.<\/span><\/p>\n<p><a href=\"http:\/\/www.wiwi.uni-muenster.de\/master_vwl\/\">Informationen zum Masterstudiengang VWL<\/a><\/p>\n<p>Programmmanagement VWL Master: <a href=\"https:\/\/www.wiwi.uni-muenster.de\/ciw\/de\/das-center\/personen\/helena-helfer\" target=\"_blank\" rel=\"noopener\">Dr. Helena Helfer<\/a><\/p>\n<p>&nbsp;<\/p>\n<p>[\/et_pb_text][\/et_pb_column][\/et_pb_row][et_pb_row _builder_version=&#8220;4.23.1&#8243; _module_preset=&#8220;default&#8220; global_colors_info=&#8220;{}&#8220;][et_pb_column type=&#8220;4_4&#8243; _builder_version=&#8220;4.23.1&#8243; _module_preset=&#8220;default&#8220; global_colors_info=&#8220;{}&#8220;][et_pb_text _builder_version=&#8220;4.27.2&#8243; _module_preset=&#8220;default&#8220; hover_enabled=&#8220;0&#8243; global_colors_info=&#8220;{}&#8220; sticky_enabled=&#8220;0&#8243;]<\/p>\n<h2>Master-Studium der Wirtschaftsinformatik<\/h2>\n<p class=\"rtejustify\">Der Masterstudiengang Wirtschaftsinformatik (Information Systems) vermittelt den Studierenden aufbauend auf dem Bachelor-Abschluss die F\u00e4higkeit, sehr anspruchsvolle Aufgaben in Bezug auf die Nutzung der Informationstechnik in Unternehmen und Verwaltungen bewerten und sachgerecht gestalten zu k\u00f6nnen. Zudem qualifiziert der Abschluss f\u00fcr T\u00e4tigkeiten in Forschung und Lehre sowie ein anschlie\u00dfendes Promotionsstudium. Das Studium gliedert sich in derzeit vier f\u00e4cher\u00fcbergreifende Themenbereiche, von denen jeder Studierende drei Schwerpunkte w\u00e4hlen muss. Angeboten werden die Themengebiete Information Management, Process Management, Business Networks sowie Business Intelligence. Hinzu kommen ein vertiefendes Seminarmodul und die Abschlussarbeit. Inhaltlich ist das Studium durch die Verbindung aktueller Forschungsinhalte mit praktischen Problemstellungen gekennzeichnet. Vor allem im Rahmen der Seminare und Abschlussarbeiten spiegelt sich dies oftmals in Kooperationen mit unseren namhaften Praxispartnern (z.B. Bayer, Deloitte, Dr. Oetker, SAP oder IDS Scheer) wieder. Um der zunehmenden Internationalisierung der Wirtschaft gerecht zu werden, werden s\u00e4mtliche Veranstaltungen in Englisch abgehalten. Die konstant sehr gute Bewertung in aktuellen Rankings beweist, dass die Wirtschaftsinformatik in M\u00fcnster den Spagat zwischen Theorie und Praxis hervorragend bew\u00e4ltigt.<\/p>\n<p><a href=\"https:\/\/www.wi.uni-muenster.de\/de\/studieninteressierte\/unsere-studiengaenge\/master-science-information-systems\" target=\"_blank\" rel=\"noopener\">Informationen zum Master-Programm Wirtschaftsinformatik<\/a><br \/><a href=\"https:\/\/www.wi.uni-muenster.de\/de\/studierende\/studienkoordinator-blog\">Wirtschaftsinformatik Blog<\/a><\/p>\n<p>Programmmanagement IS Master: <a href=\"https:\/\/www.wi.uni-muenster.de\/de\/institut\/personen\/lena-clever\" target=\"_blank\" rel=\"noopener\">Dr. Lena Clever<\/a><\/p>\n<p>&nbsp;<\/p>\n<p>[\/et_pb_text][\/et_pb_column][\/et_pb_row][\/et_pb_section]<\/p>\n","protected":false},"excerpt":{"rendered":"<p>Das wirtschaftswissenschaftliche Studium in M\u00fcnster setzt die Chancen des Bologna-Prozesses mit mehr Praxisbezug und k\u00fcrzeren Studienzeiten im Rahmen des Bachelor-Studiums und einer noch gezielteren F\u00f6rderung wissenschaftlicher Exzellenz im Master-Studium um. Die Bachelor- und Masterprogramme sind noch deutlicher auf Flexibilit\u00e4t, aber auch auf studentische Eigenverantwortung ausgerichtet. Der starke Praxisbezug der Lehrveranstaltungen wird nicht nur durch die [&hellip;]<\/p>\n","protected":false},"author":1,"featured_media":25369,"parent":3932,"menu_order":0,"comment_status":"closed","ping_status":"closed","template":"","meta":{"_et_pb_use_builder":"on","_et_pb_old_content":"","_et_gb_content_width":"","footnotes":""},"class_list":["post-25375","page","type-page","status-publish","has-post-thumbnail","hentry"],"_links":{"self":[{"href":"https:\/\/fachschaft-wiwi.ms\/en\/wp-json\/wp\/v2\/pages\/25375","targetHints":{"allow":["GET"]}}],"collection":[{"href":"https:\/\/fachschaft-wiwi.ms\/en\/wp-json\/wp\/v2\/pages"}],"about":[{"href":"https:\/\/fachschaft-wiwi.ms\/en\/wp-json\/wp\/v2\/types\/page"}],"author":[{"embeddable":true,"href":"https:\/\/fachschaft-wiwi.ms\/en\/wp-json\/wp\/v2\/users\/1"}],"replies":[{"embeddable":true,"href":"https:\/\/fachschaft-wiwi.ms\/en\/wp-json\/wp\/v2\/comments?post=25375"}],"version-history":[{"count":16,"href":"https:\/\/fachschaft-wiwi.ms\/en\/wp-json\/wp\/v2\/pages\/25375\/revisions"}],"predecessor-version":[{"id":29867,"href":"https:\/\/fachschaft-wiwi.ms\/en\/wp-json\/wp\/v2\/pages\/25375\/revisions\/29867"}],"up":[{"embeddable":true,"href":"https:\/\/fachschaft-wiwi.ms\/en\/wp-json\/wp\/v2\/pages\/3932"}],"wp:featuredmedia":[{"embeddable":true,"href":"https:\/\/fachschaft-wiwi.ms\/en\/wp-json\/wp\/v2\/media\/25369"}],"wp:attachment":[{"href":"https:\/\/fachschaft-wiwi.ms\/en\/wp-json\/wp\/v2\/media?parent=25375"}],"curies":[{"name":"wp","href":"https:\/\/api.w.org\/{rel}","templated":true}]}}