{"id":25366,"date":"2019-11-18T21:45:37","date_gmt":"2019-11-18T20:45:37","guid":{"rendered":"https:\/\/fachschaft-wiwi.ms\/?page_id=25366"},"modified":"2026-03-10T23:14:30","modified_gmt":"2026-03-10T22:14:30","slug":"bachelor","status":"publish","type":"page","link":"https:\/\/fachschaft-wiwi.ms\/en\/studieninteressierte\/bachelor\/","title":{"rendered":"Informationen zu den Bachelorstudieng\u00e4ngen"},"content":{"rendered":"<p>[et_pb_section fb_built=&#8220;1&#8243; _builder_version=&#8220;4.24.0&#8243; _dynamic_attributes=&#8220;background_image&#8220; _module_preset=&#8220;default&#8220; use_background_color_gradient=&#8220;on&#8220; background_color_gradient_stops=&#8220;rgba(27,52,88,0.75) 0%|rgba(27,52,88,0.75) 100%&#8220; background_color_gradient_overlays_image=&#8220;on&#8220; background_image=&#8220;@ET-DC@eyJkeW5hbWljIjp0cnVlLCJjb250ZW50IjoicG9zdF9mZWF0dXJlZF9pbWFnZSIsInNldHRpbmdzIjp7fX0=@&#8220; global_module=&#8220;28574&#8243; saved_tabs=&#8220;all&#8220; locked=&#8220;off&#8220; global_colors_info=&#8220;{}&#8220;][et_pb_row _builder_version=&#8220;4.24.0&#8243; _module_preset=&#8220;default&#8220; global_colors_info=&#8220;{}&#8220;][et_pb_column type=&#8220;4_4&#8243; _builder_version=&#8220;4.23.1&#8243; _module_preset=&#8220;default&#8220; global_colors_info=&#8220;{}&#8220;][et_pb_text _builder_version=&#8220;4.27.0&#8243; _dynamic_attributes=&#8220;content&#8220; _module_preset=&#8220;default&#8220; header_text_color=&#8220;#FFFFFF&#8220; custom_margin=&#8220;||-4px||false|false&#8220; global_colors_info=&#8220;{}&#8220;]@ET-DC@eyJkeW5hbWljIjp0cnVlLCJjb250ZW50IjoicG9zdF90aXRsZSIsInNldHRpbmdzIjp7ImJlZm9yZSI6IjxoMT4iLCJhZnRlciI6IjwvaDE+In19@[\/et_pb_text][\/et_pb_column][\/et_pb_row][\/et_pb_section][et_pb_section fb_built=&#8220;1&#8243; _builder_version=&#8220;4.23.1&#8243; _module_preset=&#8220;default&#8220; global_colors_info=&#8220;{}&#8220;][et_pb_row _builder_version=&#8220;4.23.1&#8243; _module_preset=&#8220;default&#8220; global_colors_info=&#8220;{}&#8220;][et_pb_column type=&#8220;4_4&#8243; _builder_version=&#8220;4.23.1&#8243; _module_preset=&#8220;default&#8220; global_colors_info=&#8220;{}&#8220;][et_pb_text _builder_version=&#8220;4.23.1&#8243; _module_preset=&#8220;default&#8220; global_colors_info=&#8220;{}&#8220;]<\/p>\n<p>Die Wirtschaftswissenschaftliche Fakult\u00e4t in M\u00fcnster setzt die Chancen des Bologna-Prozesses mit mehr Praxisbezug und k\u00fcrzeren Studienzeiten im Rahmen des Bachelor-Studiums und einer noch gezielteren F\u00f6rderung wissenschaftlicher Exzellenz im Master-Studium um. Die Bachelor- und Masterprogramme sind noch deutlicher auf Flexibilit\u00e4t, aber auch auf studentische Eigenverantwortung ausgerichtet. Der starke Praxisbezug der Lehrveranstaltungen wird nicht nur durch die Integration hochkar\u00e4tiger Referent*innen aus der Unternehmenspraxis sowie aus Politik und Verwaltung, sondern auch durch viele Veranstaltungen mit Projektcharakter sichergestellt. Den Studierenden werden durch die neue Studienstruktur insgesamt mehr Wahlm\u00f6glichkeiten geboten. Den gestiegenen Anforderungen im Hinblick auf international ausgebildete Absolvierende wird durch englischsprachige Vorlesungen und Seminare, den Einbezug von ausl\u00e4ndischen Gastprofessor*innen sowie durch zahlreiche internationale Austauschprogramme Rechnung getragen.<\/p>\n<p>[\/et_pb_text][\/et_pb_column][\/et_pb_row][et_pb_row _builder_version=&#8220;4.23.1&#8243; _module_preset=&#8220;default&#8220; global_colors_info=&#8220;{}&#8220;][et_pb_column type=&#8220;4_4&#8243; _builder_version=&#8220;4.23.1&#8243; _module_preset=&#8220;default&#8220; global_colors_info=&#8220;{}&#8220;][et_pb_text _builder_version=&#8220;4.27.2&#8243; _module_preset=&#8220;default&#8220; hover_enabled=&#8220;0&#8243; global_colors_info=&#8220;{}&#8220; sticky_enabled=&#8220;0&#8243;]<\/p>\n<h2>Das Bachelor-Studium<\/h2>\n<p>Das Bachelor-Studium zeichnet sich durch eine klare Struktur und eine durchg\u00e4ngige Modularisierung aus. Jedes Modul wird mit maximal zwei Pr\u00fcfungsleistungen im Credit-Point-System abgeschlossen. Neben der Belegung von Pflichtmodulen, er\u00f6ffnen sich den Studierenden vielf\u00e4ltige Wahlm\u00f6glichkeiten, die bereits im Bachelor-Studium eine gewisse Schwerpunktsetzung erlauben und eine Orientierung an Arbeitsmarkterfordernissen und individuellen Kernkompetenzen erm\u00f6glichen.<\/p>\n<p><a href=\"https:\/\/www.wiwi.uni-muenster.de\/pam\/de\/allgemeine-informationen\/pruefungsordnungen-und-modulhandbuecher\/pruefungsordnungen-bachelorstudiengaenge\" target=\"_blank\" rel=\"noopener\">Pr\u00fcfungsordnungen und Modulhandb\u00fccher des Pr\u00fcfungsamts\u00a0<\/a><\/p>\n<p>[\/et_pb_text][\/et_pb_column][\/et_pb_row][et_pb_row _builder_version=&#8220;4.23.1&#8243; _module_preset=&#8220;default&#8220; global_colors_info=&#8220;{}&#8220;][et_pb_column type=&#8220;4_4&#8243; _builder_version=&#8220;4.23.1&#8243; _module_preset=&#8220;default&#8220; global_colors_info=&#8220;{}&#8220;][et_pb_text _builder_version=&#8220;4.27.2&#8243; _module_preset=&#8220;default&#8220; global_colors_info=&#8220;{}&#8220;]<\/p>\n<h2>Programmmanagement der Bachelor-Studieng\u00e4nge<\/h2>\n<p>BSc Betriebswirtschaftslehre (Business Administration)<br \/><a href=\"https:\/\/www.wiwi.uni-muenster.de\/fakultaet\/de\/fakultaet\/dekanat\/team\/jan-niklas-doerseln\" target=\"_blank\" rel=\"noopener\">Dr. Jan Niklas D\u00f6rseln<\/a><br \/>BSc Volkswirtschaftslehre (Economics)<br \/><a href=\"https:\/\/www.wiwi.uni-muenster.de\/ciw\/de\/das-center\/personen\/helena-helfer\" target=\"_blank\" rel=\"noopener\">Dr. Helena Helfer<\/a><br \/>BSc Wirtschaftsinformatik (Information Systems)<br \/><a href=\"https:\/\/www.wi.uni-muenster.de\/de\/institut\/personen\/lena-clever\" target=\"_blank\" rel=\"noopener\">Dr. Lena Clever<\/a><\/p>\n<p>&nbsp;<\/p>\n<p>[\/et_pb_text][\/et_pb_column][\/et_pb_row][et_pb_row _builder_version=&#8220;4.23.1&#8243; _module_preset=&#8220;default&#8220; global_colors_info=&#8220;{}&#8220;][et_pb_column type=&#8220;4_4&#8243; _builder_version=&#8220;4.23.1&#8243; _module_preset=&#8220;default&#8220; global_colors_info=&#8220;{}&#8220;][et_pb_text _builder_version=&#8220;4.23.1&#8243; _module_preset=&#8220;default&#8220; global_colors_info=&#8220;{}&#8220;]<\/p>\n<h2>Das Bachelor-Studium der Betriebswirtschaftslehre<\/h2>\n<p>Das Bachelor-Studium zeichnet sich durch eine klare Struktur und eine durchg\u00e4ngige Modularisierung aus. Jedes Modul wird mit maximal zwei Pr\u00fcfungsleistungen im Credit-Point-System abgeschlossen. Neben der Belegung von Pflichtmodulen, er\u00f6ffnen sich den Studierenden vielf\u00e4ltige Wahlm\u00f6glichkeiten, die bereits im Bachelor-Studium eine gewisse Schwerpunktsetzung erlauben und eine Orientierung an Arbeitsmarkterfordernissen und individuellen Kernkompetenzen erm\u00f6glichen.<\/p>\n<p><a href=\"https:\/\/www.wiwi.uni-muenster.de\/fakultaet\/de\/studium\/bachelor\/bwl\">Informationen zum BWL-Bachelor-Programm<\/a><\/p>\n<p>[\/et_pb_text][\/et_pb_column][\/et_pb_row][et_pb_row _builder_version=&#8220;4.23.1&#8243; _module_preset=&#8220;default&#8220; global_colors_info=&#8220;{}&#8220;][et_pb_column type=&#8220;4_4&#8243; _builder_version=&#8220;4.23.1&#8243; _module_preset=&#8220;default&#8220; global_colors_info=&#8220;{}&#8220;][et_pb_text _builder_version=&#8220;4.23.1&#8243; _module_preset=&#8220;default&#8220; global_colors_info=&#8220;{}&#8220;]<\/p>\n<h2>Das Bachelor-Studium der Volkswirtschaftslehre<\/h2>\n<p>Im Bachelorstudium<span>\u00a0<\/span><strong>Volkswirtschaftslehre (Economics)<\/strong><span>\u00a0<\/span>wird besonderer Wert auf die Beherrschung statistischer und \u00f6konometrischer Methoden sowie sehr guter Englischkenntnisse gelegt. Neben den \u00f6konomischen Grundlagen werden grundlegende Kenntnisse der Betriebswirtschaftslehre sowie des \u00f6ffentlichen und privaten Rechts erworben. In den volkswirtschaftlichen Kernf\u00e4chern werden neben den \u00f6konomischen Inhalten auch F\u00e4higkeiten wie Datenrecherche, Rhetorik und Pr\u00e4sentationstechniken vermittelt. Die Pflichtmodule des Bachelorstudiums umfassen alle Kernbereiche der Volkswirtschaftslehre einschlie\u00dflich der Spieltheorie sowie der Institutionen\u00f6konomik. Die Vielzahl der angebotenen Wahlpflichtf\u00e4cher des Volkswirtschaftslehre in M\u00fcnster erm\u00f6glicht es dabei, trotz hoher Studierendenzahlen in kleinen Seminaren und Projektgruppen zu arbeiten. Intensive und interaktive Lehrformen wie Exkursionen und Kompaktseminare, auch im Ausland, sind ein selbstverst\u00e4ndlicher Bestandteil des Studiums der Volkswirtschaftslehre in M\u00fcnster.<\/p>\n<p><a href=\"https:\/\/www.wiwi.uni-muenster.de\/fakultaet\/de\/studium\/bachelor\/vwl\">Informationen zum VWL-Bachelor-Programm<\/a><\/p>\n<p>[\/et_pb_text][\/et_pb_column][\/et_pb_row][et_pb_row _builder_version=&#8220;4.23.1&#8243; _module_preset=&#8220;default&#8220; global_colors_info=&#8220;{}&#8220;][et_pb_column type=&#8220;4_4&#8243; _builder_version=&#8220;4.23.1&#8243; _module_preset=&#8220;default&#8220; global_colors_info=&#8220;{}&#8220;][et_pb_text _builder_version=&#8220;4.23.1&#8243; _module_preset=&#8220;default&#8220; global_colors_info=&#8220;{}&#8220;]<\/p>\n<h2>Bachelor-Studium der Wirtschaftsinformatik<\/h2>\n<p>Der Bachelor-Studiengang<span>\u00a0<\/span><strong>Wirtschaftsinformatik (Information Systems)<\/strong><span>\u00a0<\/span>vermittelt neben Inhalten der Wirtschaftswissenschaften und der Informatik die Kernthemen der Wirtschaftsinformatik und erm\u00f6glicht so seinen Absolventen, die Nutzung der Informationstechnik in Unternehmen und Verwaltungen bewerten und sachgerecht gestalten zu k\u00f6nnen. Der Studiengang ist berufsqualifizierend z. B. f\u00fcr Unternehmensberatungen, die ihre Firmenkunden hinsichtlich des Einsatzes der Informationstechnik bei der Gestaltungen betrieblicher Abl\u00e4ufe unterst\u00fctzen. Softskills wie z. B. Pr\u00e4sentationstechnik und Fach-Englisch sind in die einzelnen Module integriert. Die L\u00f6sung praxisnaher Aufgabenstellungen in Kleingruppen wird in einem intensiven Projektseminar einge\u00fcbt. Der englischsprachige Master-Studiengang &#8222;Information Systems&#8220; vermittelt vertiefte Kenntnisse und F\u00e4higkeiten in den Bereichen Wirtschaftswissenschaften, Informatik und in der Kern-Wirtschaftsinformatik. Der Studiengang erm\u00f6glicht eine T\u00e4tigkeit in Forschung und Lehre in der Wirtschaftsinformatik und den Einstieg in ein entsprechendes Promotionsstudium. Daneben er\u00f6ffnet das Studium auch eine T\u00e4tigkeit in Unternehmen, die auch auf eine theoretisch besonders anspruchsvolle Ausbildung Wert legen. Das Master-Studium umfasst die Themenbereiche (Tracks) &#8222;Information Management&#8220;, &#8222;Process Management&#8220;, &#8222;Business Networks&#8220; und &#8222;Business Intelligence&#8220; sowie ein Seminar und ein Masterarbeitsmodul. Die L\u00f6sung praxisnaher Aufgabenstellungen in Kleingruppen wird in einem intensiven Projektseminar ge\u00fcbt.<\/p>\n<p><a href=\"https:\/\/www.wi.uni-muenster.de\/de\/studieninteressierte\/unsere-studiengaenge\/bachelor\">Informationen zum WI-Bachelor-Programm<\/a><br \/><a href=\"https:\/\/www.wi.uni-muenster.de\/de\/studierende\/studienkoordinator-blog\">Wirtschaftsinformatik Blog<\/a><\/p>\n<p>[\/et_pb_text][\/et_pb_column][\/et_pb_row][\/et_pb_section]<\/p>\n","protected":false},"excerpt":{"rendered":"<p>Die Wirtschaftswissenschaftliche Fakult\u00e4t in M\u00fcnster setzt die Chancen des Bologna-Prozesses mit mehr Praxisbezug und k\u00fcrzeren Studienzeiten im Rahmen des Bachelor-Studiums und einer noch gezielteren F\u00f6rderung wissenschaftlicher Exzellenz im Master-Studium um. Die Bachelor- und Masterprogramme sind noch deutlicher auf Flexibilit\u00e4t, aber auch auf studentische Eigenverantwortung ausgerichtet. Der starke Praxisbezug der Lehrveranstaltungen wird nicht nur durch die [&hellip;]<\/p>\n","protected":false},"author":1,"featured_media":25369,"parent":3932,"menu_order":0,"comment_status":"closed","ping_status":"closed","template":"","meta":{"_et_pb_use_builder":"on","_et_pb_old_content":"","_et_gb_content_width":"","footnotes":""},"class_list":["post-25366","page","type-page","status-publish","has-post-thumbnail","hentry"],"_links":{"self":[{"href":"https:\/\/fachschaft-wiwi.ms\/en\/wp-json\/wp\/v2\/pages\/25366","targetHints":{"allow":["GET"]}}],"collection":[{"href":"https:\/\/fachschaft-wiwi.ms\/en\/wp-json\/wp\/v2\/pages"}],"about":[{"href":"https:\/\/fachschaft-wiwi.ms\/en\/wp-json\/wp\/v2\/types\/page"}],"author":[{"embeddable":true,"href":"https:\/\/fachschaft-wiwi.ms\/en\/wp-json\/wp\/v2\/users\/1"}],"replies":[{"embeddable":true,"href":"https:\/\/fachschaft-wiwi.ms\/en\/wp-json\/wp\/v2\/comments?post=25366"}],"version-history":[{"count":16,"href":"https:\/\/fachschaft-wiwi.ms\/en\/wp-json\/wp\/v2\/pages\/25366\/revisions"}],"predecessor-version":[{"id":29864,"href":"https:\/\/fachschaft-wiwi.ms\/en\/wp-json\/wp\/v2\/pages\/25366\/revisions\/29864"}],"up":[{"embeddable":true,"href":"https:\/\/fachschaft-wiwi.ms\/en\/wp-json\/wp\/v2\/pages\/3932"}],"wp:featuredmedia":[{"embeddable":true,"href":"https:\/\/fachschaft-wiwi.ms\/en\/wp-json\/wp\/v2\/media\/25369"}],"wp:attachment":[{"href":"https:\/\/fachschaft-wiwi.ms\/en\/wp-json\/wp\/v2\/media?parent=25366"}],"curies":[{"name":"wp","href":"https:\/\/api.w.org\/{rel}","templated":true}]}}