{"id":25347,"date":"2019-11-18T21:24:44","date_gmt":"2019-11-18T20:24:44","guid":{"rendered":"https:\/\/fachschaft-wiwi.ms\/?page_id=25347"},"modified":"2026-04-05T14:18:24","modified_gmt":"2026-04-05T12:18:24","slug":"ansprechpartnerinnen","status":"publish","type":"page","link":"https:\/\/fachschaft-wiwi.ms\/en\/fachschaft\/ansprechpartnerinnen\/","title":{"rendered":"Ansprechpartner*innen"},"content":{"rendered":"<p>[et_pb_section fb_built=&#8220;1&#8243; _builder_version=&#8220;4.24.0&#8243; _dynamic_attributes=&#8220;background_image&#8220; _module_preset=&#8220;default&#8220; use_background_color_gradient=&#8220;on&#8220; background_color_gradient_stops=&#8220;rgba(27,52,88,0.75) 0%|rgba(27,52,88,0.75) 100%&#8220; background_color_gradient_overlays_image=&#8220;on&#8220; background_image=&#8220;@ET-DC@eyJkeW5hbWljIjp0cnVlLCJjb250ZW50IjoicG9zdF9mZWF0dXJlZF9pbWFnZSIsInNldHRpbmdzIjp7fX0=@&#8220; global_module=&#8220;28574&#8243; saved_tabs=&#8220;all&#8220; locked=&#8220;off&#8220; global_colors_info=&#8220;{}&#8220;][et_pb_row _builder_version=&#8220;4.24.0&#8243; _module_preset=&#8220;default&#8220; global_colors_info=&#8220;{}&#8220;][et_pb_column type=&#8220;4_4&#8243; _builder_version=&#8220;4.23.1&#8243; _module_preset=&#8220;default&#8220; global_colors_info=&#8220;{}&#8220;][et_pb_text _builder_version=&#8220;4.27.0&#8243; _dynamic_attributes=&#8220;content&#8220; _module_preset=&#8220;default&#8220; header_text_color=&#8220;#FFFFFF&#8220; custom_margin=&#8220;||-4px||false|false&#8220; global_colors_info=&#8220;{}&#8220;]@ET-DC@eyJkeW5hbWljIjp0cnVlLCJjb250ZW50IjoicG9zdF90aXRsZSIsInNldHRpbmdzIjp7ImJlZm9yZSI6IjxoMT4iLCJhZnRlciI6IjwvaDE+In19@[\/et_pb_text][\/et_pb_column][\/et_pb_row][\/et_pb_section][et_pb_section fb_built=&#8220;1&#8243; _builder_version=&#8220;4.16&#8243; custom_margin=&#8220;-1px|||||&#8220; global_colors_info=&#8220;{}&#8220;][et_pb_row column_structure=&#8220;1_4,1_4,1_4,1_4&#8243; _builder_version=&#8220;4.27.2&#8243; width=&#8220;79.7%&#8220; global_colors_info=&#8220;{}&#8220;][et_pb_column type=&#8220;1_4&#8243; _builder_version=&#8220;4.27.2&#8243; _module_preset=&#8220;default&#8220; global_colors_info=&#8220;{}&#8220;][et_pb_image src=&#8220;https:\/\/fachschaft-wiwi.ms\/wp-content\/uploads\/2025\/10\/DSC_0101-scaled.jpg&#8220; title_text=&#8220;Finn M\u00fcller&#8220; _builder_version=&#8220;4.27.2&#8243; _module_preset=&#8220;default&#8220; global_colors_info=&#8220;{}&#8220;][\/et_pb_image][\/et_pb_column][et_pb_column type=&#8220;1_4&#8243; _builder_version=&#8220;4.16&#8243; global_colors_info=&#8220;{}&#8220;][et_pb_text _builder_version=&#8220;4.27.2&#8243; custom_padding=&#8220;||0px|||&#8220; global_colors_info=&#8220;{}&#8220;]<\/p>\n<h2>Leitung<\/h2>\n<p>Finn M\u00fcller<\/p>\n<p>Ich bin als Fachschaftsleitung f\u00fcr die Koordination der gesamten Fachschaftsarbeit zust\u00e4ndig. Zudem bin ich als Vertreter der Fachschaft nach au\u00dfen auch f\u00fcr eine enge Zusammenarbeit mit den Professor*innen, den Lehrst\u00fchlen und den Studierenden verantwortlich.<\/p>\n<p>Bei Fragen, Ideen oder Anregungen stehe ich euch als Ansprechpartner auch gerne unter folgender Mail zur Verf\u00fcgung!<\/p>\n<p><a href=\"mailto:fs.leitung@wiwi.uni-muenster.de\">fs.leitung@wiwi.uni-muenst<wbr \/>er.de<\/a><\/p>\n<p>[\/et_pb_text][\/et_pb_column][et_pb_column type=&#8220;1_4&#8243; _builder_version=&#8220;4.27.2&#8243; _module_preset=&#8220;default&#8220; global_colors_info=&#8220;{}&#8220;][et_pb_image src=&#8220;https:\/\/fachschaft-wiwi.ms\/wp-content\/uploads\/2025\/11\/DSC_0041-scaled.jpg&#8220; title_text=&#8220;Benni Mai&#8220; _builder_version=&#8220;4.27.2&#8243; _module_preset=&#8220;default&#8220; global_colors_info=&#8220;{}&#8220;][\/et_pb_image][\/et_pb_column][et_pb_column type=&#8220;1_4&#8243; _builder_version=&#8220;4.16&#8243; global_colors_info=&#8220;{}&#8220;][et_pb_text _builder_version=&#8220;4.27.2&#8243; custom_margin=&#8220;|||-15px||&#8220; global_colors_info=&#8220;{}&#8220;]<\/p>\n<h2>Stellvertretende Leitung<\/h2>\n<p>Benedikt Mai<\/p>\n<p>Ich bin der richtige Ansprechpartner f\u00fcr euch, wenn ihr neu in der Fachschaft seid, oder euch noch \u00fcberlegt beizutreten. Auch wenn ihr einmal nicht wisst, bei wem ihr euch melden sollt, bin ich die erste Anlaufstelle. Ich bin unter anderem f\u00fcr die interne Koordination der Fachschaftsarbeit und einige Veranstaltungen zust\u00e4ndig.<\/p>\n<p>Bei allen Fragen stehe ich euch gerne pers\u00f6nlich und per Mail zur Verf\u00fcgung!<\/p>\n<p><a href=\"mailto:fs.vize@wiwi.uni-muenster.de\">fs.vize@wiwi.uni-muenster.de<\/a><\/p>\n<p>[\/et_pb_text][\/et_pb_column][\/et_pb_row][et_pb_row column_structure=&#8220;1_4,1_4,1_4,1_4&#8243; _builder_version=&#8220;4.27.2&#8243; global_colors_info=&#8220;{}&#8220;][et_pb_column type=&#8220;1_4&#8243; _builder_version=&#8220;4.27.2&#8243; _module_preset=&#8220;default&#8220; global_colors_info=&#8220;{}&#8220;][et_pb_image src=&#8220;https:\/\/fachschaft-wiwi.ms\/wp-content\/uploads\/2026\/04\/Maximilian-Loew-scaled.jpg&#8220; title_text=&#8220;Maximilian L\u00f6w&#8220; _builder_version=&#8220;4.27.2&#8243; _module_preset=&#8220;default&#8220; hover_enabled=&#8220;0&#8243; global_colors_info=&#8220;{}&#8220; sticky_enabled=&#8220;0&#8243;][\/et_pb_image][\/et_pb_column][et_pb_column type=&#8220;1_4&#8243; _builder_version=&#8220;4.16&#8243; global_colors_info=&#8220;{}&#8220;][et_pb_text _builder_version=&#8220;4.27.2&#8243; global_colors_info=&#8220;{}&#8220;]<\/p>\n<h2>Finanzreferent<\/h2>\n<p>Maximilian L\u00f6w<\/p>\n<p>Ich bin f\u00fcr die Finanzen der Fachschaft verantwortlich.<\/p>\n<p>Bei Fragen schreibt mir doch gerne unter folgender Mailadresse!<\/p>\n<p><a href=\"mailto:fs.finanzen@wiwi.uni-muenster.de\">fs.finanzen@wiwi.uni-muenster.de<\/a><\/p>\n<p>[\/et_pb_text][\/et_pb_column][et_pb_column type=&#8220;1_4&#8243; _builder_version=&#8220;4.27.2&#8243; _module_preset=&#8220;default&#8220; global_colors_info=&#8220;{}&#8220;][\/et_pb_column][et_pb_column type=&#8220;1_4&#8243; _builder_version=&#8220;4.27.2&#8243; _module_preset=&#8220;default&#8220; global_colors_info=&#8220;{}&#8220;][\/et_pb_column][\/et_pb_row][et_pb_row column_structure=&#8220;1_4,1_4,1_4,1_4&#8243; _builder_version=&#8220;4.16&#8243; global_colors_info=&#8220;{}&#8220;][et_pb_column type=&#8220;1_4&#8243; _builder_version=&#8220;4.16&#8243; global_colors_info=&#8220;{}&#8220;][\/et_pb_column][et_pb_column type=&#8220;1_4&#8243; _builder_version=&#8220;4.16&#8243; global_colors_info=&#8220;{}&#8220;][et_pb_text _builder_version=&#8220;4.27.2&#8243; global_colors_info=&#8220;{}&#8220;]<\/p>\n<h2>BWL-Referent*innen<\/h2>\n<p>Felicitas Schmidt-Warnecke &amp; Sinan Averes<\/p>\n<p>Wir sind f\u00fcr Fragen, Anregungen oder auch Kritik rund um das Bachelor- &amp; Masterstudium der BWL eure direkten Ansprechpartner. Gerne versuchen wir euch bei studienspezifischen Angelegenheiten, eurem Studienverlaufsplan oder Problemen mit Pr\u00fcfungen zur Seite zu stehen.<\/p>\n<p>Wir sind unter der folgenden Mailadresse zu erreichen!<\/p>\n<p><a href=\"mailto:fs.bwl@wiwi.uni-muenster.de\">fs.bwl@wiwi.uni-mu<wbr \/>enster.de<\/a><\/p>\n<p>[\/et_pb_text][\/et_pb_column][et_pb_column type=&#8220;1_4&#8243; _builder_version=&#8220;4.16&#8243; _module_preset=&#8220;default&#8220; global_colors_info=&#8220;{}&#8220;][\/et_pb_column][et_pb_column type=&#8220;1_4&#8243; _builder_version=&#8220;4.16&#8243; global_colors_info=&#8220;{}&#8220;][et_pb_text _builder_version=&#8220;4.27.2&#8243; global_colors_info=&#8220;{}&#8220;]<\/p>\n<h2>VWL-Referent*innen<\/h2>\n<p>Paola Feldhues &amp; Hanna Tekath<\/p>\n<p>Wir sind f\u00fcr euch da, wenn ihr Anregungen oder Fragen zum Bachelor- oder Masterstudium der VWL habt. Gerne stehen wir euch mit Ratschl\u00e4gen und Ausk\u00fcnften zur Seite, damit ihr bestens informiert seid was Pr\u00fcfungen oder den Studienverlauf angeht.<\/p>\n<p>Schreibt gerne an die folgende Mailadresse!<\/p>\n<p><a href=\"mailto:fs.vwl@wiwi.uni-muenster.de\">fs.vwl@wiwi.uni-muenster.d<wbr \/>e<\/a><\/p>\n<p>[\/et_pb_text][\/et_pb_column][\/et_pb_row][et_pb_row column_structure=&#8220;1_4,1_4,1_4,1_4&#8243; _builder_version=&#8220;4.27.2&#8243; _module_preset=&#8220;default&#8220; global_colors_info=&#8220;{}&#8220;][et_pb_column type=&#8220;1_4&#8243; _builder_version=&#8220;4.27.2&#8243; _module_preset=&#8220;default&#8220; global_colors_info=&#8220;{}&#8220;][et_pb_image src=&#8220;https:\/\/fachschaft-wiwi.ms\/wp-content\/uploads\/2025\/11\/Daniel-Nele-scaled.png&#8220; title_text=&#8220;Daniel &#038; Nele&#8220; _builder_version=&#8220;4.27.2&#8243; _module_preset=&#8220;default&#8220; global_colors_info=&#8220;{}&#8220;][\/et_pb_image][\/et_pb_column][et_pb_column type=&#8220;1_4&#8243; _builder_version=&#8220;4.16&#8243; _module_preset=&#8220;default&#8220; global_colors_info=&#8220;{}&#8220;][et_pb_text _builder_version=&#8220;4.27.2&#8243; global_colors_info=&#8220;{}&#8220;]<\/p>\n<h2>WI-Referent*innen<\/h2>\n<p>Daniel Wycisk &amp; Nele Bross<\/p>\n<p>Wir sind als WI-Referenten f\u00fcr alle Belange rund um das Studium der Wirtschaftsinformatik zust\u00e4ndig. Dazu geh\u00f6ren auch Fragen oder Ideen zum Master Information Systems. Falls ihr N\u00e4heres zu studiumsrelevanten Inhalten wissen wollt, meldet euch gerne per Mail bei uns oder kommt im Semester auch in unserem B\u00fcro des ISSC &#8211; Student Council am Leonardo Campus vorbei.<\/p>\n<p>Wir sind zu erreichen unter der folgenden Mailadresse!<\/p>\n<p><a href=\"mailto:fs.wi@wiwi.uni-muenster.de\">fs.wi@wiwi.uni-muenster.de<\/a><\/p>\n<p>[\/et_pb_text][\/et_pb_column][et_pb_column type=&#8220;1_4&#8243; _builder_version=&#8220;4.16&#8243; _module_preset=&#8220;default&#8220; global_colors_info=&#8220;{}&#8220;][et_pb_image src=&#8220;https:\/\/fachschaft-wiwi.ms\/wp-content\/uploads\/2025\/11\/Kim-Sojka-1-scaled.png&#8220; title_text=&#8220;Kim Sojka&#8220; _builder_version=&#8220;4.27.2&#8243; _module_preset=&#8220;default&#8220; global_colors_info=&#8220;{}&#8220;][\/et_pb_image][\/et_pb_column][et_pb_column type=&#8220;1_4&#8243; _builder_version=&#8220;4.16&#8243; _module_preset=&#8220;default&#8220; global_colors_info=&#8220;{}&#8220;][et_pb_text _builder_version=&#8220;4.27.2&#8243; global_colors_info=&#8220;{}&#8220;]<\/p>\n<h2>\u00d6ffentlichkeits-Referentin<\/h2>\n<p>Kim Sojka<\/p>\n<p>Ich bin f\u00fcr Fragen, Anregungen oder W\u00fcnsche euer erster Ansprechpartner und verwalte die allgemeine Fachschaftsmailadresse sowie unsere Social Media Kan\u00e4le.<\/p>\n<p>Schreibt mir gerne unter der folgenden Mailadresse!<\/p>\n<p><a href=\"mailto:fachschaft@wiwi.uni-muenster.de\">fachschaft@wiwi.uni-muenster.de<\/a><\/p>\n<p>[\/et_pb_text][\/et_pb_column][\/et_pb_row][et_pb_row column_structure=&#8220;1_4,1_4,1_4,1_4&#8243; _builder_version=&#8220;4.19.5&#8243; _module_preset=&#8220;default&#8220; global_colors_info=&#8220;{}&#8220;][et_pb_column type=&#8220;1_4&#8243; _builder_version=&#8220;4.16&#8243; _module_preset=&#8220;default&#8220; global_colors_info=&#8220;{}&#8220;][et_pb_image src=&#8220;https:\/\/fachschaft-wiwi.ms\/wp-content\/uploads\/2025\/10\/Max-D.-Paola-scaled.jpg&#8220; title_text=&#8220;Max D. &#038; Paola&#8220; _builder_version=&#8220;4.27.2&#8243; _module_preset=&#8220;default&#8220; global_colors_info=&#8220;{}&#8220;][\/et_pb_image][\/et_pb_column][et_pb_column type=&#8220;1_4&#8243; _builder_version=&#8220;4.16&#8243; _module_preset=&#8220;default&#8220; global_colors_info=&#8220;{}&#8220;][et_pb_text _builder_version=&#8220;4.27.2&#8243; width=&#8220;100%&#8220; global_colors_info=&#8220;{}&#8220;]<\/p>\n<h2>Awareness- und Inklusionsposten<\/h2>\n<p>Max Deicke &amp; Paola Feldhues<\/p>\n<p data-start=\"133\" data-end=\"357\">Wir sind zust\u00e4ndig f\u00fcr die Themen Awareness und Inklusion in unserem Fachbereich und Eure Ansprechpartner*innen, wenn es Fragen, Anregungen oder Probleme gibt. Gemeinsam werden wir versuchen, L\u00f6sungen f\u00fcr Euch zu finden.<\/p>\n<p data-start=\"359\" data-end=\"416\">Schreibt uns gerne unter der folgenden Mailadresse!<\/p>\n<p><a href=\"mailto:fs.inklusion@fachschaft-wiwi.ms\">fs.inklusion@fachschaft-wiwi.ms<\/a><\/p>\n<p>[\/et_pb_text][\/et_pb_column][et_pb_column type=&#8220;1_4&#8243; _builder_version=&#8220;4.27.2&#8243; _module_preset=&#8220;default&#8220; global_colors_info=&#8220;{}&#8220;][\/et_pb_column][et_pb_column type=&#8220;1_4&#8243; _builder_version=&#8220;4.16&#8243; _module_preset=&#8220;default&#8220; global_colors_info=&#8220;{}&#8220;][et_pb_text _builder_version=&#8220;4.27.2&#8243; width=&#8220;100%&#8220; global_colors_info=&#8220;{}&#8220;]<\/p>\n<h2>International Student Service<\/h2>\n<p>Tim Thesing &amp; Stina Vullbrock<\/p>\n<p data-start=\"133\" data-end=\"357\">Wir sind zust\u00e4ndig f\u00fcr die Betreuung der internationalen Studierenden, besonders &#8222;incoming students&#8220;, an unserem Fachbereich. Bei Fragen, Anregungen und Problemen im Studium k\u00f6nnt ihr euch gerne an uns wenden.<\/p>\n<p data-start=\"133\" data-end=\"357\">Schreibt uns gerne an die folgende Mailadresse!<\/p>\n<p data-start=\"133\" data-end=\"357\"><a href=\"mailto:iss@fachschaft-wiwi.ms\">iss@fachschaft-wiwi.ms<\/a><\/p>\n<p data-start=\"133\" data-end=\"357\">\n<p>[\/et_pb_text][\/et_pb_column][\/et_pb_row][et_pb_row _builder_version=&#8220;4.19.5&#8243; global_colors_info=&#8220;{}&#8220;][et_pb_column type=&#8220;4_4&#8243; _builder_version=&#8220;4.19.5&#8243; _module_preset=&#8220;default&#8220; global_colors_info=&#8220;{}&#8220;][et_pb_text _builder_version=&#8220;4.27.2&#8243; _module_preset=&#8220;default&#8220; global_colors_info=&#8220;{}&#8220;]<\/p>\n<h2>Pr\u00fcfungsausschuss<\/h2>\n<p>Wir k\u00fcmmern uns um alle pr\u00fcfungsrechtlichen Angelegenheiten und Probleme. Wenn ihr Unterst\u00fctzung bei wichtigen Antr\u00e4gen an das PAM oder Fragen zu Drittversuchen habt, sind wir die richtigen Ansprechpersonen. Um eure Angelegenheiten vern\u00fcnftig und zu eurem Wohle zu bearbeiten, \u00a0stehen wir dabei in enger Zusammenarbeit mit Professor*innen und Mitarbeitenden des PAM.<\/p>\n<p>Schreibt uns unter der folgenden Mailadresse!<\/p>\n<p>Mail: <a href=\"mailto:pruefungsausschuss@fachschaft-wiwi.ms\">pruefungsausschuss@fachschaft-wiwi.ms<\/a><\/p>\n<p>[\/et_pb_text][\/et_pb_column][\/et_pb_row][\/et_pb_section]<\/p>\n","protected":false},"excerpt":{"rendered":"<p>Leitung Finn M\u00fcller Ich bin als Fachschaftsleitung f\u00fcr die Koordination der gesamten Fachschaftsarbeit zust\u00e4ndig. Zudem bin ich als Vertreter der Fachschaft nach au\u00dfen auch f\u00fcr eine enge Zusammenarbeit mit den Professor*innen, den Lehrst\u00fchlen und den Studierenden verantwortlich. Bei Fragen, Ideen oder Anregungen stehe ich euch als Ansprechpartner auch gerne unter folgender Mail zur Verf\u00fcgung! fs.leitung@wiwi.uni-muenster.deStellvertretende [&hellip;]<\/p>\n","protected":false},"author":1,"featured_media":25350,"parent":3928,"menu_order":0,"comment_status":"closed","ping_status":"closed","template":"","meta":{"_et_pb_use_builder":"on","_et_pb_old_content":"","_et_gb_content_width":"","footnotes":""},"class_list":["post-25347","page","type-page","status-publish","has-post-thumbnail","hentry"],"_links":{"self":[{"href":"https:\/\/fachschaft-wiwi.ms\/en\/wp-json\/wp\/v2\/pages\/25347","targetHints":{"allow":["GET"]}}],"collection":[{"href":"https:\/\/fachschaft-wiwi.ms\/en\/wp-json\/wp\/v2\/pages"}],"about":[{"href":"https:\/\/fachschaft-wiwi.ms\/en\/wp-json\/wp\/v2\/types\/page"}],"author":[{"embeddable":true,"href":"https:\/\/fachschaft-wiwi.ms\/en\/wp-json\/wp\/v2\/users\/1"}],"replies":[{"embeddable":true,"href":"https:\/\/fachschaft-wiwi.ms\/en\/wp-json\/wp\/v2\/comments?post=25347"}],"version-history":[{"count":121,"href":"https:\/\/fachschaft-wiwi.ms\/en\/wp-json\/wp\/v2\/pages\/25347\/revisions"}],"predecessor-version":[{"id":29900,"href":"https:\/\/fachschaft-wiwi.ms\/en\/wp-json\/wp\/v2\/pages\/25347\/revisions\/29900"}],"up":[{"embeddable":true,"href":"https:\/\/fachschaft-wiwi.ms\/en\/wp-json\/wp\/v2\/pages\/3928"}],"wp:featuredmedia":[{"embeddable":true,"href":"https:\/\/fachschaft-wiwi.ms\/en\/wp-json\/wp\/v2\/media\/25350"}],"wp:attachment":[{"href":"https:\/\/fachschaft-wiwi.ms\/en\/wp-json\/wp\/v2\/media?parent=25347"}],"curies":[{"name":"wp","href":"https:\/\/api.w.org\/{rel}","templated":true}]}}